{"id":4131,"date":"2021-04-15T13:01:50","date_gmt":"2021-04-15T16:01:50","guid":{"rendered":"https:\/\/www.mjvinnovation.com\/?page_id=4131"},"modified":"2023-10-11T10:52:16","modified_gmt":"2023-10-11T13:52:16","slug":"contato","status":"publish","type":"page","link":"https:\/\/www.mjvinnovation.com\/pt-br\/contato\/","title":{"rendered":"Contato"},"content":{"rendered":"\n\t\t\t\t\t<section class=\"mjv-banner banner-secondary\" style=\"background:linear-gradient(270deg, #56dce3, #4260ad);\">\n\t\t\t\n\t\t<div class=\"mjv-banner-container\">\n\t\t<h1 class=\"mjv-banner-title\">Sua jornada come\u00e7a aqui<\/h1>\n\t\t<div class=\"mjv-banner-subtitle\"><p>Entre em contato agora mesmo com um de nossos consultores.<\/p>\n<\/div>\n\t<\/div>\n<\/section>\n\n\r\n<div id=\"get-in-touch\">\r\n    <h2 class=\"mjv-section-title\">Como podemos ajudar?<\/h2>\r\n    <div class=\"git-content\">\r\n        <div class=\"git-form\" id=\"contact-us\">\r\n            <h3>Fale Conosco<\/h3>\r\n\r\n            <!-- Fora de uso por conta da politica de CSP -->\r\n            <!-- echo the_field('formulario_hubspot'); -->\r\n\r\n            <!--[if lte IE 8]>\r\n                <script charset=\"utf-8\" type=\"text\/javascript\" src=\"https:\/\/js.hsforms.net\/forms\/v2-legacy.js\"><\/script>\r\n            <![endif]-->\r\n            <script src=\"https:\/\/js.hsforms.net\/forms\/v2.js\" nonce=\"addgHEEG2L7d6AEKvpdAbAAAAA4\"><\/script>\r\n\r\n                           <script nonce=\"addgHEEG2L7d6AEKvpdAbAAAAA4\">\r\n                    hbspt.forms.create({\r\n                        portalId: \"455690\",\r\n                        formId: \"d0b26469-1b43-414a-8fe7-656d45be85d4\", \r\n                    });\r\n                <\/script>\r\n                    <\/div>\r\n    <\/div>\r\n<\/div>\r\n\n\n<section class=\"mjv-section-container\">\n    <div class=\"mjv-section-content\">\n        <h2 class=\"mjv-section-title\">Nossos escrit\u00f3rios<\/h2>\n        <section class=\"mjv-complete-offices\">\n            <ul class=\"offices-items\">\n                                    <li class=\"offices-item\">\n                                                    <h3 class=\"offices-name\">Atlanta<\/h3>\n                                                                            <small class=\"offices-andress\">1201 Peachtree St NE Bldg 400, Suite 342 &#8211; 30361 <\/small>\n                                                <h4 class=\"offices-title\">New Business Inquiries:<\/h4>\n                                                    <a href=\"mailto:atl@mjvinnovation.com\" class=\"offices-email\" rel=\"noopener noreferrer\">atl@mjvinnovation.com<\/a>\n                                                <h5 class=\"offices-title\">Human Resources:<\/h5>\n                                                    <a href=\"mailto:recruitmentusa@mjvinnovation.com\" class=\"offices-email\" rel=\"noopener noreferrer\">recruitmentusa@mjvinnovation.com<\/a>\n                                            <\/li>\n                                    <li class=\"offices-item\">\n                                                    <h3 class=\"offices-name\">London<\/h3>\n                                                                            <small class=\"offices-andress\">114-118 Lower Marsh SE1 7AE<\/small>\n                                                <h4 class=\"offices-title\">New Business Inquiries:<\/h4>\n                                                    <a href=\"mailto:ldn@mjvinnovation.com\" class=\"offices-email\" rel=\"noopener noreferrer\">ldn@mjvinnovation.com<\/a>\n                                                <h5 class=\"offices-title\">Human Resources:<\/h5>\n                                                    <a href=\"mailto:HRInternational@mjvinnovation.com\" class=\"offices-email\" rel=\"noopener noreferrer\">HRInternational@mjvinnovation.com<\/a>\n                                            <\/li>\n                                    <li class=\"offices-item\">\n                                                    <h3 class=\"offices-name\">Paris<\/h3>\n                                                                            <small class=\"offices-andress\">78 Rue Compans 75019<\/small>\n                                                <h4 class=\"offices-title\">New Business Inquiries:<\/h4>\n                                                    <a href=\"mailto:par@mjvinnovation.com\" class=\"offices-email\" rel=\"noopener noreferrer\">par@mjvinnovation.com<\/a>\n                                                <h5 class=\"offices-title\">Human Resources:<\/h5>\n                                                    <a href=\"mailto:HRInternational@mjvinnovation.com\" class=\"offices-email\" rel=\"noopener noreferrer\">HRInternational@mjvinnovation.com<\/a>\n                                            <\/li>\n                                    <li class=\"offices-item\">\n                                                    <h3 class=\"offices-name\">Lisboa<\/h3>\n                                                                            <small class=\"offices-andress\">Av. 24 de Julho 49, 1o andar | Contato: +351 914415500 (Chamada para rede m\u00f3vel nacional)<\/small>\n                                                <h4 class=\"offices-title\">New Business Inquiries:<\/h4>\n                                                    <a href=\"mailto:lis@mjvinnovation.com\" class=\"offices-email\" rel=\"noopener noreferrer\">lis@mjvinnovation.com<\/a>\n                                                <h5 class=\"offices-title\">Human Resources:<\/h5>\n                                                    <a href=\"mailto:HRInternational@mjvinnovation.com\" class=\"offices-email\" rel=\"noopener noreferrer\">HRInternational@mjvinnovation.com<\/a>\n                                            <\/li>\n                                    <li class=\"offices-item\">\n                                                    <h3 class=\"offices-name\">Rome<\/h3>\n                                                                            <small class=\"offices-andress\">Via Luciano Manara, 47<\/small>\n                                                <h4 class=\"offices-title\">New Business Inquiries:<\/h4>\n                                                    <a href=\"mailto:rom@mjvinnovation.com\" class=\"offices-email\" rel=\"noopener noreferrer\">rom@mjvinnovation.com<\/a>\n                                                <h5 class=\"offices-title\">Human Resources:<\/h5>\n                                                    <a href=\"mailto:HRInternational@mjvinnovation.com\" class=\"offices-email\" rel=\"noopener noreferrer\">HRInternational@mjvinnovation.com<\/a>\n                                            <\/li>\n                                    <li class=\"offices-item\">\n                                                    <h3 class=\"offices-name\">Bogot\u00e1<\/h3>\n                                                                            <small class=\"offices-andress\">Carrera 28 BIS, 53 a 29 0215<\/small>\n                                                <h4 class=\"offices-title\">New Business Inquiries:<\/h4>\n                                                    <a href=\"mailto:bgt@mjvinnovation.com\" class=\"offices-email\" rel=\"noopener noreferrer\">bgt@mjvinnovation.com<\/a>\n                                                <h5 class=\"offices-title\">Human Resources:<\/h5>\n                                                    <a href=\"mailto:HRInternational@mjvinnovation.com\" class=\"offices-email\" rel=\"noopener noreferrer\">HRInternational@mjvinnovation.com<\/a>\n                                            <\/li>\n                                    <li class=\"offices-item\">\n                                                    <h3 class=\"offices-name\">S\u00e3o Paulo<\/h3>\n                                                                            <small class=\"offices-andress\">Rua Helena, 235 1\u00ba andar<\/small>\n                                                <h4 class=\"offices-title\">New Business Inquiries:<\/h4>\n                                                    <a href=\"mailto:spo@mjvinnovation.com\" class=\"offices-email\" rel=\"noopener noreferrer\">spo@mjvinnovation.com<\/a>\n                                                <h5 class=\"offices-title\">Human Resources:<\/h5>\n                                                    <a href=\"mailto:rhsp@mjv.com.br\" class=\"offices-email\" rel=\"noopener noreferrer\">rhsp@mjv.com.br<\/a>\n                                            <\/li>\n                                    <li class=\"offices-item\">\n                                                    <h3 class=\"offices-name\">SP Alphaville<\/h3>\n                                                                            <small class=\"offices-andress\">Av. Sagitario1 138 Conj 2205B<\/small>\n                                                <h4 class=\"offices-title\">New Business Inquiries:<\/h4>\n                                                    <a href=\"mailto:alp@mjvinnovation.com\" class=\"offices-email\" rel=\"noopener noreferrer\">alp@mjvinnovation.com<\/a>\n                                                <h5 class=\"offices-title\">Human Resources:<\/h5>\n                                                    <a href=\"mailto:rhsp@mjv.com.br\" class=\"offices-email\" rel=\"noopener noreferrer\">rhsp@mjv.com.br<\/a>\n                                            <\/li>\n                                    <li class=\"offices-item\">\n                                                    <h3 class=\"offices-name\">Inovabra habitat<\/h3>\n                                                                            <small class=\"offices-andress\">R. da Consola\u00e7\u00e3o, 2302 &#8211; Consola\u00e7\u00e3o, S\u00e3o Paulo &#8211; SP, 01301-000<\/small>\n                                                <h4 class=\"offices-title\">New Business Inquiries:<\/h4>\n                                                    <a href=\"mailto:spo@mjvinnovation.com\" class=\"offices-email\" rel=\"noopener noreferrer\">spo@mjvinnovation.com<\/a>\n                                                <h5 class=\"offices-title\">Human Resources:<\/h5>\n                                                    <a href=\"mailto:rhsp@mjv.com.br\" class=\"offices-email\" rel=\"noopener noreferrer\">rhsp@mjv.com.br<\/a>\n                                            <\/li>\n                                    <li class=\"offices-item\">\n                                                    <h3 class=\"offices-name\">Rio de Janeiro<\/h3>\n                                                                            <small class=\"offices-andress\">Av. Marechal C\u00e2mara, 160 5\u00ba andar<\/small>\n                                                <h4 class=\"offices-title\">New Business Inquiries:<\/h4>\n                                                    <a href=\"mailto:rio@mjvinnovation.com\" class=\"offices-email\" rel=\"noopener noreferrer\">rio@mjvinnovation.com<\/a>\n                                                <h5 class=\"offices-title\">Human Resources:<\/h5>\n                                                    <a href=\"mailto:rhrj@mjv.com.br\" class=\"offices-email\" rel=\"noopener noreferrer\">rhrj@mjv.com.br<\/a>\n                                            <\/li>\n                                    <li class=\"offices-item\">\n                                                    <h3 class=\"offices-name\">Curitiba<\/h3>\n                                                                            <small class=\"offices-andress\">Av. do Batel, 1550 9\u00ba andar<\/small>\n                                                <h4 class=\"offices-title\">New Business Inquiries:<\/h4>\n                                                    <a href=\"mailto:cwb@mjvinnovation.com\" class=\"offices-email\" rel=\"noopener noreferrer\">cwb@mjvinnovation.com<\/a>\n                                                <h5 class=\"offices-title\">Human Resources:<\/h5>\n                                                    <a href=\"mailto:rhcuritiba@mjv.com.br\" class=\"offices-email\" rel=\"noopener noreferrer\">rhcuritiba@mjv.com.br<\/a>\n                                            <\/li>\n                            <\/ul>\n        <\/section>\n    <\/div>\n<\/section>\n\n\n","protected":false},"excerpt":{"rendered":"","protected":false},"author":6,"featured_media":0,"parent":0,"menu_order":0,"comment_status":"closed","ping_status":"closed","template":"","meta":{"_acf_changed":false,"footnotes":""},"class_list":["post-4131","page","type-page","status-publish","hentry"],"acf":[],"yoast_head":"<!-- This site is optimized with the Yoast SEO plugin v26.0 - https:\/\/yoast.com\/wordpress\/plugins\/seo\/ -->\n<title>Contato - MJV Technology &amp; Innovation<\/title>\n<meta name=\"description\" content=\"Quer fazer neg\u00f3cio com a maior empresa de inova\u00e7\u00e3o brasileira? Gostaria de trabalhar conosco? Fique \u00e0 vontade para falar conosco!\" \/>\n<meta name=\"robots\" content=\"index, follow, max-snippet:-1, max-image-preview:large, max-video-preview:-1\" \/>\n<link rel=\"canonical\" href=\"https:\/\/www.mjvinnovation.com\/pt-br\/contato\/\" \/>\n<meta property=\"og:locale\" content=\"pt_BR\" \/>\n<meta property=\"og:type\" content=\"article\" \/>\n<meta property=\"og:title\" content=\"Contato - MJV Technology &amp; Innovation\" \/>\n<meta property=\"og:description\" content=\"Quer fazer neg\u00f3cio com a maior empresa de inova\u00e7\u00e3o brasileira? Gostaria de trabalhar conosco? Fique \u00e0 vontade para falar conosco!\" \/>\n<meta property=\"og:url\" content=\"https:\/\/www.mjvinnovation.com\/pt-br\/contato\/\" \/>\n<meta property=\"og:site_name\" content=\"MJV Technology &amp; Innovation\" \/>\n<meta property=\"article:publisher\" content=\"https:\/\/www.facebook.com\/mjvinnovation\/\" \/>\n<meta property=\"article:modified_time\" content=\"2023-10-11T13:52:16+00:00\" \/>\n<meta name=\"twitter:card\" content=\"summary_large_image\" \/>\n<meta name=\"twitter:site\" content=\"@MJVinnovation\" \/>\n<script type=\"application\/ld+json\" class=\"yoast-schema-graph\">{\"@context\":\"https:\/\/schema.org\",\"@graph\":[{\"@type\":\"WebPage\",\"@id\":\"https:\/\/www.mjvinnovation.com\/pt-br\/contato\/\",\"url\":\"https:\/\/www.mjvinnovation.com\/pt-br\/contato\/\",\"name\":\"Contato - MJV Technology &amp; Innovation\",\"isPartOf\":{\"@id\":\"https:\/\/www.mjvinnovation.com\/pt-br\/#website\"},\"datePublished\":\"2021-04-15T16:01:50+00:00\",\"dateModified\":\"2023-10-11T13:52:16+00:00\",\"description\":\"Quer fazer neg\u00f3cio com a maior empresa de inova\u00e7\u00e3o brasileira? Gostaria de trabalhar conosco? Fique \u00e0 vontade para falar conosco!\",\"breadcrumb\":{\"@id\":\"https:\/\/www.mjvinnovation.com\/pt-br\/contato\/#breadcrumb\"},\"inLanguage\":\"pt-BR\",\"potentialAction\":[{\"@type\":\"ReadAction\",\"target\":[\"https:\/\/www.mjvinnovation.com\/pt-br\/contato\/\"]}]},{\"@type\":\"BreadcrumbList\",\"@id\":\"https:\/\/www.mjvinnovation.com\/pt-br\/contato\/#breadcrumb\",\"itemListElement\":[{\"@type\":\"ListItem\",\"position\":1,\"name\":\"Home\",\"item\":\"https:\/\/www.mjvinnovation.com\/pt-br\/\"},{\"@type\":\"ListItem\",\"position\":2,\"name\":\"Contato\"}]},{\"@type\":\"WebSite\",\"@id\":\"https:\/\/www.mjvinnovation.com\/pt-br\/#website\",\"url\":\"https:\/\/www.mjvinnovation.com\/pt-br\/\",\"name\":\"MJV Technology &amp; Innovation\",\"description\":\"We are people transforming business\",\"publisher\":{\"@id\":\"https:\/\/www.mjvinnovation.com\/pt-br\/#organization\"},\"potentialAction\":[{\"@type\":\"SearchAction\",\"target\":{\"@type\":\"EntryPoint\",\"urlTemplate\":\"https:\/\/www.mjvinnovation.com\/pt-br\/?s={search_term_string}\"},\"query-input\":{\"@type\":\"PropertyValueSpecification\",\"valueRequired\":true,\"valueName\":\"search_term_string\"}}],\"inLanguage\":\"pt-BR\"},{\"@type\":\"Organization\",\"@id\":\"https:\/\/www.mjvinnovation.com\/pt-br\/#organization\",\"name\":\"MJV Technology and Innovation\",\"url\":\"https:\/\/www.mjvinnovation.com\/pt-br\/\",\"logo\":{\"@type\":\"ImageObject\",\"inLanguage\":\"pt-BR\",\"@id\":\"https:\/\/www.mjvinnovation.com\/pt-br\/#\/schema\/logo\/image\/\",\"url\":\"https:\/\/www.mjvinnovation.com\/wp-content\/uploads\/2021\/07\/logo_mjv_favicon.png\",\"contentUrl\":\"https:\/\/www.mjvinnovation.com\/wp-content\/uploads\/2021\/07\/logo_mjv_favicon.png\",\"width\":128,\"height\":128,\"caption\":\"MJV Technology and Innovation\"},\"image\":{\"@id\":\"https:\/\/www.mjvinnovation.com\/pt-br\/#\/schema\/logo\/image\/\"},\"sameAs\":[\"https:\/\/www.facebook.com\/mjvinnovation\/\",\"https:\/\/x.com\/MJVinnovation\",\"https:\/\/www.instagram.com\/mjvinnovation\/\",\"https:\/\/www.linkedin.com\/company\/mjv-tech-and-innovation\",\"https:\/\/www.youtube.com\/channel\/UCUlTs06JlXwUd09Jzg9kqDA\"]}]}<\/script>\n<!-- \/ Yoast SEO plugin. -->","yoast_head_json":{"title":"Contato - MJV Technology &amp; Innovation","description":"Quer fazer neg\u00f3cio com a maior empresa de inova\u00e7\u00e3o brasileira? Gostaria de trabalhar conosco? Fique \u00e0 vontade para falar conosco!","robots":{"index":"index","follow":"follow","max-snippet":"max-snippet:-1","max-image-preview":"max-image-preview:large","max-video-preview":"max-video-preview:-1"},"canonical":"https:\/\/www.mjvinnovation.com\/pt-br\/contato\/","og_locale":"pt_BR","og_type":"article","og_title":"Contato - MJV Technology &amp; Innovation","og_description":"Quer fazer neg\u00f3cio com a maior empresa de inova\u00e7\u00e3o brasileira? Gostaria de trabalhar conosco? Fique \u00e0 vontade para falar conosco!","og_url":"https:\/\/www.mjvinnovation.com\/pt-br\/contato\/","og_site_name":"MJV Technology &amp; Innovation","article_publisher":"https:\/\/www.facebook.com\/mjvinnovation\/","article_modified_time":"2023-10-11T13:52:16+00:00","twitter_card":"summary_large_image","twitter_site":"@MJVinnovation","schema":{"@context":"https:\/\/schema.org","@graph":[{"@type":"WebPage","@id":"https:\/\/www.mjvinnovation.com\/pt-br\/contato\/","url":"https:\/\/www.mjvinnovation.com\/pt-br\/contato\/","name":"Contato - MJV Technology &amp; Innovation","isPartOf":{"@id":"https:\/\/www.mjvinnovation.com\/pt-br\/#website"},"datePublished":"2021-04-15T16:01:50+00:00","dateModified":"2023-10-11T13:52:16+00:00","description":"Quer fazer neg\u00f3cio com a maior empresa de inova\u00e7\u00e3o brasileira? Gostaria de trabalhar conosco? Fique \u00e0 vontade para falar conosco!","breadcrumb":{"@id":"https:\/\/www.mjvinnovation.com\/pt-br\/contato\/#breadcrumb"},"inLanguage":"pt-BR","potentialAction":[{"@type":"ReadAction","target":["https:\/\/www.mjvinnovation.com\/pt-br\/contato\/"]}]},{"@type":"BreadcrumbList","@id":"https:\/\/www.mjvinnovation.com\/pt-br\/contato\/#breadcrumb","itemListElement":[{"@type":"ListItem","position":1,"name":"Home","item":"https:\/\/www.mjvinnovation.com\/pt-br\/"},{"@type":"ListItem","position":2,"name":"Contato"}]},{"@type":"WebSite","@id":"https:\/\/www.mjvinnovation.com\/pt-br\/#website","url":"https:\/\/www.mjvinnovation.com\/pt-br\/","name":"MJV Technology &amp; Innovation","description":"We are people transforming business","publisher":{"@id":"https:\/\/www.mjvinnovation.com\/pt-br\/#organization"},"potentialAction":[{"@type":"SearchAction","target":{"@type":"EntryPoint","urlTemplate":"https:\/\/www.mjvinnovation.com\/pt-br\/?s={search_term_string}"},"query-input":{"@type":"PropertyValueSpecification","valueRequired":true,"valueName":"search_term_string"}}],"inLanguage":"pt-BR"},{"@type":"Organization","@id":"https:\/\/www.mjvinnovation.com\/pt-br\/#organization","name":"MJV Technology and Innovation","url":"https:\/\/www.mjvinnovation.com\/pt-br\/","logo":{"@type":"ImageObject","inLanguage":"pt-BR","@id":"https:\/\/www.mjvinnovation.com\/pt-br\/#\/schema\/logo\/image\/","url":"https:\/\/www.mjvinnovation.com\/wp-content\/uploads\/2021\/07\/logo_mjv_favicon.png","contentUrl":"https:\/\/www.mjvinnovation.com\/wp-content\/uploads\/2021\/07\/logo_mjv_favicon.png","width":128,"height":128,"caption":"MJV Technology and Innovation"},"image":{"@id":"https:\/\/www.mjvinnovation.com\/pt-br\/#\/schema\/logo\/image\/"},"sameAs":["https:\/\/www.facebook.com\/mjvinnovation\/","https:\/\/x.com\/MJVinnovation","https:\/\/www.instagram.com\/mjvinnovation\/","https:\/\/www.linkedin.com\/company\/mjv-tech-and-innovation","https:\/\/www.youtube.com\/channel\/UCUlTs06JlXwUd09Jzg9kqDA"]}]}},"_links":{"self":[{"href":"https:\/\/www.mjvinnovation.com\/pt-br\/wp-json\/wp\/v2\/pages\/4131","targetHints":{"allow":["GET"]}}],"collection":[{"href":"https:\/\/www.mjvinnovation.com\/pt-br\/wp-json\/wp\/v2\/pages"}],"about":[{"href":"https:\/\/www.mjvinnovation.com\/pt-br\/wp-json\/wp\/v2\/types\/page"}],"author":[{"embeddable":true,"href":"https:\/\/www.mjvinnovation.com\/pt-br\/wp-json\/wp\/v2\/users\/6"}],"replies":[{"embeddable":true,"href":"https:\/\/www.mjvinnovation.com\/pt-br\/wp-json\/wp\/v2\/comments?post=4131"}],"version-history":[{"count":28,"href":"https:\/\/www.mjvinnovation.com\/pt-br\/wp-json\/wp\/v2\/pages\/4131\/revisions"}],"predecessor-version":[{"id":40241,"href":"https:\/\/www.mjvinnovation.com\/pt-br\/wp-json\/wp\/v2\/pages\/4131\/revisions\/40241"}],"wp:attachment":[{"href":"https:\/\/www.mjvinnovation.com\/pt-br\/wp-json\/wp\/v2\/media?parent=4131"}],"curies":[{"name":"wp","href":"https:\/\/api.w.org\/{rel}","templated":true}]}}