{"id":4104,"date":"2021-04-15T12:43:23","date_gmt":"2021-04-15T15:43:23","guid":{"rendered":"https:\/\/www.mjvinnovation.com\/?page_id=4104"},"modified":"2023-03-08T08:28:11","modified_gmt":"2023-03-08T11:28:11","slug":"biblioteca","status":"publish","type":"page","link":"https:\/\/www.mjvinnovation.com\/pt-br\/biblioteca\/","title":{"rendered":"Biblioteca"},"content":{"rendered":"\n\t\t\t\t\t<section class=\"mjv-banner banner-secondary\" style=\"background:linear-gradient(270deg, #60489D, #4260ad);\">\n\t\t\t\n\t\t<div class=\"mjv-banner-container\">\n\t\t<h1 class=\"mjv-banner-title\">Da MJV para voc\u00ea<\/h1>\n\t\t<div class=\"mjv-banner-subtitle\"><p>Nossa cole\u00e7\u00e3o de materiais gratuitos para inovar em neg\u00f3cios<\/p>\n<\/div>\n\t<\/div>\n<\/section>\n\n<section class=\"mjv-section-container comum-section-image\">\n    <div class=\"mjv-section-content\">\n        <div class=\"mjv-comum-container\">\n\n                <div class=\"mjv-item-image\">\n                                        <figure class=\"mjv-comum-image\">\n                        <img decoding=\"async\" data-src=\"https:\/\/www.mjvinnovation.com\/wp-content\/uploads\/2020\/12\/livro_design_thinking_eng.png\" alt=\"\" class=\"embed-responsive lazyload\" src=\"data:image\/svg+xml;base64,PHN2ZyB3aWR0aD0iMSIgaGVpZ2h0PSIxIiB4bWxucz0iaHR0cDovL3d3dy53My5vcmcvMjAwMC9zdmciPjwvc3ZnPg==\" style=\"--smush-placeholder-width: 1880px; --smush-placeholder-aspect-ratio: 1880\/1116;\">\n                    <\/figure>\n                                    <\/div>\n                <div class=\"mjv-item-content\">\n                                            <h2 class=\"mjv-section-title\">Design Thinking &#8211; Inova\u00e7\u00e3o em Neg\u00f3cios<\/h2>\n                    \n                    \n                                        <div class=\"mjv-comum-paragraph\"><div class=\"mjv-caseHighlight-container\">\n<div class=\"mjv-caseHighlight-content\">\n<div class=\"mjv-caseHighlight-description\">\n<div class=\"mjv-caseHighlight-text\">Este livro apresenta etapas, t\u00e9cnicas e ferramentas, ilustradas atrav\u00e9s de cases genuinamente brasileiros, para inspirar e auxiliar na empreitada rumo \u00e0 inova\u00e7\u00e3o.<\/div>\n<\/div>\n<\/div>\n<\/div>\n<\/div>\n                    \n                                        <div class=\"mjv-cta-container\">\n                        <a href=\"https:\/\/www.livrodesignthinking.com.br\/?__hstc=185709558.77e2525038f250ab857857ee5949b096.1627927744472.1633359567407.1633437100988.104&#038;__hssc=185709558.8.1633437100988&#038;__hsfp=936313294\" target=\"_blank\" class=\"mjv-section-btn purple\" rel=\"noopener noreferrer\">Saiba Mais<span><\/span><\/a>\n                    <\/div>\n                    \n                <\/div>\n\n        <\/div>\n    <\/div>\n<\/section>\n\n\n\n<div id=\"mjv-thumbnailResources-container\" class=\"mjv-thumbnail-container\">\n    <main class=\"mjv-thumbnail-Resources\">\n        <h2 class=\"mjv-section-title\">Veja nossos \u00faltimos lan\u00e7amentos<\/h2>\n        <div id=\"mjv-searchPage-resources\" class=\"mjv-searchPage-content\">\n            <div id=\"resources-input-container\" class=\"mjv-search-container-input\"><\/div>\n            <div class=\"mjv-search-filters\">\n                <div id=\"categories-x\" class=\"mjv-filter\"><\/div>\n                <div id=\"categories-z\" class=\"mjv-filter\"><\/div>\n            <\/div>\n        <\/div>\n        <div class=\"mjv-thumbResources-container\">\n            <div class=\"mjv-thumbnail-content\">\n                <div id=\"hits-z\" class=\"mjv-thumbnail-items\">\n                    <script type=\"texts\/html\" id=\"hit-template-z\">\n                        <div class=\"mjv-thumbnail-item\">\n                            <a href=\"{{resources_url}}\" class=\"mjv-thumbnail-link\">\n                                <div class=\"mjv-thumbnail-image\" style=\"background-image: url('{{images.full.url}}');\"><\/div>\n                                <div class=\"mjv-infoRevise\">\n                                    \/\n                                    {{taxonomies.resourceformat}}\n                                <\/div>\n                                <div class=\"mjv-thumbnail-info\">\n                                    <h2 class=\"mjv-titleRevise\">{{post_title}}<\/h2>\n                                    <a href=\"{{resources_url}}\" class=\"mjv-btn mjv-btn-clean\">{{resources_url_title}}<i class=\"mjv-icon-seta\"><\/i><\/a>\n                                <\/div>\n                            <\/a>\n                        <\/div>\n                    <\/script>\n                <\/div>\n            <\/div>\n        <\/div>\n    <\/main>\n<\/div>\n\n<script>\n\nfunction instantResources() {\n\n    var resources = instantsearch({\n        searchClient: algoliasearch('BIO2A81EYZ', '06e9a81339c2afad3cdc02f55b6870a7'),\n        indexName: 'wp_posts_resources',\n        urlSync: true\n    });\n\n    resources.addWidgets([\n        instantsearch.widgets.configure({\n        filters: 'wpml.locale:\"' + current_locale + '\"', \/\/ This is the line we added.\n        hitsPerPage: 6\n        }),\n    ]); \n    resources.addWidget(\n        instantsearch.widgets.searchBox({\n            container: '#resources-input-container',\n            placeholder: placeHolder.mjv_placeholder_string ,\n        })\n    );\n    resources.addWidget(\n        instantsearch.widgets.hits({\n            container: '#hits-z',\n            templates: {\n                item: document.getElementById('hit-template-z').innerHTML,\n                empty: \"<div class='alert alert-warning alert-dismissible fade show' role='alert'>No results for <strong>\\\"{{query}}\\\"<\/strong><button type='button' class='close' data-dismiss='alert' aria-label='Close'><span aria-hidden='true'>&times;<\/span><\/button>\",\n            }\n        })\n    );\n    resources.addWidget(\n        instantsearch.widgets.infiniteHits({\n            container: '#hits-z',\n            templates: {\n                item: '<div class=\"mjv-thumbnail-item\"><a href=\"{{resources_url}}\" class=\"mjv-thumbnail-link img-group\"><img decoding=\"async\" class=\"mjv-thumbnail-image\" src=\"{{images.full.url}}\"\/><div class=\"mjv-infoRevise\">\/{{taxonomies.resourceformat}}<\/div><div class=\"mjv-thumbnail-info\"><h2 class=\"mjv-titleRevise\">{{post_title}}<\/h2><a href=\"{{resources_url}}\" class=\"mjv-btn mjv-btn-clean\">{{resources_url_title}}<i class=\"mjv-icon-seta\"><\/i><\/a><\/div><\/a><\/div>',\n                empty: \"<div class='alert alert-warning alert-dismissible fade show' role='alert'>No results for <strong>\\\"{{query}}\\\"<\/strong><button type='button' class='close' data-dismiss='alert' aria-label='Close'><span aria-hidden='true'>&times;<\/span><\/button>\",\n                showMoreText(data, { html }) {\n                    return html`<span>${loadMore.mjv_string}<\/span>`;\n                },\n            },\n            escapeHits: true,\n            cssClasses: {\n                item:'ais-hits--item',\n                root:'ais-hits',\n                loadMore: 'mjv-btn mjv-btn-small mjv-btn-purple' \/* N\u00e3o funciona pelo algolia, por isso \u00e9 preciso declarar direto no css pela tag BUTTON*\/\n            }\n        })\n    );\n    resources.addWidget(\n        instantsearch.widgets.menuSelect({\n            container: '#categories-z',\n            attribute: 'taxonomies.resource',\n            limit: 10,\n            templates: {\n                seeAllOption: menuSelect.mjv_menuSelect_string,\n            },\n\n            \/* SE PRECISAR CRIAR CLASSE PARA O SELECT USA ISSO AQUI! *\/\n\n            cssClasses: {\n                root: 'classe-a',\n                header: 'classe-b',\n                select: 'classe-c',\n                option:'classe-d',\n                footer:'classe-e'\n            }\n        })\n    );\n    resources.addWidget(\n        instantsearch.widgets.menuSelect({\n            container: '#categories-x',\n            attribute: 'taxonomies.resourceformat',\n            limit: 10,\n            separator: '|',\n            templates: {\n                seeAllOption: menuSelect.mjv_menuSelect_string,\n            },\n\n            \/* SE PRECISAR CRIAR CLASSE PARA O SELECT USA ISSO AQUI! *\/\n\n            cssClasses: {\n                root: 'classe-a',\n                header: 'classe-b',\n                select: 'classe-c',\n                option:'classe-d',\n                footer:'classe-e'\n            }\n        })\n    );\n\n    resources.start();\n\n}\ninstantResources();\n\n<\/script>","protected":false},"excerpt":{"rendered":"","protected":false},"author":6,"featured_media":0,"parent":0,"menu_order":0,"comment_status":"closed","ping_status":"closed","template":"","meta":{"_acf_changed":false,"footnotes":""},"class_list":["post-4104","page","type-page","status-publish","hentry"],"acf":[],"yoast_head":"<!-- This site is optimized with the Yoast SEO plugin v26.0 - https:\/\/yoast.com\/wordpress\/plugins\/seo\/ -->\n<title>Biblioteca - MJV Technology &amp; Innovation<\/title>\n<meta name=\"description\" content=\"Confira nossa biblioteca completa com materias sobre inova\u00e7\u00e3o: design thinking, metodologias \u00e1geis, business intelligence, gamifica\u00e7\u00e3o e mais.\" \/>\n<meta name=\"robots\" content=\"index, follow, max-snippet:-1, max-image-preview:large, max-video-preview:-1\" \/>\n<link rel=\"canonical\" href=\"https:\/\/www.mjvinnovation.com\/pt-br\/biblioteca\/\" \/>\n<meta property=\"og:locale\" content=\"pt_BR\" \/>\n<meta property=\"og:type\" content=\"article\" \/>\n<meta property=\"og:title\" content=\"Biblioteca - MJV Technology &amp; Innovation\" \/>\n<meta property=\"og:description\" content=\"Confira nossa biblioteca completa com materias sobre inova\u00e7\u00e3o: design thinking, metodologias \u00e1geis, business intelligence, gamifica\u00e7\u00e3o e mais.\" \/>\n<meta property=\"og:url\" content=\"https:\/\/www.mjvinnovation.com\/pt-br\/biblioteca\/\" \/>\n<meta property=\"og:site_name\" content=\"MJV Technology &amp; Innovation\" \/>\n<meta property=\"article:publisher\" content=\"https:\/\/www.facebook.com\/mjvinnovation\/\" \/>\n<meta property=\"article:modified_time\" content=\"2023-03-08T11:28:11+00:00\" \/>\n<meta property=\"og:image\" content=\"https:\/\/www.mjvinnovation.com\/wp-content\/uploads\/2021\/07\/thumb-mjv-social.jpeg\" \/>\n\t<meta property=\"og:image:width\" content=\"1200\" \/>\n\t<meta property=\"og:image:height\" content=\"630\" \/>\n\t<meta property=\"og:image:type\" content=\"image\/jpeg\" \/>\n<meta name=\"twitter:card\" content=\"summary_large_image\" \/>\n<meta name=\"twitter:title\" content=\"Biblioteca - MJV Technology &amp; Innovation\" \/>\n<meta name=\"twitter:description\" content=\"Confira nossa biblioteca completa com materias sobre inova\u00e7\u00e3o: design thinking, metodologias \u00e1geis, business intelligence, gamifica\u00e7\u00e3o e mais.\" \/>\n<meta name=\"twitter:image\" content=\"https:\/\/www.mjvinnovation.com\/wp-content\/uploads\/2021\/07\/thumb-mjv-social.jpeg\" \/>\n<meta name=\"twitter:site\" content=\"@MJVinnovation\" \/>\n<script type=\"application\/ld+json\" class=\"yoast-schema-graph\">{\"@context\":\"https:\/\/schema.org\",\"@graph\":[{\"@type\":\"WebPage\",\"@id\":\"https:\/\/www.mjvinnovation.com\/pt-br\/biblioteca\/\",\"url\":\"https:\/\/www.mjvinnovation.com\/pt-br\/biblioteca\/\",\"name\":\"Biblioteca - MJV Technology &amp; Innovation\",\"isPartOf\":{\"@id\":\"https:\/\/www.mjvinnovation.com\/pt-br\/#website\"},\"datePublished\":\"2021-04-15T15:43:23+00:00\",\"dateModified\":\"2023-03-08T11:28:11+00:00\",\"description\":\"Confira nossa biblioteca completa com materias sobre inova\u00e7\u00e3o: design thinking, metodologias \u00e1geis, business intelligence, gamifica\u00e7\u00e3o e mais.\",\"breadcrumb\":{\"@id\":\"https:\/\/www.mjvinnovation.com\/pt-br\/biblioteca\/#breadcrumb\"},\"inLanguage\":\"pt-BR\",\"potentialAction\":[{\"@type\":\"ReadAction\",\"target\":[\"https:\/\/www.mjvinnovation.com\/pt-br\/biblioteca\/\"]}]},{\"@type\":\"BreadcrumbList\",\"@id\":\"https:\/\/www.mjvinnovation.com\/pt-br\/biblioteca\/#breadcrumb\",\"itemListElement\":[{\"@type\":\"ListItem\",\"position\":1,\"name\":\"Home\",\"item\":\"https:\/\/www.mjvinnovation.com\/pt-br\/\"},{\"@type\":\"ListItem\",\"position\":2,\"name\":\"Biblioteca\"}]},{\"@type\":\"WebSite\",\"@id\":\"https:\/\/www.mjvinnovation.com\/pt-br\/#website\",\"url\":\"https:\/\/www.mjvinnovation.com\/pt-br\/\",\"name\":\"MJV Technology &amp; Innovation\",\"description\":\"We are people transforming business\",\"publisher\":{\"@id\":\"https:\/\/www.mjvinnovation.com\/pt-br\/#organization\"},\"potentialAction\":[{\"@type\":\"SearchAction\",\"target\":{\"@type\":\"EntryPoint\",\"urlTemplate\":\"https:\/\/www.mjvinnovation.com\/pt-br\/?s={search_term_string}\"},\"query-input\":{\"@type\":\"PropertyValueSpecification\",\"valueRequired\":true,\"valueName\":\"search_term_string\"}}],\"inLanguage\":\"pt-BR\"},{\"@type\":\"Organization\",\"@id\":\"https:\/\/www.mjvinnovation.com\/pt-br\/#organization\",\"name\":\"MJV Technology and Innovation\",\"url\":\"https:\/\/www.mjvinnovation.com\/pt-br\/\",\"logo\":{\"@type\":\"ImageObject\",\"inLanguage\":\"pt-BR\",\"@id\":\"https:\/\/www.mjvinnovation.com\/pt-br\/#\/schema\/logo\/image\/\",\"url\":\"https:\/\/www.mjvinnovation.com\/wp-content\/uploads\/2021\/07\/logo_mjv_favicon.png\",\"contentUrl\":\"https:\/\/www.mjvinnovation.com\/wp-content\/uploads\/2021\/07\/logo_mjv_favicon.png\",\"width\":128,\"height\":128,\"caption\":\"MJV Technology and Innovation\"},\"image\":{\"@id\":\"https:\/\/www.mjvinnovation.com\/pt-br\/#\/schema\/logo\/image\/\"},\"sameAs\":[\"https:\/\/www.facebook.com\/mjvinnovation\/\",\"https:\/\/x.com\/MJVinnovation\",\"https:\/\/www.instagram.com\/mjvinnovation\/\",\"https:\/\/www.linkedin.com\/company\/mjv-tech-and-innovation\",\"https:\/\/www.youtube.com\/channel\/UCUlTs06JlXwUd09Jzg9kqDA\"]}]}<\/script>\n<!-- \/ Yoast SEO plugin. -->","yoast_head_json":{"title":"Biblioteca - MJV Technology &amp; Innovation","description":"Confira nossa biblioteca completa com materias sobre inova\u00e7\u00e3o: design thinking, metodologias \u00e1geis, business intelligence, gamifica\u00e7\u00e3o e mais.","robots":{"index":"index","follow":"follow","max-snippet":"max-snippet:-1","max-image-preview":"max-image-preview:large","max-video-preview":"max-video-preview:-1"},"canonical":"https:\/\/www.mjvinnovation.com\/pt-br\/biblioteca\/","og_locale":"pt_BR","og_type":"article","og_title":"Biblioteca - MJV Technology & Innovation","og_description":"Confira nossa biblioteca completa com materias sobre inova\u00e7\u00e3o: design thinking, metodologias \u00e1geis, business intelligence, gamifica\u00e7\u00e3o e mais.","og_url":"https:\/\/www.mjvinnovation.com\/pt-br\/biblioteca\/","og_site_name":"MJV Technology &amp; Innovation","article_publisher":"https:\/\/www.facebook.com\/mjvinnovation\/","article_modified_time":"2023-03-08T11:28:11+00:00","og_image":[{"width":1200,"height":630,"url":"https:\/\/www.mjvinnovation.com\/wp-content\/uploads\/2021\/07\/thumb-mjv-social.jpeg","type":"image\/jpeg"}],"twitter_card":"summary_large_image","twitter_title":"Biblioteca - MJV Technology & Innovation","twitter_description":"Confira nossa biblioteca completa com materias sobre inova\u00e7\u00e3o: design thinking, metodologias \u00e1geis, business intelligence, gamifica\u00e7\u00e3o e mais.","twitter_image":"https:\/\/www.mjvinnovation.com\/wp-content\/uploads\/2021\/07\/thumb-mjv-social.jpeg","twitter_site":"@MJVinnovation","schema":{"@context":"https:\/\/schema.org","@graph":[{"@type":"WebPage","@id":"https:\/\/www.mjvinnovation.com\/pt-br\/biblioteca\/","url":"https:\/\/www.mjvinnovation.com\/pt-br\/biblioteca\/","name":"Biblioteca - MJV Technology &amp; Innovation","isPartOf":{"@id":"https:\/\/www.mjvinnovation.com\/pt-br\/#website"},"datePublished":"2021-04-15T15:43:23+00:00","dateModified":"2023-03-08T11:28:11+00:00","description":"Confira nossa biblioteca completa com materias sobre inova\u00e7\u00e3o: design thinking, metodologias \u00e1geis, business intelligence, gamifica\u00e7\u00e3o e mais.","breadcrumb":{"@id":"https:\/\/www.mjvinnovation.com\/pt-br\/biblioteca\/#breadcrumb"},"inLanguage":"pt-BR","potentialAction":[{"@type":"ReadAction","target":["https:\/\/www.mjvinnovation.com\/pt-br\/biblioteca\/"]}]},{"@type":"BreadcrumbList","@id":"https:\/\/www.mjvinnovation.com\/pt-br\/biblioteca\/#breadcrumb","itemListElement":[{"@type":"ListItem","position":1,"name":"Home","item":"https:\/\/www.mjvinnovation.com\/pt-br\/"},{"@type":"ListItem","position":2,"name":"Biblioteca"}]},{"@type":"WebSite","@id":"https:\/\/www.mjvinnovation.com\/pt-br\/#website","url":"https:\/\/www.mjvinnovation.com\/pt-br\/","name":"MJV Technology &amp; Innovation","description":"We are people transforming business","publisher":{"@id":"https:\/\/www.mjvinnovation.com\/pt-br\/#organization"},"potentialAction":[{"@type":"SearchAction","target":{"@type":"EntryPoint","urlTemplate":"https:\/\/www.mjvinnovation.com\/pt-br\/?s={search_term_string}"},"query-input":{"@type":"PropertyValueSpecification","valueRequired":true,"valueName":"search_term_string"}}],"inLanguage":"pt-BR"},{"@type":"Organization","@id":"https:\/\/www.mjvinnovation.com\/pt-br\/#organization","name":"MJV Technology and Innovation","url":"https:\/\/www.mjvinnovation.com\/pt-br\/","logo":{"@type":"ImageObject","inLanguage":"pt-BR","@id":"https:\/\/www.mjvinnovation.com\/pt-br\/#\/schema\/logo\/image\/","url":"https:\/\/www.mjvinnovation.com\/wp-content\/uploads\/2021\/07\/logo_mjv_favicon.png","contentUrl":"https:\/\/www.mjvinnovation.com\/wp-content\/uploads\/2021\/07\/logo_mjv_favicon.png","width":128,"height":128,"caption":"MJV Technology and Innovation"},"image":{"@id":"https:\/\/www.mjvinnovation.com\/pt-br\/#\/schema\/logo\/image\/"},"sameAs":["https:\/\/www.facebook.com\/mjvinnovation\/","https:\/\/x.com\/MJVinnovation","https:\/\/www.instagram.com\/mjvinnovation\/","https:\/\/www.linkedin.com\/company\/mjv-tech-and-innovation","https:\/\/www.youtube.com\/channel\/UCUlTs06JlXwUd09Jzg9kqDA"]}]}},"_links":{"self":[{"href":"https:\/\/www.mjvinnovation.com\/pt-br\/wp-json\/wp\/v2\/pages\/4104","targetHints":{"allow":["GET"]}}],"collection":[{"href":"https:\/\/www.mjvinnovation.com\/pt-br\/wp-json\/wp\/v2\/pages"}],"about":[{"href":"https:\/\/www.mjvinnovation.com\/pt-br\/wp-json\/wp\/v2\/types\/page"}],"author":[{"embeddable":true,"href":"https:\/\/www.mjvinnovation.com\/pt-br\/wp-json\/wp\/v2\/users\/6"}],"replies":[{"embeddable":true,"href":"https:\/\/www.mjvinnovation.com\/pt-br\/wp-json\/wp\/v2\/comments?post=4104"}],"version-history":[{"count":16,"href":"https:\/\/www.mjvinnovation.com\/pt-br\/wp-json\/wp\/v2\/pages\/4104\/revisions"}],"predecessor-version":[{"id":40619,"href":"https:\/\/www.mjvinnovation.com\/pt-br\/wp-json\/wp\/v2\/pages\/4104\/revisions\/40619"}],"wp:attachment":[{"href":"https:\/\/www.mjvinnovation.com\/pt-br\/wp-json\/wp\/v2\/media?parent=4104"}],"curies":[{"name":"wp","href":"https:\/\/api.w.org\/{rel}","templated":true}]}}