{"id":4086,"date":"2021-04-14T18:18:37","date_gmt":"2021-04-14T21:18:37","guid":{"rendered":"https:\/\/www.mjvinnovation.com\/?page_id=4086"},"modified":"2026-01-21T14:35:43","modified_gmt":"2026-01-21T17:35:43","slug":"blog","status":"publish","type":"page","link":"https:\/\/www.mjvinnovation.com\/pt-br\/blog\/","title":{"rendered":"Blog"},"content":{"rendered":"\n\t\t\t\t\t<section class=\"mjv-banner banner-secondary\" style=\"background:linear-gradient(270deg, #46bb93, #56dce3);\">\n\t\t\t\n\t\t<div class=\"mjv-banner-container\">\n\t\t<h1 class=\"mjv-banner-title\">Inova\u00e7\u00e3o em Neg\u00f3cios<\/h1>\n\t\t<div class=\"mjv-banner-subtitle\"><p>Leia o que\u00a0h\u00e1 de mais novo\u00a0em inova\u00e7\u00e3o.<\/p>\n<\/div>\n\t<\/div>\n<\/section>\n\n<section class=\"mjv-section-container comum-section-blog\">\n    <div class=\"mjv-section-content\">\n        <div class=\"mjv-comum-container\">\n            <div class=\"owl-carousel mjv-carousel-cta\">\n\n                \n                        <div class=\"mjv-item-carousel\">\n                            <div class=\"mjv-item-image\">\n                                \n                                    <figure class=\"mjv-comum-image\">\n                                        <img decoding=\"async\" data-src=\"https:\/\/www.mjvinnovation.com\/wp-content\/uploads\/2025\/09\/capa-blogpost-quais-as-habilidades-necessarias-na-era-da-ia-mjv-technology-innovation.png\" alt=\"https:\/\/www.mjvinnovation.com\/wp-content\/uploads\/2025\/09\/capa-blogpost-quais-as-habilidades-necessarias-na-era-da-ia-mjv-technology-innovation.png\" class=\"embed-responsive lazyload\" src=\"data:image\/svg+xml;base64,PHN2ZyB3aWR0aD0iMSIgaGVpZ2h0PSIxIiB4bWxucz0iaHR0cDovL3d3dy53My5vcmcvMjAwMC9zdmciPjwvc3ZnPg==\" style=\"--smush-placeholder-width: 1920px; --smush-placeholder-aspect-ratio: 1920\/1080;\">\n                                    <\/figure>\n\n                                                            <\/div>\n                            <div class=\"mjv-item-content\">\n                            \n                                \n                                <div class=\"mjv-date-category\">\n                                    <div class=\"blog-data\">\n                                        26\/11\/2025                                    <\/div>\n                                    <div class=\"blog-category\">\n                                        <i class=\"mjv-icon-category\"><\/i>\n                                        Inova\u00e7\u00e3o                                    <\/div>\n                                <\/div>\n                                <h4 class=\"mjv-blog-title\">\n                                    Como o CNPJ Alfanum\u00e9rico impacta seu sistema ERP?                                <\/h4>\n                                <div class=\"mjv-blog-content\">\n                                    <p>\n                                        Adequa\u00e7\u00e3o t\u00e9cnica ou risco operacional? Entenda por que a inclus\u00e3o de letras no cadastro nacional exige uma revis\u00e3o urgente do core do seu sistema                                    <\/p>\n                                <\/div>\n                                <div class=\"mjv-cta-container\">\n                                    <a href=\"https:\/\/www.mjvinnovation.com\/?p=47141\" class=\"mjv-section-btn purple\">Saiba mais<\/a>\n                                <\/div>\n                            <\/div>\n\n                        <\/div>\n\n                \n                        <div class=\"mjv-item-carousel\">\n                            <div class=\"mjv-item-image\">\n                                \n                                    <figure class=\"mjv-comum-image\">\n                                        <img decoding=\"async\" data-src=\"https:\/\/www.mjvinnovation.com\/wp-content\/uploads\/2026\/01\/unified-ai.png\" alt=\"https:\/\/www.mjvinnovation.com\/wp-content\/uploads\/2026\/01\/unified-ai.png\" class=\"embed-responsive lazyload\" src=\"data:image\/svg+xml;base64,PHN2ZyB3aWR0aD0iMSIgaGVpZ2h0PSIxIiB4bWxucz0iaHR0cDovL3d3dy53My5vcmcvMjAwMC9zdmciPjwvc3ZnPg==\" style=\"--smush-placeholder-width: 1920px; --smush-placeholder-aspect-ratio: 1920\/1080;\">\n                                    <\/figure>\n\n                                                            <\/div>\n                            <div class=\"mjv-item-content\">\n                            \n                                \n                                <div class=\"mjv-date-category\">\n                                    <div class=\"blog-data\">\n                                        21\/01\/2026                                    <\/div>\n                                    <div class=\"blog-category\">\n                                        <i class=\"mjv-icon-category\"><\/i>\n                                        Consumer Packaged Goods (CPG)                                    <\/div>\n                                <\/div>\n                                <h4 class=\"mjv-blog-title\">\n                                    Unified Commerce: o Guia Definitivo para a Evolu\u00e7\u00e3o do Varejo                                <\/h4>\n                                <div class=\"mjv-blog-content\">\n                                    <p>\n                                        Muito al\u00e9m do Omnichannel: como centralizar dados e opera\u00e7\u00f5es para criar uma jornada de compra sem barreiras                                    <\/p>\n                                <\/div>\n                                <div class=\"mjv-cta-container\">\n                                    <a href=\"https:\/\/www.mjvinnovation.com\/?p=47448\" class=\"mjv-section-btn purple\">Saiba mais<\/a>\n                                <\/div>\n                            <\/div>\n\n                        <\/div>\n\n                \n                        <div class=\"mjv-item-carousel\">\n                            <div class=\"mjv-item-image\">\n                                \n                                    <figure class=\"mjv-comum-image\">\n                                        <img decoding=\"async\" data-src=\"https:\/\/www.mjvinnovation.com\/wp-content\/uploads\/2026\/01\/agentic-ai-1.png\" alt=\"https:\/\/www.mjvinnovation.com\/wp-content\/uploads\/2026\/01\/agentic-ai-1.png\" class=\"embed-responsive lazyload\" src=\"data:image\/svg+xml;base64,PHN2ZyB3aWR0aD0iMSIgaGVpZ2h0PSIxIiB4bWxucz0iaHR0cDovL3d3dy53My5vcmcvMjAwMC9zdmciPjwvc3ZnPg==\" style=\"--smush-placeholder-width: 1920px; --smush-placeholder-aspect-ratio: 1920\/1080;\">\n                                    <\/figure>\n\n                                                            <\/div>\n                            <div class=\"mjv-item-content\">\n                            \n                                \n                                <div class=\"mjv-date-category\">\n                                    <div class=\"blog-data\">\n                                        21\/01\/2026                                    <\/div>\n                                    <div class=\"blog-category\">\n                                        <i class=\"mjv-icon-category\"><\/i>\n                                        Consumer Packaged Goods (CPG)                                    <\/div>\n                                <\/div>\n                                <h4 class=\"mjv-blog-title\">\n                                    Agentic Commerce: A Pr\u00f3xima Fronteira do Varejo ap\u00f3s o Unified Commerce                                <\/h4>\n                                <div class=\"mjv-blog-content\">\n                                    <p>\n                                        De chatbots a compradores aut\u00f4nomos: entenda a era em que a IA pesquisa, negocia e compra pelo consumidor                                    <\/p>\n                                <\/div>\n                                <div class=\"mjv-cta-container\">\n                                    <a href=\"https:\/\/www.mjvinnovation.com\/?p=47450\" class=\"mjv-section-btn purple\">Saiba mais<\/a>\n                                <\/div>\n                            <\/div>\n\n                        <\/div>\n\n                \n            <\/div>\n            <div class=\"owl-arrows\">\n                <a class=\"arrow-left\">\n                    <i class=\"mjv-nav-prev mjv-icon-seta\"><\/i>\n                <\/a>\n                <a class=\"arrow-right\">\n                    <i class=\"mjv-nav-next mjv-icon-seta\"><\/i>\n                <\/a>\n            <\/div>\n        <\/div>\n    <\/div>\n<\/section>\n\n<div id=\"mjv-thumbnailBlog-container\" class=\"mjv-thumbnail-container\">\n    <main class=\"mjv-thumbnail-Blog\">\n        <div id=\"mjv-searchPage-Blog\" class=\"mjv-searchPage-content\">\n            <div id=\"blog-input-container\" class=\"mjv-search-container-input\"><\/div>\n            <!-- <input type=\"search\" class=\"mjv-search-input\" id=\"post-search-input\" value=\"\" \/> -->\n            <div class=\"mjv-search-filters\">\n                <div id=\"categories\" class=\"mjv-filter\"><\/div>\n                <div id=\"format\"><\/div>\n                <div id=\"stats-b\"><\/div>\n            <\/div>\n        <\/div>\n        <div class=\"mjv-thumbBlog-container\">\n            <div class=\"mjv-thumbBlog-content\">\n                <div id=\"hits-b\" class=\"mjv-thumbnail-content\">\n                    <script type=\"texts\/html\" id=\"hit-template-b\" class=\"mjv-thumbnail-items\">\n                        <div class=\"mjv-thumbnail-item\">\n                            <a href=\"{{permalink}}\" class=\"mjv-thumbnail-link\">\n                                <div class=\"mjv-thumbnail-image\" style=\"background-image: url('{{images.full.url}}');\"><\/div>\n                                <div class=\"mjv-infoRevise\">\n                                    <i class=\"mjv-icon-category\"><\/i>\n                                    {{taxonomies.category}}\n                                <\/div>\n                                <div class=\"mjv-thumbnail-info\">\n                                    <h2 class=\"mjv-titleRevise\">{{post_title}}<\/h2>\n                                    <a href=\"{{permalink}}\" class=\"mjv-btn mjv-btn-clean\">{{text_link}}<i class=\"mjv-icon-seta\"><\/i><\/a>\n                                <\/div>\n                            <\/a>\n                        <\/div>\n                    <\/script>\n                <\/div>\n            <\/div>\n        <\/div>\n    <\/main>\n<\/div>\n\n\n<script>\nfunction instantPosts() {\n\n    \/**\n     *\n     * Retorna appID\/apiKey (credenciais), indexName (nome do index), urlSync (Imprimir value da busca na URL), searchParameters (Retorna X resultados)\n     * variavel type $posts\n     *\n     * widget type searchBox ---> respons\u00e1vel por trazer o campo de busca\n     * widget type hits ---> respons\u00e1vel por trazer os resultados da busca\n     * widget type stats ---> respons\u00e1vel por trazer o n\u00famero de resultados da busca\n     * widget type infiniteHits ---> respons\u00e1vel por realizar a pagina\u00e7\u00e3o infinita\n     *\n     * Biblioteca externa chamada Algolia InstantSearch Widgets <https:\/\/community.algolia.com\/instantsearch.js\/v2\/widgets.html>\n     *\n     * *\/\n\n    var posts = instantsearch({\n        searchClient: algoliasearch('BIO2A81EYZ', '06e9a81339c2afad3cdc02f55b6870a7'),\n        indexName: 'wp_posts_post',\n        urlSync: true\n    });\n    posts.addWidgets([\n        instantsearch.widgets.configure({\n        filters: 'wpml.locale:\"' + current_locale + '\"', \/\/ This is the line we added.\n        hitsPerPage: 6\n        }),\n    ]); \n    posts.addWidget(\n        instantsearch.widgets.searchBox({\n            container: '#blog-input-container',\n            placeholder: placeHolder.mjv_placeholder_string ,\n        })\n    );\n    posts.addWidget(\n        instantsearch.widgets.hits({\n            container: '#hits-b',\n            templates: {\n                item: document.getElementById('hit-template-b').innerHTML,\n                empty: \"<div class='alert alert-warning alert-dismissible fade show' role='alert'>No results for <strong>\\\"{{query}}\\\"<\/strong><button type='button' class='close' data-dismiss='alert' aria-label='Close'><span aria-hidden='true'>&times;<\/span><\/button>\",\n            }\n        })\n    );\n    posts.addWidget(\n        instantsearch.widgets.infiniteHits({\n            container: '#hits-b',\n            templates: {\n                item: '<div class=\"mjv-thumbnail-item\"><a href=\"{{permalink}}\" class=\"mjv-thumbnail-link img-group\"><img decoding=\"async\" class=\"mjv-thumbnail-image\" src=\"{{images.full.url}}\"\/><div class=\"mjv-infoRevise\"><i class=\"mjv-icon-category\"><\/i>{{taxonomies.category}}<\/div><div class=\"mjv-thumbnail-info\"><h2 class=\"mjv-titleRevise\">{{post_title}}<\/h2><a href=\"{{permalink}}\" class=\"mjv-btn mjv-btn-clean\">{{text_link}}<i class=\"mjv-icon-seta\"><\/i><\/a><\/div><\/a><\/div>',\n                empty: \"<div class='alert alert-warning alert-dismissible fade show' role='alert'>No results for <strong>\\\"{{query}}\\\"<\/strong><button type='button' class='close' data-dismiss='alert' aria-label='Close'><span aria-hidden='true'>&times;<\/span><\/button>\",\n                showMoreText(data, { html }) {\n                    return html`<span>${loadMore.mjv_string}<\/span>`;\n                },\n            },\n            escapeHits: true,\n            cssClasses: {\n                item:'ais-hits--item',\n                root:'ais-hits',\n                \/\/ showmore: 'mjv-btn-container mjv-loadMore-container',\n                loadMore: 'mjv-btn mjv-btn-small mjv-btn-purple' \/* N\u00e3o funciona pelo algolia, por isso \u00e9 preciso declarar direto no css pela tag BUTTON*\/\n            }\n        })\n    );\n    posts.addWidget(\n        instantsearch.widgets.menuSelect({\n            container: '#categories',\n            attribute: 'taxonomies.category',\n            limit: 10,\n            templates: {\n                seeAllOption: menuSelect.mjv_menuSelect_string,\n            },\n\n            \/* SE PRECISAR CRIAR CLASSE PARA O SELECT USA ISSO AQUI! *\/\n\n            cssClasses: {\n                root: 'classe-a',\n                header: 'classe-b',\n                select: 'classe-c',\n                option:'classe-d',\n                footer:'classe-e'\n            }\n        })\n    );\n    posts.start();\n    }\n    instantPosts();\n<\/script>\n\n\r\n\r\n<div class=\"mjv-section-form\">\r\n    <div class=\"mjv-comum-container\">\r\n        <div class=\"form-newsletter\">\r\n            <h2>Fique por dentro! Assine nossa newsletter!<\/h2>\r\n            \r\n            <!-- Fora de uso por conta da politica de CSP -->\r\n            <!-- echo the_field('formulario_hubspot'); -->\r\n\r\n           <!--[if lte IE 8]>\r\n                <script charset=\"utf-8\" type=\"text\/javascript\" src=\"https:\/\/js.hsforms.net\/forms\/v2-legacy.js\"><\/script>\r\n            <![endif]-->\r\n            <script src=\"https:\/\/js.hsforms.net\/forms\/v2.js\" nonce=\"adb9-jmvEb2i6eWCg1rDfwAAAAc\"><\/script>\r\n\r\n                           <script nonce=\"adb9-jmvEb2i6eWCg1rDfwAAAAc\">\r\n                    hbspt.forms.create({\r\n                        portalId: \"455690\",\r\n                        formId: \"05b8f576-095a-4d93-894e-03ddf551e0b8\", \r\n                    });\r\n                <\/script>\r\n                    <\/div>\r\n    <\/div>\r\n<\/div>","protected":false},"excerpt":{"rendered":"","protected":false},"author":6,"featured_media":0,"parent":0,"menu_order":0,"comment_status":"closed","ping_status":"closed","template":"","meta":{"_acf_changed":false,"footnotes":""},"class_list":["post-4086","page","type-page","status-publish","hentry"],"acf":[],"yoast_head":"<!-- This site is optimized with the Yoast SEO plugin v26.0 - https:\/\/yoast.com\/wordpress\/plugins\/seo\/ -->\n<title>Blog - MJV Technology &amp; Innovation<\/title>\n<meta name=\"description\" content=\"Confira nosso blog com os melhores conte\u00fados sobre gest\u00e3o de neg\u00f3cios e inova\u00e7\u00e3o para aplicar na sua empresa: design thinking, metodologias \u00e1geis e mais.\" \/>\n<meta name=\"robots\" content=\"index, follow, max-snippet:-1, max-image-preview:large, max-video-preview:-1\" \/>\n<link rel=\"canonical\" href=\"https:\/\/www.mjvinnovation.com\/pt-br\/blog\/\" \/>\n<meta property=\"og:locale\" content=\"pt_BR\" \/>\n<meta property=\"og:type\" content=\"article\" \/>\n<meta property=\"og:title\" content=\"Blog - Inova\u00e7\u00e3o em Neg\u00f3cios - MJV Technology &amp; Innovation\" \/>\n<meta property=\"og:description\" content=\"Confira nosso blog com os melhores conte\u00fados sobre gest\u00e3o de neg\u00f3cios e inova\u00e7\u00e3o para aplicar na sua empresa: design thinking, metodologias \u00e1geis e mais.\" \/>\n<meta property=\"og:url\" content=\"https:\/\/www.mjvinnovation.com\/pt-br\/blog\/\" \/>\n<meta property=\"og:site_name\" content=\"MJV Technology &amp; Innovation\" \/>\n<meta property=\"article:publisher\" content=\"https:\/\/www.facebook.com\/mjvinnovation\/\" \/>\n<meta property=\"article:modified_time\" content=\"2026-01-21T17:35:43+00:00\" \/>\n<meta property=\"og:image\" content=\"https:\/\/www.mjvinnovation.com\/wp-content\/uploads\/2021\/07\/thumb-mjv-social.jpeg\" \/>\n\t<meta property=\"og:image:width\" content=\"1200\" \/>\n\t<meta property=\"og:image:height\" content=\"630\" \/>\n\t<meta property=\"og:image:type\" content=\"image\/jpeg\" \/>\n<meta name=\"twitter:card\" content=\"summary_large_image\" \/>\n<meta name=\"twitter:title\" content=\"Blog - Inova\u00e7\u00e3o em Neg\u00f3cios - MJV Technology &amp; Innovation\" \/>\n<meta name=\"twitter:description\" content=\"Confira nosso blog com os melhores conte\u00fados sobre gest\u00e3o de neg\u00f3cios e inova\u00e7\u00e3o para aplicar na sua empresa: design thinking, metodologias \u00e1geis e mais.\" \/>\n<meta name=\"twitter:image\" content=\"https:\/\/www.mjvinnovation.com\/wp-content\/uploads\/2021\/07\/thumb-mjv-social.jpeg\" \/>\n<meta name=\"twitter:site\" content=\"@MJVinnovation\" \/>\n<meta name=\"twitter:label1\" content=\"Est. tempo de leitura\" \/>\n\t<meta name=\"twitter:data1\" content=\"1 minuto\" \/>\n<script type=\"application\/ld+json\" class=\"yoast-schema-graph\">{\"@context\":\"https:\/\/schema.org\",\"@graph\":[{\"@type\":\"WebPage\",\"@id\":\"https:\/\/www.mjvinnovation.com\/pt-br\/blog\/\",\"url\":\"https:\/\/www.mjvinnovation.com\/pt-br\/blog\/\",\"name\":\"Blog - MJV Technology &amp; Innovation\",\"isPartOf\":{\"@id\":\"https:\/\/www.mjvinnovation.com\/pt-br\/#website\"},\"datePublished\":\"2021-04-14T21:18:37+00:00\",\"dateModified\":\"2026-01-21T17:35:43+00:00\",\"description\":\"Confira nosso blog com os melhores conte\u00fados sobre gest\u00e3o de neg\u00f3cios e inova\u00e7\u00e3o para aplicar na sua empresa: design thinking, metodologias \u00e1geis e mais.\",\"breadcrumb\":{\"@id\":\"https:\/\/www.mjvinnovation.com\/pt-br\/blog\/#breadcrumb\"},\"inLanguage\":\"pt-BR\",\"potentialAction\":[{\"@type\":\"ReadAction\",\"target\":[\"https:\/\/www.mjvinnovation.com\/pt-br\/blog\/\"]}]},{\"@type\":\"BreadcrumbList\",\"@id\":\"https:\/\/www.mjvinnovation.com\/pt-br\/blog\/#breadcrumb\",\"itemListElement\":[{\"@type\":\"ListItem\",\"position\":1,\"name\":\"Home\",\"item\":\"https:\/\/www.mjvinnovation.com\/pt-br\/\"},{\"@type\":\"ListItem\",\"position\":2,\"name\":\"Blog\"}]},{\"@type\":\"WebSite\",\"@id\":\"https:\/\/www.mjvinnovation.com\/pt-br\/#website\",\"url\":\"https:\/\/www.mjvinnovation.com\/pt-br\/\",\"name\":\"MJV Technology &amp; Innovation\",\"description\":\"We are people transforming business\",\"publisher\":{\"@id\":\"https:\/\/www.mjvinnovation.com\/pt-br\/#organization\"},\"potentialAction\":[{\"@type\":\"SearchAction\",\"target\":{\"@type\":\"EntryPoint\",\"urlTemplate\":\"https:\/\/www.mjvinnovation.com\/pt-br\/?s={search_term_string}\"},\"query-input\":{\"@type\":\"PropertyValueSpecification\",\"valueRequired\":true,\"valueName\":\"search_term_string\"}}],\"inLanguage\":\"pt-BR\"},{\"@type\":\"Organization\",\"@id\":\"https:\/\/www.mjvinnovation.com\/pt-br\/#organization\",\"name\":\"MJV Technology and Innovation\",\"url\":\"https:\/\/www.mjvinnovation.com\/pt-br\/\",\"logo\":{\"@type\":\"ImageObject\",\"inLanguage\":\"pt-BR\",\"@id\":\"https:\/\/www.mjvinnovation.com\/pt-br\/#\/schema\/logo\/image\/\",\"url\":\"https:\/\/www.mjvinnovation.com\/wp-content\/uploads\/2021\/07\/logo_mjv_favicon.png\",\"contentUrl\":\"https:\/\/www.mjvinnovation.com\/wp-content\/uploads\/2021\/07\/logo_mjv_favicon.png\",\"width\":128,\"height\":128,\"caption\":\"MJV Technology and Innovation\"},\"image\":{\"@id\":\"https:\/\/www.mjvinnovation.com\/pt-br\/#\/schema\/logo\/image\/\"},\"sameAs\":[\"https:\/\/www.facebook.com\/mjvinnovation\/\",\"https:\/\/x.com\/MJVinnovation\",\"https:\/\/www.instagram.com\/mjvinnovation\/\",\"https:\/\/www.linkedin.com\/company\/mjv-tech-and-innovation\",\"https:\/\/www.youtube.com\/channel\/UCUlTs06JlXwUd09Jzg9kqDA\"]}]}<\/script>\n<!-- \/ Yoast SEO plugin. -->","yoast_head_json":{"title":"Blog - MJV Technology &amp; Innovation","description":"Confira nosso blog com os melhores conte\u00fados sobre gest\u00e3o de neg\u00f3cios e inova\u00e7\u00e3o para aplicar na sua empresa: design thinking, metodologias \u00e1geis e mais.","robots":{"index":"index","follow":"follow","max-snippet":"max-snippet:-1","max-image-preview":"max-image-preview:large","max-video-preview":"max-video-preview:-1"},"canonical":"https:\/\/www.mjvinnovation.com\/pt-br\/blog\/","og_locale":"pt_BR","og_type":"article","og_title":"Blog - Inova\u00e7\u00e3o em Neg\u00f3cios - MJV Technology & Innovation","og_description":"Confira nosso blog com os melhores conte\u00fados sobre gest\u00e3o de neg\u00f3cios e inova\u00e7\u00e3o para aplicar na sua empresa: design thinking, metodologias \u00e1geis e mais.","og_url":"https:\/\/www.mjvinnovation.com\/pt-br\/blog\/","og_site_name":"MJV Technology &amp; Innovation","article_publisher":"https:\/\/www.facebook.com\/mjvinnovation\/","article_modified_time":"2026-01-21T17:35:43+00:00","og_image":[{"width":1200,"height":630,"url":"https:\/\/www.mjvinnovation.com\/wp-content\/uploads\/2021\/07\/thumb-mjv-social.jpeg","type":"image\/jpeg"}],"twitter_card":"summary_large_image","twitter_title":"Blog - Inova\u00e7\u00e3o em Neg\u00f3cios - MJV Technology & Innovation","twitter_description":"Confira nosso blog com os melhores conte\u00fados sobre gest\u00e3o de neg\u00f3cios e inova\u00e7\u00e3o para aplicar na sua empresa: design thinking, metodologias \u00e1geis e mais.","twitter_image":"https:\/\/www.mjvinnovation.com\/wp-content\/uploads\/2021\/07\/thumb-mjv-social.jpeg","twitter_site":"@MJVinnovation","twitter_misc":{"Est. tempo de leitura":"1 minuto"},"schema":{"@context":"https:\/\/schema.org","@graph":[{"@type":"WebPage","@id":"https:\/\/www.mjvinnovation.com\/pt-br\/blog\/","url":"https:\/\/www.mjvinnovation.com\/pt-br\/blog\/","name":"Blog - MJV Technology &amp; Innovation","isPartOf":{"@id":"https:\/\/www.mjvinnovation.com\/pt-br\/#website"},"datePublished":"2021-04-14T21:18:37+00:00","dateModified":"2026-01-21T17:35:43+00:00","description":"Confira nosso blog com os melhores conte\u00fados sobre gest\u00e3o de neg\u00f3cios e inova\u00e7\u00e3o para aplicar na sua empresa: design thinking, metodologias \u00e1geis e mais.","breadcrumb":{"@id":"https:\/\/www.mjvinnovation.com\/pt-br\/blog\/#breadcrumb"},"inLanguage":"pt-BR","potentialAction":[{"@type":"ReadAction","target":["https:\/\/www.mjvinnovation.com\/pt-br\/blog\/"]}]},{"@type":"BreadcrumbList","@id":"https:\/\/www.mjvinnovation.com\/pt-br\/blog\/#breadcrumb","itemListElement":[{"@type":"ListItem","position":1,"name":"Home","item":"https:\/\/www.mjvinnovation.com\/pt-br\/"},{"@type":"ListItem","position":2,"name":"Blog"}]},{"@type":"WebSite","@id":"https:\/\/www.mjvinnovation.com\/pt-br\/#website","url":"https:\/\/www.mjvinnovation.com\/pt-br\/","name":"MJV Technology &amp; Innovation","description":"We are people transforming business","publisher":{"@id":"https:\/\/www.mjvinnovation.com\/pt-br\/#organization"},"potentialAction":[{"@type":"SearchAction","target":{"@type":"EntryPoint","urlTemplate":"https:\/\/www.mjvinnovation.com\/pt-br\/?s={search_term_string}"},"query-input":{"@type":"PropertyValueSpecification","valueRequired":true,"valueName":"search_term_string"}}],"inLanguage":"pt-BR"},{"@type":"Organization","@id":"https:\/\/www.mjvinnovation.com\/pt-br\/#organization","name":"MJV Technology and Innovation","url":"https:\/\/www.mjvinnovation.com\/pt-br\/","logo":{"@type":"ImageObject","inLanguage":"pt-BR","@id":"https:\/\/www.mjvinnovation.com\/pt-br\/#\/schema\/logo\/image\/","url":"https:\/\/www.mjvinnovation.com\/wp-content\/uploads\/2021\/07\/logo_mjv_favicon.png","contentUrl":"https:\/\/www.mjvinnovation.com\/wp-content\/uploads\/2021\/07\/logo_mjv_favicon.png","width":128,"height":128,"caption":"MJV Technology and Innovation"},"image":{"@id":"https:\/\/www.mjvinnovation.com\/pt-br\/#\/schema\/logo\/image\/"},"sameAs":["https:\/\/www.facebook.com\/mjvinnovation\/","https:\/\/x.com\/MJVinnovation","https:\/\/www.instagram.com\/mjvinnovation\/","https:\/\/www.linkedin.com\/company\/mjv-tech-and-innovation","https:\/\/www.youtube.com\/channel\/UCUlTs06JlXwUd09Jzg9kqDA"]}]}},"_links":{"self":[{"href":"https:\/\/www.mjvinnovation.com\/pt-br\/wp-json\/wp\/v2\/pages\/4086","targetHints":{"allow":["GET"]}}],"collection":[{"href":"https:\/\/www.mjvinnovation.com\/pt-br\/wp-json\/wp\/v2\/pages"}],"about":[{"href":"https:\/\/www.mjvinnovation.com\/pt-br\/wp-json\/wp\/v2\/types\/page"}],"author":[{"embeddable":true,"href":"https:\/\/www.mjvinnovation.com\/pt-br\/wp-json\/wp\/v2\/users\/6"}],"replies":[{"embeddable":true,"href":"https:\/\/www.mjvinnovation.com\/pt-br\/wp-json\/wp\/v2\/comments?post=4086"}],"version-history":[{"count":300,"href":"https:\/\/www.mjvinnovation.com\/pt-br\/wp-json\/wp\/v2\/pages\/4086\/revisions"}],"predecessor-version":[{"id":47481,"href":"https:\/\/www.mjvinnovation.com\/pt-br\/wp-json\/wp\/v2\/pages\/4086\/revisions\/47481"}],"wp:attachment":[{"href":"https:\/\/www.mjvinnovation.com\/pt-br\/wp-json\/wp\/v2\/media?parent=4086"}],"curies":[{"name":"wp","href":"https:\/\/api.w.org\/{rel}","templated":true}]}}