{"id":16568,"date":"2021-07-16T13:56:19","date_gmt":"2021-07-16T16:56:19","guid":{"rendered":"https:\/\/www.mjvinnovation.com\/?page_id=16568"},"modified":"2021-07-16T13:56:22","modified_gmt":"2021-07-16T16:56:22","slug":"termos-de-uso","status":"publish","type":"page","link":"https:\/\/www.mjvinnovation.com\/pt-br\/termos-de-uso\/","title":{"rendered":"Termos de uso"},"content":{"rendered":"\n\t\t\t<section class=\"mjv-banner banner-secondary\" style=\"background-color:#60489d\">\n\n\t\t<div class=\"mjv-banner-container\">\n\t\t<h1 class=\"mjv-banner-title\">Termos de uso<\/h1>\n\t\t<div class=\"mjv-banner-subtitle\"><\/div>\n\t<\/div>\n<\/section>\n\n<section class=\"mjv-section-container\">\n  <div class=\"only-text mjv-section-content\">\n    <div class=\"container\">\n      <p>A MJV Tecnologia &amp; Inova\u00e7\u00e3o (\u201cMJV\u201d ou \u201cn\u00f3s\u201d) fornece o conte\u00fado deste site (\u201chttp:\/\/mjvinnovation.com\/\u201d) sujeito aos seguintes termos e condi\u00e7\u00f5es (os \u201cTermos\u201d). Podemos alterar periodicamente os Termos, portanto, verifique de tempos em tempos. Ao acessar e usar esse site, voc\u00ea concorda com nossos \u00a0Termos. Para obter explica\u00e7\u00e3o das pr\u00e1ticas e pol\u00edticas da MJV relacionadas \u00e0 coleta, uso e armazenamento das informa\u00e7\u00f5es dos usu\u00e1rios, leia nossa Pol\u00edtica de Privacidade.<\/p>\n<h2><strong>1. Conte\u00fado e uso do site<\/strong><\/h2>\n<p>Todo conte\u00fado e funcionalidades do Site, incluindo textos, gr\u00e1ficos, logotipos, \u00edcones, imagens e a sele\u00e7\u00e3o e organiza\u00e7\u00e3o dos mesmos (\u201cConte\u00fado do Site\u201d) s\u00e3o de propriedade exclusiva da MJV, afiliadas ou licenciadores e s\u00e3o protegidos por leis de direitos autorais internacionais. As marcas comerciais, marcas de servi\u00e7o, designs e logotipos (coletivamente, as \u201cMarcas Registradas\u201d) exibidas no Site s\u00e3o marcas registradas e n\u00e3o registradas da MJV Tecnologia &amp; Inova\u00e7\u00e3o, afiliadas e licenciadores. Todos os direitos n\u00e3o expressamente concedidos s\u00e3o reservados.<\/p>\n<p>Qualquer reprodu\u00e7\u00e3o ou redistribui\u00e7\u00e3o do Conte\u00fado do Site e das funcionalidades exibidas no Site, no todo ou em parte, \u00e9 expressamente proibida por lei e pode resultar em multas criminais ou civis. Pedimos a voc\u00ea que n\u00e3o reproduza, modifique, distribua, transmita, publique ou divulgue o Conte\u00fado do Site sem o consentimento pr\u00e9vio por escrito da MJV.<\/p>\n<p>Voc\u00ea concorda em n\u00e3o referenciar ou atribuir qualquer Conte\u00fado do Site \u00e0 MJV, afiliadas ou licenciadores em qualquer meio p\u00fablico (por exemplo, comunicado \u00e0 imprensa, sites da Web) para fins de publicidade, promo\u00e7\u00e3o ou para fins de informar e influenciar terceiros, e que voc\u00ea n\u00e3o usar\u00e1 ou reproduzir\u00e1 qualquer marca comercial ou implicar\u00e1 qualquer endosso ou rela\u00e7\u00e3o com a MJV, afiliadas ou licenciadores.<\/p>\n<h2><strong>2. Notifica\u00e7\u00f5es de infra\u00e7\u00e3o<\/strong><\/h2>\n<p>A MJV pro\u00edbe a publica\u00e7\u00e3o de qualquer conte\u00fado que infrinja ou viole direitos autorais e\/ou outros direitos de propriedade intelectual (incluindo direitos de privacidade e publicidade) de qualquer pessoa ou entidade. Se voc\u00ea acredita que seu direito de propriedade intelectual (ou tal direito que voc\u00ea \u00e9 respons\u00e1vel) \u00e9 infringido por qualquer conte\u00fado do Site, por favor escreva para a MJV, dando uma declara\u00e7\u00e3o por escrito que contenha: (a) identifica\u00e7\u00e3o do trabalho protegido por direitos autorais e\/ou direito da propriedade intelectual que alega viola\u00e7\u00e3o; (b) identifica\u00e7\u00e3o do material supostamente infrator no Site que est\u00e1 solicitando \u00a0a remo\u00e7\u00e3o; (c) seu nome, endere\u00e7o e n\u00famero de telefone durante o dia, e endere\u00e7o de e-mail, se dispon\u00edvel; (d) uma declara\u00e7\u00e3o de que voc\u00ea acredita de boa-f\u00e9 que o uso do trabalho protegido por direitos autorais e\/ou o exerc\u00edcio do direito de propriedade intelectual n\u00e3o \u00e9 autorizado pelo propriet\u00e1rio, seu agente ou pela lei; (e) uma declara\u00e7\u00e3o de que as informa\u00e7\u00f5es contidas na notifica\u00e7\u00e3o s\u00e3o precisas e, sob pena de perj\u00fario, que o signat\u00e1rio est\u00e1 autorizado a agir em nome do propriet\u00e1rio do direito que supostamente est\u00e1 sendo infringido; e (f) a assinatura do propriet\u00e1rio do direito de propriedade intelectual ou algu\u00e9m autorizado em nome do propriet\u00e1rio para fazer valer a infra\u00e7\u00e3o do direito. A MJV remover\u00e1 qualquer conte\u00fado publicado que infrinja os direitos autorais ou outros direitos de propriedade intelectual de qualquer pessoa sob a lei internacional de direitos autorais.<\/p>\n<h2><strong>3. Websites de terceiros<\/strong><\/h2>\n<p>Podemos fornecer links para sites de terceiros, e alguns dos conte\u00fados que parecem estar neste Site s\u00e3o de fato fornecidos por terceiros, por exemplo, em casos de enquadramento de sites de terceiros ou incorpora\u00e7\u00e3o atrav\u00e9s de conjuntos de quadros de conte\u00fado fornecidos por servidores de terceiros. A MJV n\u00e3o tem responsabilidade por esses sites de terceiros, que s\u00e3o regidos pelos Termos de Uso e pelas pol\u00edticas de privacidade, se houver, dos provedores de conte\u00fado de terceiros aplic\u00e1veis.<\/p>\n    <\/div>\n  <\/div>\n<\/section>","protected":false},"excerpt":{"rendered":"","protected":false},"author":6,"featured_media":0,"parent":0,"menu_order":0,"comment_status":"closed","ping_status":"closed","template":"","meta":{"_acf_changed":false,"footnotes":""},"class_list":["post-16568","page","type-page","status-publish","hentry"],"acf":[],"yoast_head":"<!-- This site is optimized with the Yoast SEO plugin v26.0 - https:\/\/yoast.com\/wordpress\/plugins\/seo\/ -->\n<title>Termos de uso - MJV Technology &amp; Innovation<\/title>\n<meta name=\"robots\" content=\"index, follow, max-snippet:-1, max-image-preview:large, max-video-preview:-1\" \/>\n<link rel=\"canonical\" href=\"https:\/\/www.mjvinnovation.com\/pt-br\/termos-de-uso\/\" \/>\n<meta property=\"og:locale\" content=\"pt_BR\" \/>\n<meta property=\"og:type\" content=\"article\" \/>\n<meta property=\"og:title\" content=\"Termos de uso - MJV Technology &amp; Innovation\" \/>\n<meta property=\"og:url\" content=\"https:\/\/www.mjvinnovation.com\/pt-br\/termos-de-uso\/\" \/>\n<meta property=\"og:site_name\" content=\"MJV Technology &amp; Innovation\" \/>\n<meta property=\"article:publisher\" content=\"https:\/\/www.facebook.com\/mjvinnovation\/\" \/>\n<meta property=\"article:modified_time\" content=\"2021-07-16T16:56:22+00:00\" \/>\n<meta name=\"twitter:card\" content=\"summary_large_image\" \/>\n<meta name=\"twitter:site\" content=\"@MJVinnovation\" \/>\n<script type=\"application\/ld+json\" class=\"yoast-schema-graph\">{\"@context\":\"https:\/\/schema.org\",\"@graph\":[{\"@type\":\"WebPage\",\"@id\":\"https:\/\/www.mjvinnovation.com\/pt-br\/termos-de-uso\/\",\"url\":\"https:\/\/www.mjvinnovation.com\/pt-br\/termos-de-uso\/\",\"name\":\"Termos de uso - MJV Technology &amp; Innovation\",\"isPartOf\":{\"@id\":\"https:\/\/www.mjvinnovation.com\/pt-br\/#website\"},\"datePublished\":\"2021-07-16T16:56:19+00:00\",\"dateModified\":\"2021-07-16T16:56:22+00:00\",\"breadcrumb\":{\"@id\":\"https:\/\/www.mjvinnovation.com\/pt-br\/termos-de-uso\/#breadcrumb\"},\"inLanguage\":\"pt-BR\",\"potentialAction\":[{\"@type\":\"ReadAction\",\"target\":[\"https:\/\/www.mjvinnovation.com\/pt-br\/termos-de-uso\/\"]}]},{\"@type\":\"BreadcrumbList\",\"@id\":\"https:\/\/www.mjvinnovation.com\/pt-br\/termos-de-uso\/#breadcrumb\",\"itemListElement\":[{\"@type\":\"ListItem\",\"position\":1,\"name\":\"Home\",\"item\":\"https:\/\/www.mjvinnovation.com\/pt-br\/\"},{\"@type\":\"ListItem\",\"position\":2,\"name\":\"Termos de uso\"}]},{\"@type\":\"WebSite\",\"@id\":\"https:\/\/www.mjvinnovation.com\/pt-br\/#website\",\"url\":\"https:\/\/www.mjvinnovation.com\/pt-br\/\",\"name\":\"MJV Technology &amp; Innovation\",\"description\":\"We are people transforming business\",\"publisher\":{\"@id\":\"https:\/\/www.mjvinnovation.com\/pt-br\/#organization\"},\"potentialAction\":[{\"@type\":\"SearchAction\",\"target\":{\"@type\":\"EntryPoint\",\"urlTemplate\":\"https:\/\/www.mjvinnovation.com\/pt-br\/?s={search_term_string}\"},\"query-input\":{\"@type\":\"PropertyValueSpecification\",\"valueRequired\":true,\"valueName\":\"search_term_string\"}}],\"inLanguage\":\"pt-BR\"},{\"@type\":\"Organization\",\"@id\":\"https:\/\/www.mjvinnovation.com\/pt-br\/#organization\",\"name\":\"MJV Technology and Innovation\",\"url\":\"https:\/\/www.mjvinnovation.com\/pt-br\/\",\"logo\":{\"@type\":\"ImageObject\",\"inLanguage\":\"pt-BR\",\"@id\":\"https:\/\/www.mjvinnovation.com\/pt-br\/#\/schema\/logo\/image\/\",\"url\":\"https:\/\/www.mjvinnovation.com\/wp-content\/uploads\/2021\/07\/logo_mjv_favicon.png\",\"contentUrl\":\"https:\/\/www.mjvinnovation.com\/wp-content\/uploads\/2021\/07\/logo_mjv_favicon.png\",\"width\":128,\"height\":128,\"caption\":\"MJV Technology and Innovation\"},\"image\":{\"@id\":\"https:\/\/www.mjvinnovation.com\/pt-br\/#\/schema\/logo\/image\/\"},\"sameAs\":[\"https:\/\/www.facebook.com\/mjvinnovation\/\",\"https:\/\/x.com\/MJVinnovation\",\"https:\/\/www.instagram.com\/mjvinnovation\/\",\"https:\/\/www.linkedin.com\/company\/mjv-tech-and-innovation\",\"https:\/\/www.youtube.com\/channel\/UCUlTs06JlXwUd09Jzg9kqDA\"]}]}<\/script>\n<!-- \/ Yoast SEO plugin. -->","yoast_head_json":{"title":"Termos de uso - MJV Technology &amp; Innovation","robots":{"index":"index","follow":"follow","max-snippet":"max-snippet:-1","max-image-preview":"max-image-preview:large","max-video-preview":"max-video-preview:-1"},"canonical":"https:\/\/www.mjvinnovation.com\/pt-br\/termos-de-uso\/","og_locale":"pt_BR","og_type":"article","og_title":"Termos de uso - MJV Technology &amp; Innovation","og_url":"https:\/\/www.mjvinnovation.com\/pt-br\/termos-de-uso\/","og_site_name":"MJV Technology &amp; Innovation","article_publisher":"https:\/\/www.facebook.com\/mjvinnovation\/","article_modified_time":"2021-07-16T16:56:22+00:00","twitter_card":"summary_large_image","twitter_site":"@MJVinnovation","schema":{"@context":"https:\/\/schema.org","@graph":[{"@type":"WebPage","@id":"https:\/\/www.mjvinnovation.com\/pt-br\/termos-de-uso\/","url":"https:\/\/www.mjvinnovation.com\/pt-br\/termos-de-uso\/","name":"Termos de uso - MJV Technology &amp; Innovation","isPartOf":{"@id":"https:\/\/www.mjvinnovation.com\/pt-br\/#website"},"datePublished":"2021-07-16T16:56:19+00:00","dateModified":"2021-07-16T16:56:22+00:00","breadcrumb":{"@id":"https:\/\/www.mjvinnovation.com\/pt-br\/termos-de-uso\/#breadcrumb"},"inLanguage":"pt-BR","potentialAction":[{"@type":"ReadAction","target":["https:\/\/www.mjvinnovation.com\/pt-br\/termos-de-uso\/"]}]},{"@type":"BreadcrumbList","@id":"https:\/\/www.mjvinnovation.com\/pt-br\/termos-de-uso\/#breadcrumb","itemListElement":[{"@type":"ListItem","position":1,"name":"Home","item":"https:\/\/www.mjvinnovation.com\/pt-br\/"},{"@type":"ListItem","position":2,"name":"Termos de uso"}]},{"@type":"WebSite","@id":"https:\/\/www.mjvinnovation.com\/pt-br\/#website","url":"https:\/\/www.mjvinnovation.com\/pt-br\/","name":"MJV Technology &amp; Innovation","description":"We are people transforming business","publisher":{"@id":"https:\/\/www.mjvinnovation.com\/pt-br\/#organization"},"potentialAction":[{"@type":"SearchAction","target":{"@type":"EntryPoint","urlTemplate":"https:\/\/www.mjvinnovation.com\/pt-br\/?s={search_term_string}"},"query-input":{"@type":"PropertyValueSpecification","valueRequired":true,"valueName":"search_term_string"}}],"inLanguage":"pt-BR"},{"@type":"Organization","@id":"https:\/\/www.mjvinnovation.com\/pt-br\/#organization","name":"MJV Technology and Innovation","url":"https:\/\/www.mjvinnovation.com\/pt-br\/","logo":{"@type":"ImageObject","inLanguage":"pt-BR","@id":"https:\/\/www.mjvinnovation.com\/pt-br\/#\/schema\/logo\/image\/","url":"https:\/\/www.mjvinnovation.com\/wp-content\/uploads\/2021\/07\/logo_mjv_favicon.png","contentUrl":"https:\/\/www.mjvinnovation.com\/wp-content\/uploads\/2021\/07\/logo_mjv_favicon.png","width":128,"height":128,"caption":"MJV Technology and Innovation"},"image":{"@id":"https:\/\/www.mjvinnovation.com\/pt-br\/#\/schema\/logo\/image\/"},"sameAs":["https:\/\/www.facebook.com\/mjvinnovation\/","https:\/\/x.com\/MJVinnovation","https:\/\/www.instagram.com\/mjvinnovation\/","https:\/\/www.linkedin.com\/company\/mjv-tech-and-innovation","https:\/\/www.youtube.com\/channel\/UCUlTs06JlXwUd09Jzg9kqDA"]}]}},"_links":{"self":[{"href":"https:\/\/www.mjvinnovation.com\/pt-br\/wp-json\/wp\/v2\/pages\/16568","targetHints":{"allow":["GET"]}}],"collection":[{"href":"https:\/\/www.mjvinnovation.com\/pt-br\/wp-json\/wp\/v2\/pages"}],"about":[{"href":"https:\/\/www.mjvinnovation.com\/pt-br\/wp-json\/wp\/v2\/types\/page"}],"author":[{"embeddable":true,"href":"https:\/\/www.mjvinnovation.com\/pt-br\/wp-json\/wp\/v2\/users\/6"}],"replies":[{"embeddable":true,"href":"https:\/\/www.mjvinnovation.com\/pt-br\/wp-json\/wp\/v2\/comments?post=16568"}],"version-history":[{"count":2,"href":"https:\/\/www.mjvinnovation.com\/pt-br\/wp-json\/wp\/v2\/pages\/16568\/revisions"}],"predecessor-version":[{"id":16570,"href":"https:\/\/www.mjvinnovation.com\/pt-br\/wp-json\/wp\/v2\/pages\/16568\/revisions\/16570"}],"wp:attachment":[{"href":"https:\/\/www.mjvinnovation.com\/pt-br\/wp-json\/wp\/v2\/media?parent=16568"}],"curies":[{"name":"wp","href":"https:\/\/api.w.org\/{rel}","templated":true}]}}