{"id":4406,"date":"2021-04-16T14:04:05","date_gmt":"2021-04-16T17:04:05","guid":{"rendered":"https:\/\/www.mjvinnovation.com\/?page_id=4406"},"modified":"2025-04-03T09:27:39","modified_gmt":"2025-04-03T12:27:39","slug":"blog","status":"publish","type":"page","link":"https:\/\/www.mjvinnovation.com\/it\/blog\/","title":{"rendered":"Blog"},"content":{"rendered":"\n\t\t\t\t\t<section class=\"mjv-banner banner-secondary\" style=\"background:linear-gradient(270deg, #46bb93, #56dce3);\">\n\t\t\t\n\t\t<div class=\"mjv-banner-container\">\n\t\t<h1 class=\"mjv-banner-title\">Innovazione per le imprese<\/h1>\n\t\t<div class=\"mjv-banner-subtitle\"><\/div>\n\t<\/div>\n<\/section>\n\n<section class=\"mjv-section-container comum-section-blog\">\n    <div class=\"mjv-section-content\">\n        <div class=\"mjv-comum-container\">\n            <div class=\"owl-carousel mjv-carousel-cta\">\n\n                \n                        <div class=\"mjv-item-carousel\">\n                            <div class=\"mjv-item-image\">\n                                \n                                    <figure class=\"mjv-comum-image\">\n                                        <img decoding=\"async\" data-src=\"https:\/\/www.mjvinnovation.com\/wp-content\/uploads\/2025\/02\/capa-blogpost-mjv-iron-mjv-technology-innovation.png\" alt=\"https:\/\/www.mjvinnovation.com\/wp-content\/uploads\/2025\/02\/capa-blogpost-mjv-iron-mjv-technology-innovation.png\" class=\"embed-responsive lazyload\" src=\"data:image\/svg+xml;base64,PHN2ZyB3aWR0aD0iMSIgaGVpZ2h0PSIxIiB4bWxucz0iaHR0cDovL3d3dy53My5vcmcvMjAwMC9zdmciPjwvc3ZnPg==\" style=\"--smush-placeholder-width: 1921px; --smush-placeholder-aspect-ratio: 1921\/1081;\">\n                                    <\/figure>\n\n                                                            <\/div>\n                            <div class=\"mjv-item-content\">\n                            \n                                \n                                <div class=\"mjv-date-category\">\n                                    <div class=\"blog-data\">\n                                        20\/05\/2025                                    <\/div>\n                                    <div class=\"blog-category\">\n                                        <i class=\"mjv-icon-category\"><\/i>\n                                        Other                                    <\/div>\n                                <\/div>\n                                <h4 class=\"mjv-blog-title\">\n                                    Vi presentiamo MJV Iron: una piattaforma Gen-AI per l&#8217;Automazione e la Governance del Software                                <\/h4>\n                                <div class=\"mjv-blog-content\">\n                                    <p>\n                                        Il tuo team \u00e8 sovraccarico di attivit\u00e0 ripetitive e processi manuali? Aumenta la produttivit\u00e0 e riduci i cicli di sviluppo fino al 30% con l\u2019aiuto di MJV Iron.                                    <\/p>\n                                <\/div>\n                                <div class=\"mjv-cta-container\">\n                                    <a href=\"https:\/\/www.mjvinnovation.com\/?p=44546\" class=\"mjv-section-btn purple\">Leggi di pi\u00f9\n<\/a>\n                                <\/div>\n                            <\/div>\n\n                        <\/div>\n\n                \n                        <div class=\"mjv-item-carousel\">\n                            <div class=\"mjv-item-image\">\n                                \n                                    <figure class=\"mjv-comum-image\">\n                                        <img decoding=\"async\" data-src=\"https:\/\/www.mjvinnovation.com\/wp-content\/uploads\/2023\/12\/forward-thinking-futures-design-article-cover-gif.gif\" alt=\"https:\/\/www.mjvinnovation.com\/wp-content\/uploads\/2023\/12\/forward-thinking-futures-design-article-cover-gif.gif\" class=\"embed-responsive lazyload\" src=\"data:image\/svg+xml;base64,PHN2ZyB3aWR0aD0iMSIgaGVpZ2h0PSIxIiB4bWxucz0iaHR0cDovL3d3dy53My5vcmcvMjAwMC9zdmciPjwvc3ZnPg==\" style=\"--smush-placeholder-width: 1920px; --smush-placeholder-aspect-ratio: 1920\/1080;\">\n                                    <\/figure>\n\n                                                            <\/div>\n                            <div class=\"mjv-item-content\">\n                            \n                                \n                                <div class=\"mjv-date-category\">\n                                    <div class=\"blog-data\">\n                                        04\/09\/2024                                    <\/div>\n                                    <div class=\"blog-category\">\n                                        <i class=\"mjv-icon-category\"><\/i>\n                                        Innovation                                    <\/div>\n                                <\/div>\n                                <h4 class=\"mjv-blog-title\">\n                                    Pensiero Innovativo: Come Costruire un&#8217;Azienda Resiliente e Orientata al Futuro                                <\/h4>\n                                <div class=\"mjv-blog-content\">\n                                    <p>\n                                        Scoprite come le metodologie lungimiranti possono aiutarvi a costruire la vostra azienda per gli anni a venire.                                    <\/p>\n                                <\/div>\n                                <div class=\"mjv-cta-container\">\n                                    <a href=\"https:\/\/www.mjvinnovation.com\/?p=43592\" class=\"mjv-section-btn purple\">Leggi di pi\u00f9\n<\/a>\n                                <\/div>\n                            <\/div>\n\n                        <\/div>\n\n                \n                        <div class=\"mjv-item-carousel\">\n                            <div class=\"mjv-item-image\">\n                                \n                                    <figure class=\"mjv-comum-image\">\n                                        <img decoding=\"async\" data-src=\"https:\/\/www.mjvinnovation.com\/wp-content\/uploads\/2023\/12\/transferir.gif\" alt=\"https:\/\/www.mjvinnovation.com\/wp-content\/uploads\/2023\/12\/transferir.gif\" class=\"embed-responsive lazyload\" src=\"data:image\/svg+xml;base64,PHN2ZyB3aWR0aD0iMSIgaGVpZ2h0PSIxIiB4bWxucz0iaHR0cDovL3d3dy53My5vcmcvMjAwMC9zdmciPjwvc3ZnPg==\" style=\"--smush-placeholder-width: 1920px; --smush-placeholder-aspect-ratio: 1920\/1080;\">\n                                    <\/figure>\n\n                                                            <\/div>\n                            <div class=\"mjv-item-content\">\n                            \n                                \n                                <div class=\"mjv-date-category\">\n                                    <div class=\"blog-data\">\n                                        14\/02\/2024                                    <\/div>\n                                    <div class=\"blog-category\">\n                                        <i class=\"mjv-icon-category\"><\/i>\n                                        Pianificazione strategica                                    <\/div>\n                                <\/div>\n                                <h4 class=\"mjv-blog-title\">\n                                    Pianificazione strategica: cos&#8217;\u00e8, suggerimenti e 5 chiavi per iniziare                                <\/h4>\n                                <div class=\"mjv-blog-content\">\n                                    <p>\n                                        Benvenuto nella tua roadmap per trasformare il tuo business. In questo viaggio, esploreremo il significato essenziale della pianificazione strategica e come pu\u00f2 essere la bussola che guida la tua azienda verso il successo.                                    <\/p>\n                                <\/div>\n                                <div class=\"mjv-cta-container\">\n                                    <a href=\"https:\/\/www.mjvinnovation.com\/?p=42280\" class=\"mjv-section-btn purple\">Leggi di pi\u00f9\n<\/a>\n                                <\/div>\n                            <\/div>\n\n                        <\/div>\n\n                \n            <\/div>\n            <div class=\"owl-arrows\">\n                <a class=\"arrow-left\">\n                    <i class=\"mjv-nav-prev mjv-icon-seta\"><\/i>\n                <\/a>\n                <a class=\"arrow-right\">\n                    <i class=\"mjv-nav-next mjv-icon-seta\"><\/i>\n                <\/a>\n            <\/div>\n        <\/div>\n    <\/div>\n<\/section>\n\n<div id=\"mjv-thumbnailBlog-container\" class=\"mjv-thumbnail-container\">\n    <main class=\"mjv-thumbnail-Blog\">\n        <div id=\"mjv-searchPage-Blog\" class=\"mjv-searchPage-content\">\n            <div id=\"blog-input-container\" class=\"mjv-search-container-input\"><\/div>\n            <!-- <input type=\"search\" class=\"mjv-search-input\" id=\"post-search-input\" value=\"\" \/> -->\n            <div class=\"mjv-search-filters\">\n                <div id=\"categories\" class=\"mjv-filter\"><\/div>\n                <div id=\"format\"><\/div>\n                <div id=\"stats-b\"><\/div>\n            <\/div>\n        <\/div>\n        <div class=\"mjv-thumbBlog-container\">\n            <div class=\"mjv-thumbBlog-content\">\n                <div id=\"hits-b\" class=\"mjv-thumbnail-content\">\n                    <script type=\"texts\/html\" id=\"hit-template-b\" class=\"mjv-thumbnail-items\">\n                        <div class=\"mjv-thumbnail-item\">\n                            <a href=\"{{permalink}}\" class=\"mjv-thumbnail-link\">\n                                <div class=\"mjv-thumbnail-image\" style=\"background-image: url('{{images.full.url}}');\"><\/div>\n                                <div class=\"mjv-infoRevise\">\n                                    <i class=\"mjv-icon-category\"><\/i>\n                                    {{taxonomies.category}}\n                                <\/div>\n                                <div class=\"mjv-thumbnail-info\">\n                                    <h2 class=\"mjv-titleRevise\">{{post_title}}<\/h2>\n                                    <a href=\"{{permalink}}\" class=\"mjv-btn mjv-btn-clean\">{{text_link}}<i class=\"mjv-icon-seta\"><\/i><\/a>\n                                <\/div>\n                            <\/a>\n                        <\/div>\n                    <\/script>\n                <\/div>\n            <\/div>\n        <\/div>\n    <\/main>\n<\/div>\n\n\n<script>\nfunction instantPosts() {\n\n    \/**\n     *\n     * Retorna appID\/apiKey (credenciais), indexName (nome do index), urlSync (Imprimir value da busca na URL), searchParameters (Retorna X resultados)\n     * variavel type $posts\n     *\n     * widget type searchBox ---> respons\u00e1vel por trazer o campo de busca\n     * widget type hits ---> respons\u00e1vel por trazer os resultados da busca\n     * widget type stats ---> respons\u00e1vel por trazer o n\u00famero de resultados da busca\n     * widget type infiniteHits ---> respons\u00e1vel por realizar a pagina\u00e7\u00e3o infinita\n     *\n     * Biblioteca externa chamada Algolia InstantSearch Widgets <https:\/\/community.algolia.com\/instantsearch.js\/v2\/widgets.html>\n     *\n     * *\/\n\n    var posts = instantsearch({\n        searchClient: algoliasearch('BIO2A81EYZ', '06e9a81339c2afad3cdc02f55b6870a7'),\n        indexName: 'wp_posts_post',\n        urlSync: true\n    });\n    posts.addWidgets([\n        instantsearch.widgets.configure({\n        filters: 'wpml.locale:\"' + current_locale + '\"', \/\/ This is the line we added.\n        hitsPerPage: 6\n        }),\n    ]); \n    posts.addWidget(\n        instantsearch.widgets.searchBox({\n            container: '#blog-input-container',\n            placeholder: placeHolder.mjv_placeholder_string ,\n        })\n    );\n    posts.addWidget(\n        instantsearch.widgets.hits({\n            container: '#hits-b',\n            templates: {\n                item: document.getElementById('hit-template-b').innerHTML,\n                empty: \"<div class='alert alert-warning alert-dismissible fade show' role='alert'>No results for <strong>\\\"{{query}}\\\"<\/strong><button type='button' class='close' data-dismiss='alert' aria-label='Close'><span aria-hidden='true'>&times;<\/span><\/button>\",\n            }\n        })\n    );\n    posts.addWidget(\n        instantsearch.widgets.infiniteHits({\n            container: '#hits-b',\n            templates: {\n                item: '<div class=\"mjv-thumbnail-item\"><a href=\"{{permalink}}\" class=\"mjv-thumbnail-link img-group\"><img decoding=\"async\" class=\"mjv-thumbnail-image\" src=\"{{images.full.url}}\"\/><div class=\"mjv-infoRevise\"><i class=\"mjv-icon-category\"><\/i>{{taxonomies.category}}<\/div><div class=\"mjv-thumbnail-info\"><h2 class=\"mjv-titleRevise\">{{post_title}}<\/h2><a href=\"{{permalink}}\" class=\"mjv-btn mjv-btn-clean\">{{text_link}}<i class=\"mjv-icon-seta\"><\/i><\/a><\/div><\/a><\/div>',\n                empty: \"<div class='alert alert-warning alert-dismissible fade show' role='alert'>No results for <strong>\\\"{{query}}\\\"<\/strong><button type='button' class='close' data-dismiss='alert' aria-label='Close'><span aria-hidden='true'>&times;<\/span><\/button>\",\n                showMoreText(data, { html }) {\n                    return html`<span>${loadMore.mjv_string}<\/span>`;\n                },\n            },\n            escapeHits: true,\n            cssClasses: {\n                item:'ais-hits--item',\n                root:'ais-hits',\n                \/\/ showmore: 'mjv-btn-container mjv-loadMore-container',\n                loadMore: 'mjv-btn mjv-btn-small mjv-btn-purple' \/* N\u00e3o funciona pelo algolia, por isso \u00e9 preciso declarar direto no css pela tag BUTTON*\/\n            }\n        })\n    );\n    posts.addWidget(\n        instantsearch.widgets.menuSelect({\n            container: '#categories',\n            attribute: 'taxonomies.category',\n            limit: 10,\n            templates: {\n                seeAllOption: menuSelect.mjv_menuSelect_string,\n            },\n\n            \/* SE PRECISAR CRIAR CLASSE PARA O SELECT USA ISSO AQUI! *\/\n\n            cssClasses: {\n                root: 'classe-a',\n                header: 'classe-b',\n                select: 'classe-c',\n                option:'classe-d',\n                footer:'classe-e'\n            }\n        })\n    );\n    posts.start();\n    }\n    instantPosts();\n<\/script>\n\n\r\n\r\n<div class=\"mjv-section-form\">\r\n    <div class=\"mjv-comum-container\">\r\n        <div class=\"form-newsletter\">\r\n            <h2>Rimani aggiornato. Ricevi la nostra newsletter.<\/h2>\r\n            \r\n            <!-- Fora de uso por conta da politica de CSP -->\r\n            <!-- echo the_field('formulario_hubspot'); -->\r\n\r\n           <!--[if lte IE 8]>\r\n                <script charset=\"utf-8\" type=\"text\/javascript\" src=\"https:\/\/js.hsforms.net\/forms\/v2-legacy.js\"><\/script>\r\n            <![endif]-->\r\n            <script src=\"https:\/\/js.hsforms.net\/forms\/v2.js\" nonce=\"ad74gKzI_qzLSL5_mCysbwAAACc\"><\/script>\r\n\r\n                           <script nonce=\"ad74gKzI_qzLSL5_mCysbwAAACc\">\r\n                    hbspt.forms.create({\r\n                        portalId: \"455690\",\r\n                        formId: \"5b29d98f-73ae-4ecf-99ed-305bf814ee85\"\r\n                    });\r\n                <\/script>\r\n                    <\/div>\r\n    <\/div>\r\n<\/div>","protected":false},"excerpt":{"rendered":"","protected":false},"author":6,"featured_media":0,"parent":0,"menu_order":0,"comment_status":"closed","ping_status":"closed","template":"","meta":{"_acf_changed":false,"footnotes":""},"class_list":["post-4406","page","type-page","status-publish","hentry"],"acf":[],"yoast_head":"<!-- This site is optimized with the Yoast SEO plugin v26.0 - https:\/\/yoast.com\/wordpress\/plugins\/seo\/ -->\n<title>Blog - MJV Technology &amp; Innovation<\/title>\n<meta name=\"robots\" content=\"index, follow, max-snippet:-1, max-image-preview:large, max-video-preview:-1\" \/>\n<link rel=\"canonical\" href=\"https:\/\/www.mjvinnovation.com\/it\/blog\/\" \/>\n<meta property=\"og:locale\" content=\"it_IT\" \/>\n<meta property=\"og:type\" content=\"article\" \/>\n<meta property=\"og:title\" content=\"Blog - MJV Technology &amp; Innovation\" \/>\n<meta property=\"og:url\" content=\"https:\/\/www.mjvinnovation.com\/it\/blog\/\" \/>\n<meta property=\"og:site_name\" content=\"MJV Technology &amp; Innovation\" \/>\n<meta property=\"article:publisher\" content=\"https:\/\/www.facebook.com\/mjvinnovation\/\" \/>\n<meta property=\"article:modified_time\" content=\"2025-04-03T12:27:39+00:00\" \/>\n<meta name=\"twitter:card\" content=\"summary_large_image\" \/>\n<meta name=\"twitter:site\" content=\"@MJVinnovation\" \/>\n<meta name=\"twitter:label1\" content=\"Tempo di lettura stimato\" \/>\n\t<meta name=\"twitter:data1\" content=\"1 minuto\" \/>\n<script type=\"application\/ld+json\" class=\"yoast-schema-graph\">{\"@context\":\"https:\/\/schema.org\",\"@graph\":[{\"@type\":\"WebPage\",\"@id\":\"https:\/\/www.mjvinnovation.com\/it\/blog\/\",\"url\":\"https:\/\/www.mjvinnovation.com\/it\/blog\/\",\"name\":\"Blog - MJV Technology &amp; Innovation\",\"isPartOf\":{\"@id\":\"https:\/\/www.mjvinnovation.com\/it\/#website\"},\"datePublished\":\"2021-04-16T17:04:05+00:00\",\"dateModified\":\"2025-04-03T12:27:39+00:00\",\"breadcrumb\":{\"@id\":\"https:\/\/www.mjvinnovation.com\/it\/blog\/#breadcrumb\"},\"inLanguage\":\"it-IT\",\"potentialAction\":[{\"@type\":\"ReadAction\",\"target\":[\"https:\/\/www.mjvinnovation.com\/it\/blog\/\"]}]},{\"@type\":\"BreadcrumbList\",\"@id\":\"https:\/\/www.mjvinnovation.com\/it\/blog\/#breadcrumb\",\"itemListElement\":[{\"@type\":\"ListItem\",\"position\":1,\"name\":\"Home\",\"item\":\"https:\/\/www.mjvinnovation.com\/it\/\"},{\"@type\":\"ListItem\",\"position\":2,\"name\":\"Blog\"}]},{\"@type\":\"WebSite\",\"@id\":\"https:\/\/www.mjvinnovation.com\/it\/#website\",\"url\":\"https:\/\/www.mjvinnovation.com\/it\/\",\"name\":\"MJV Technology &amp; Innovation\",\"description\":\"We are people transforming business\",\"publisher\":{\"@id\":\"https:\/\/www.mjvinnovation.com\/it\/#organization\"},\"potentialAction\":[{\"@type\":\"SearchAction\",\"target\":{\"@type\":\"EntryPoint\",\"urlTemplate\":\"https:\/\/www.mjvinnovation.com\/it\/?s={search_term_string}\"},\"query-input\":{\"@type\":\"PropertyValueSpecification\",\"valueRequired\":true,\"valueName\":\"search_term_string\"}}],\"inLanguage\":\"it-IT\"},{\"@type\":\"Organization\",\"@id\":\"https:\/\/www.mjvinnovation.com\/it\/#organization\",\"name\":\"MJV Technology and Innovation\",\"url\":\"https:\/\/www.mjvinnovation.com\/it\/\",\"logo\":{\"@type\":\"ImageObject\",\"inLanguage\":\"it-IT\",\"@id\":\"https:\/\/www.mjvinnovation.com\/it\/#\/schema\/logo\/image\/\",\"url\":\"https:\/\/www.mjvinnovation.com\/wp-content\/uploads\/2021\/07\/logo_mjv_favicon.png\",\"contentUrl\":\"https:\/\/www.mjvinnovation.com\/wp-content\/uploads\/2021\/07\/logo_mjv_favicon.png\",\"width\":128,\"height\":128,\"caption\":\"MJV Technology and Innovation\"},\"image\":{\"@id\":\"https:\/\/www.mjvinnovation.com\/it\/#\/schema\/logo\/image\/\"},\"sameAs\":[\"https:\/\/www.facebook.com\/mjvinnovation\/\",\"https:\/\/x.com\/MJVinnovation\",\"https:\/\/www.instagram.com\/mjvinnovation\/\",\"https:\/\/www.linkedin.com\/company\/mjv-tech-and-innovation\",\"https:\/\/www.youtube.com\/channel\/UCUlTs06JlXwUd09Jzg9kqDA\"]}]}<\/script>\n<!-- \/ Yoast SEO plugin. -->","yoast_head_json":{"title":"Blog - MJV Technology &amp; Innovation","robots":{"index":"index","follow":"follow","max-snippet":"max-snippet:-1","max-image-preview":"max-image-preview:large","max-video-preview":"max-video-preview:-1"},"canonical":"https:\/\/www.mjvinnovation.com\/it\/blog\/","og_locale":"it_IT","og_type":"article","og_title":"Blog - MJV Technology &amp; Innovation","og_url":"https:\/\/www.mjvinnovation.com\/it\/blog\/","og_site_name":"MJV Technology &amp; Innovation","article_publisher":"https:\/\/www.facebook.com\/mjvinnovation\/","article_modified_time":"2025-04-03T12:27:39+00:00","twitter_card":"summary_large_image","twitter_site":"@MJVinnovation","twitter_misc":{"Tempo di lettura stimato":"1 minuto"},"schema":{"@context":"https:\/\/schema.org","@graph":[{"@type":"WebPage","@id":"https:\/\/www.mjvinnovation.com\/it\/blog\/","url":"https:\/\/www.mjvinnovation.com\/it\/blog\/","name":"Blog - MJV Technology &amp; Innovation","isPartOf":{"@id":"https:\/\/www.mjvinnovation.com\/it\/#website"},"datePublished":"2021-04-16T17:04:05+00:00","dateModified":"2025-04-03T12:27:39+00:00","breadcrumb":{"@id":"https:\/\/www.mjvinnovation.com\/it\/blog\/#breadcrumb"},"inLanguage":"it-IT","potentialAction":[{"@type":"ReadAction","target":["https:\/\/www.mjvinnovation.com\/it\/blog\/"]}]},{"@type":"BreadcrumbList","@id":"https:\/\/www.mjvinnovation.com\/it\/blog\/#breadcrumb","itemListElement":[{"@type":"ListItem","position":1,"name":"Home","item":"https:\/\/www.mjvinnovation.com\/it\/"},{"@type":"ListItem","position":2,"name":"Blog"}]},{"@type":"WebSite","@id":"https:\/\/www.mjvinnovation.com\/it\/#website","url":"https:\/\/www.mjvinnovation.com\/it\/","name":"MJV Technology &amp; Innovation","description":"We are people transforming business","publisher":{"@id":"https:\/\/www.mjvinnovation.com\/it\/#organization"},"potentialAction":[{"@type":"SearchAction","target":{"@type":"EntryPoint","urlTemplate":"https:\/\/www.mjvinnovation.com\/it\/?s={search_term_string}"},"query-input":{"@type":"PropertyValueSpecification","valueRequired":true,"valueName":"search_term_string"}}],"inLanguage":"it-IT"},{"@type":"Organization","@id":"https:\/\/www.mjvinnovation.com\/it\/#organization","name":"MJV Technology and Innovation","url":"https:\/\/www.mjvinnovation.com\/it\/","logo":{"@type":"ImageObject","inLanguage":"it-IT","@id":"https:\/\/www.mjvinnovation.com\/it\/#\/schema\/logo\/image\/","url":"https:\/\/www.mjvinnovation.com\/wp-content\/uploads\/2021\/07\/logo_mjv_favicon.png","contentUrl":"https:\/\/www.mjvinnovation.com\/wp-content\/uploads\/2021\/07\/logo_mjv_favicon.png","width":128,"height":128,"caption":"MJV Technology and Innovation"},"image":{"@id":"https:\/\/www.mjvinnovation.com\/it\/#\/schema\/logo\/image\/"},"sameAs":["https:\/\/www.facebook.com\/mjvinnovation\/","https:\/\/x.com\/MJVinnovation","https:\/\/www.instagram.com\/mjvinnovation\/","https:\/\/www.linkedin.com\/company\/mjv-tech-and-innovation","https:\/\/www.youtube.com\/channel\/UCUlTs06JlXwUd09Jzg9kqDA"]}]}},"_links":{"self":[{"href":"https:\/\/www.mjvinnovation.com\/it\/wp-json\/wp\/v2\/pages\/4406","targetHints":{"allow":["GET"]}}],"collection":[{"href":"https:\/\/www.mjvinnovation.com\/it\/wp-json\/wp\/v2\/pages"}],"about":[{"href":"https:\/\/www.mjvinnovation.com\/it\/wp-json\/wp\/v2\/types\/page"}],"author":[{"embeddable":true,"href":"https:\/\/www.mjvinnovation.com\/it\/wp-json\/wp\/v2\/users\/6"}],"replies":[{"embeddable":true,"href":"https:\/\/www.mjvinnovation.com\/it\/wp-json\/wp\/v2\/comments?post=4406"}],"version-history":[{"count":18,"href":"https:\/\/www.mjvinnovation.com\/it\/wp-json\/wp\/v2\/pages\/4406\/revisions"}],"predecessor-version":[{"id":44548,"href":"https:\/\/www.mjvinnovation.com\/it\/wp-json\/wp\/v2\/pages\/4406\/revisions\/44548"}],"wp:attachment":[{"href":"https:\/\/www.mjvinnovation.com\/it\/wp-json\/wp\/v2\/media?parent=4406"}],"curies":[{"name":"wp","href":"https:\/\/api.w.org\/{rel}","templated":true}]}}