{"id":16566,"date":"2021-07-16T13:55:09","date_gmt":"2021-07-16T16:55:09","guid":{"rendered":"https:\/\/www.mjvinnovation.com\/?page_id=16566"},"modified":"2021-07-16T13:59:03","modified_gmt":"2021-07-16T16:59:03","slug":"condizioni-duso","status":"publish","type":"page","link":"https:\/\/www.mjvinnovation.com\/it\/condizioni-duso\/","title":{"rendered":"Condizioni d\u2019uso"},"content":{"rendered":"\n\t\t\t<section class=\"mjv-banner banner-secondary\" style=\"background-color:#60489d\">\n\n\t\t<div class=\"mjv-banner-container\">\n\t\t<h1 class=\"mjv-banner-title\">Condizioni d\u2019uso<\/h1>\n\t\t<div class=\"mjv-banner-subtitle\"><\/div>\n\t<\/div>\n<\/section>\n\n<section class=\"mjv-section-container\">\n  <div class=\"only-text mjv-section-content\">\n    <div class=\"container\">\n      <p><!-- wp:paragraph --><\/p>\n<p>MJV Technology &amp; Innovation, (\u201cMJV\u201d o \u201cnoi\u201d) fornisce i contenuti di questo sito Web (\u201chttp:\/\/mjvinnovation.com\/\u201d) soggetti ai seguenti termini e condizioni (i \u201cTermini\u201d). Possiamo periodicamente modificare i Termini, quindi ti preghiamo di controllare di volta in volta. Accedendo e utilizzando questo sito, si accettano questi Termini. Per una spiegazione delle pratiche e delle politiche di MJV relative alla raccolta, all\u2019uso e alla memorizzazione delle informazioni dei nostri utenti, leggi la nostra Informativa sulla privacy.<\/p>\n<p><!-- \/wp:paragraph --> <!-- wp:heading --><\/p>\n<h2><strong>1. Contenuto e utilizzo del sito<\/strong><\/h2>\n<p><!-- \/wp:heading --> <!-- wp:paragraph --><\/p>\n<p>Tutto il contenuto e le funzionalit\u00e0 del Sito, inclusi testo, grafica, loghi, icone e immagini e la loro selezione e disposizione (\u201cContenuto del Sito\u201d), sono di propriet\u00e0 esclusiva di MJV, le sue affiliate o i suoi licenziatari ed \u00e8 protetto dalle leggi internazionali sul copyright. I marchi, i marchi di servizio, i disegni e i loghi (collettivamente, i \u201cMarchi\u201d) visualizzati sul Sito sono marchi registrati e non registrati di MJV Technology &amp; Innovation, le sue affiliate e i suoi licenziatari. Tutti i diritti non espressamente concessi sono riservati.<\/p>\n<p><!-- \/wp:paragraph --> <!-- wp:paragraph --><\/p>\n<p>Qualsiasi riproduzione o ridistribuzione del contenuto e della funzionalit\u00e0 del sito visualizzati sul sito in tutto o in parte, \u00e8 espressamente vietata dalla legge e pu\u00f2 comportare multe penali o civili. Non \u00e8 possibile riprodurre, modificare, distribuire, trasmettere, pubblicare o divulgare il contenuto del sito senza il previo consenso scritto di MJV. L\u2019utente accetta di non fare riferimento o attribuire alcun contenuto del sito a MJV o ai suoi affiliati o licenziatari in qualsiasi mezzo pubblico (ad esempio, comunicato stampa, siti Web) a fini pubblicitari o promozionali o allo scopo di informare o influenzare terze parti, e che non userete o riprodurrete alcun Marchio commerciale, n\u00e9 implicherete alcuna approvazione o relazione con MJV o le sue affiliate o licenziatari.<\/p>\n<p><!-- \/wp:paragraph --> <!-- wp:paragraph --><\/p>\n<p>Qualsiasi riproduzione o ridistribuzione del contenuto e della funzionalit\u00e0 del sito visualizzati sul sito in tutto o in parte, \u00e8 espressamente vietata dalla legge e pu\u00f2 comportare multe penali o civili. Non \u00e8 possibile riprodurre, modificare, distribuire, trasmettere, pubblicare o divulgare il contenuto del sito senza il previo consenso scritto di MJV. L\u2019utente accetta di non fare riferimento o attribuire alcun contenuto del sito a MJV o ai suoi affiliati o licenziatari in qualsiasi mezzo pubblico (ad esempio, comunicato stampa, siti Web) a fini pubblicitari o promozionali o allo scopo di informare o influenzare terze parti, e che non userete o riprodurrete alcun Marchio commerciale, n\u00e9 implicherete alcuna approvazione o relazione con MJV o le sue affiliate o licenziatari.<\/p>\n<p><!-- \/wp:paragraph --> <!-- wp:heading --><\/p>\n<h2><strong>2. Avvisi di infrazione<\/strong><\/h2>\n<p><!-- \/wp:heading --> <!-- wp:paragraph --><\/p>\n<p>MJV vieta la pubblicazione di qualsiasi contenuto che non rispetta o viola i diritti di copyright e \/ o altri diritti di propriet\u00e0 intellettuale (inclusi i diritti di privacy e pubblicit\u00e0) di qualsiasi persona o entit\u00e0. Se ritieni che il tuo diritto di propriet\u00e0 intellettuale (o tale diritto che sei responsabile per l\u2019applicazione) sia violato da qualsiasi contenuto del Sito, ti preghiamo di scrivere a MJV, fornendo una dichiarazione scritta che contenga: (a) l\u2019identificazione dell\u2019opera protetta da copyright e \/ o diritto di propriet\u00e0 intellettuale dichiarato essere stato violato; (b) l\u2019identificazione del materiale in presunta violazione sul Sito che deve essere rimosso; (c) nome, indirizzo e numero di telefono diurno e un indirizzo e-mail, se disponibile; (d) una dichiarazione in cui si ritiene in buona fede che l\u2019uso dell\u2019opera protetta da copyright e \/ o l\u2019esercizio del diritto di propriet\u00e0 intellettuale non sia autorizzato dal proprietario, dal suo agente o dalla legge; (e) una dichiarazione attestante che le informazioni contenute nella notifica sono esatte e, a pena di spergiuro, che il firmatario \u00e8 autorizzato ad agire per conto del proprietario del diritto che \u00e8 stato presumibilmente violato; e (f) la firma del proprietario del diritto di propriet\u00e0 intellettuale o di qualcuno autorizzato per conto del proprietario a far valere la violazione del diritto. MJV rimuover\u00e0 qualsiasi contenuto pubblicato che viola il copyright o altri diritti di propriet\u00e0 intellettuale di qualsiasi persona ai sensi della legge internazionale sul copyright.<\/p>\n<p><!-- \/wp:paragraph --> <!-- wp:heading --><\/p>\n<h2><strong>3. Siti web di terzi<\/strong><\/h2>\n<p><!-- \/wp:heading --> <!-- wp:paragraph --><\/p>\n<p>Possiamo fornire collegamenti a siti Web di terze parti e alcuni dei contenuti che sembrano essere presenti in questo Sito sono in realt\u00e0 forniti da terze parti, ad esempio, in casi di framing di siti Web di terze parti o incorporazione attraverso set di cornici di contenuti forniti da server di terze parti. MJV non ha alcuna responsabilit\u00e0 per questi siti Web di terze parti, che sono regolati dalle Condizioni d\u2019uso e dalle eventuali politiche sulla privacy dei fornitori di contenuti di terze parti applicabili.<\/p>\n<p><!-- \/wp:paragraph --><\/p>\n    <\/div>\n  <\/div>\n<\/section>","protected":false},"excerpt":{"rendered":"","protected":false},"author":6,"featured_media":0,"parent":0,"menu_order":0,"comment_status":"closed","ping_status":"closed","template":"","meta":{"_acf_changed":false,"footnotes":""},"class_list":["post-16566","page","type-page","status-publish","hentry"],"acf":[],"yoast_head":"<!-- This site is optimized with the Yoast SEO plugin v26.0 - https:\/\/yoast.com\/wordpress\/plugins\/seo\/ -->\n<title>Condizioni d\u2019uso - MJV Technology &amp; Innovation<\/title>\n<meta name=\"robots\" content=\"index, follow, max-snippet:-1, max-image-preview:large, max-video-preview:-1\" \/>\n<link rel=\"canonical\" href=\"https:\/\/www.mjvinnovation.com\/it\/condizioni-duso\/\" \/>\n<meta property=\"og:locale\" content=\"it_IT\" \/>\n<meta property=\"og:type\" content=\"article\" \/>\n<meta property=\"og:title\" content=\"Condizioni d\u2019uso - MJV Technology &amp; Innovation\" \/>\n<meta property=\"og:url\" content=\"https:\/\/www.mjvinnovation.com\/it\/condizioni-duso\/\" \/>\n<meta property=\"og:site_name\" content=\"MJV Technology &amp; Innovation\" \/>\n<meta property=\"article:publisher\" content=\"https:\/\/www.facebook.com\/mjvinnovation\/\" \/>\n<meta property=\"article:modified_time\" content=\"2021-07-16T16:59:03+00:00\" \/>\n<meta name=\"twitter:card\" content=\"summary_large_image\" \/>\n<meta name=\"twitter:site\" content=\"@MJVinnovation\" \/>\n<meta name=\"twitter:label1\" content=\"Tempo di lettura stimato\" \/>\n\t<meta name=\"twitter:data1\" content=\"4 minuti\" \/>\n<script type=\"application\/ld+json\" class=\"yoast-schema-graph\">{\"@context\":\"https:\/\/schema.org\",\"@graph\":[{\"@type\":\"WebPage\",\"@id\":\"https:\/\/www.mjvinnovation.com\/it\/condizioni-duso\/\",\"url\":\"https:\/\/www.mjvinnovation.com\/it\/condizioni-duso\/\",\"name\":\"Condizioni d\u2019uso - MJV Technology &amp; Innovation\",\"isPartOf\":{\"@id\":\"https:\/\/www.mjvinnovation.com\/it\/#website\"},\"datePublished\":\"2021-07-16T16:55:09+00:00\",\"dateModified\":\"2021-07-16T16:59:03+00:00\",\"breadcrumb\":{\"@id\":\"https:\/\/www.mjvinnovation.com\/it\/condizioni-duso\/#breadcrumb\"},\"inLanguage\":\"it-IT\",\"potentialAction\":[{\"@type\":\"ReadAction\",\"target\":[\"https:\/\/www.mjvinnovation.com\/it\/condizioni-duso\/\"]}]},{\"@type\":\"BreadcrumbList\",\"@id\":\"https:\/\/www.mjvinnovation.com\/it\/condizioni-duso\/#breadcrumb\",\"itemListElement\":[{\"@type\":\"ListItem\",\"position\":1,\"name\":\"Home\",\"item\":\"https:\/\/www.mjvinnovation.com\/it\/\"},{\"@type\":\"ListItem\",\"position\":2,\"name\":\"Condizioni d\u2019uso\"}]},{\"@type\":\"WebSite\",\"@id\":\"https:\/\/www.mjvinnovation.com\/it\/#website\",\"url\":\"https:\/\/www.mjvinnovation.com\/it\/\",\"name\":\"MJV Technology &amp; Innovation\",\"description\":\"We are people transforming business\",\"publisher\":{\"@id\":\"https:\/\/www.mjvinnovation.com\/it\/#organization\"},\"potentialAction\":[{\"@type\":\"SearchAction\",\"target\":{\"@type\":\"EntryPoint\",\"urlTemplate\":\"https:\/\/www.mjvinnovation.com\/it\/?s={search_term_string}\"},\"query-input\":{\"@type\":\"PropertyValueSpecification\",\"valueRequired\":true,\"valueName\":\"search_term_string\"}}],\"inLanguage\":\"it-IT\"},{\"@type\":\"Organization\",\"@id\":\"https:\/\/www.mjvinnovation.com\/it\/#organization\",\"name\":\"MJV Technology and Innovation\",\"url\":\"https:\/\/www.mjvinnovation.com\/it\/\",\"logo\":{\"@type\":\"ImageObject\",\"inLanguage\":\"it-IT\",\"@id\":\"https:\/\/www.mjvinnovation.com\/it\/#\/schema\/logo\/image\/\",\"url\":\"https:\/\/www.mjvinnovation.com\/wp-content\/uploads\/2021\/07\/logo_mjv_favicon.png\",\"contentUrl\":\"https:\/\/www.mjvinnovation.com\/wp-content\/uploads\/2021\/07\/logo_mjv_favicon.png\",\"width\":128,\"height\":128,\"caption\":\"MJV Technology and Innovation\"},\"image\":{\"@id\":\"https:\/\/www.mjvinnovation.com\/it\/#\/schema\/logo\/image\/\"},\"sameAs\":[\"https:\/\/www.facebook.com\/mjvinnovation\/\",\"https:\/\/x.com\/MJVinnovation\",\"https:\/\/www.instagram.com\/mjvinnovation\/\",\"https:\/\/www.linkedin.com\/company\/mjv-tech-and-innovation\",\"https:\/\/www.youtube.com\/channel\/UCUlTs06JlXwUd09Jzg9kqDA\"]}]}<\/script>\n<!-- \/ Yoast SEO plugin. -->","yoast_head_json":{"title":"Condizioni d\u2019uso - MJV Technology &amp; Innovation","robots":{"index":"index","follow":"follow","max-snippet":"max-snippet:-1","max-image-preview":"max-image-preview:large","max-video-preview":"max-video-preview:-1"},"canonical":"https:\/\/www.mjvinnovation.com\/it\/condizioni-duso\/","og_locale":"it_IT","og_type":"article","og_title":"Condizioni d\u2019uso - MJV Technology &amp; Innovation","og_url":"https:\/\/www.mjvinnovation.com\/it\/condizioni-duso\/","og_site_name":"MJV Technology &amp; Innovation","article_publisher":"https:\/\/www.facebook.com\/mjvinnovation\/","article_modified_time":"2021-07-16T16:59:03+00:00","twitter_card":"summary_large_image","twitter_site":"@MJVinnovation","twitter_misc":{"Tempo di lettura stimato":"4 minuti"},"schema":{"@context":"https:\/\/schema.org","@graph":[{"@type":"WebPage","@id":"https:\/\/www.mjvinnovation.com\/it\/condizioni-duso\/","url":"https:\/\/www.mjvinnovation.com\/it\/condizioni-duso\/","name":"Condizioni d\u2019uso - MJV Technology &amp; Innovation","isPartOf":{"@id":"https:\/\/www.mjvinnovation.com\/it\/#website"},"datePublished":"2021-07-16T16:55:09+00:00","dateModified":"2021-07-16T16:59:03+00:00","breadcrumb":{"@id":"https:\/\/www.mjvinnovation.com\/it\/condizioni-duso\/#breadcrumb"},"inLanguage":"it-IT","potentialAction":[{"@type":"ReadAction","target":["https:\/\/www.mjvinnovation.com\/it\/condizioni-duso\/"]}]},{"@type":"BreadcrumbList","@id":"https:\/\/www.mjvinnovation.com\/it\/condizioni-duso\/#breadcrumb","itemListElement":[{"@type":"ListItem","position":1,"name":"Home","item":"https:\/\/www.mjvinnovation.com\/it\/"},{"@type":"ListItem","position":2,"name":"Condizioni d\u2019uso"}]},{"@type":"WebSite","@id":"https:\/\/www.mjvinnovation.com\/it\/#website","url":"https:\/\/www.mjvinnovation.com\/it\/","name":"MJV Technology &amp; Innovation","description":"We are people transforming business","publisher":{"@id":"https:\/\/www.mjvinnovation.com\/it\/#organization"},"potentialAction":[{"@type":"SearchAction","target":{"@type":"EntryPoint","urlTemplate":"https:\/\/www.mjvinnovation.com\/it\/?s={search_term_string}"},"query-input":{"@type":"PropertyValueSpecification","valueRequired":true,"valueName":"search_term_string"}}],"inLanguage":"it-IT"},{"@type":"Organization","@id":"https:\/\/www.mjvinnovation.com\/it\/#organization","name":"MJV Technology and Innovation","url":"https:\/\/www.mjvinnovation.com\/it\/","logo":{"@type":"ImageObject","inLanguage":"it-IT","@id":"https:\/\/www.mjvinnovation.com\/it\/#\/schema\/logo\/image\/","url":"https:\/\/www.mjvinnovation.com\/wp-content\/uploads\/2021\/07\/logo_mjv_favicon.png","contentUrl":"https:\/\/www.mjvinnovation.com\/wp-content\/uploads\/2021\/07\/logo_mjv_favicon.png","width":128,"height":128,"caption":"MJV Technology and Innovation"},"image":{"@id":"https:\/\/www.mjvinnovation.com\/it\/#\/schema\/logo\/image\/"},"sameAs":["https:\/\/www.facebook.com\/mjvinnovation\/","https:\/\/x.com\/MJVinnovation","https:\/\/www.instagram.com\/mjvinnovation\/","https:\/\/www.linkedin.com\/company\/mjv-tech-and-innovation","https:\/\/www.youtube.com\/channel\/UCUlTs06JlXwUd09Jzg9kqDA"]}]}},"_links":{"self":[{"href":"https:\/\/www.mjvinnovation.com\/it\/wp-json\/wp\/v2\/pages\/16566","targetHints":{"allow":["GET"]}}],"collection":[{"href":"https:\/\/www.mjvinnovation.com\/it\/wp-json\/wp\/v2\/pages"}],"about":[{"href":"https:\/\/www.mjvinnovation.com\/it\/wp-json\/wp\/v2\/types\/page"}],"author":[{"embeddable":true,"href":"https:\/\/www.mjvinnovation.com\/it\/wp-json\/wp\/v2\/users\/6"}],"replies":[{"embeddable":true,"href":"https:\/\/www.mjvinnovation.com\/it\/wp-json\/wp\/v2\/comments?post=16566"}],"version-history":[{"count":3,"href":"https:\/\/www.mjvinnovation.com\/it\/wp-json\/wp\/v2\/pages\/16566\/revisions"}],"predecessor-version":[{"id":16575,"href":"https:\/\/www.mjvinnovation.com\/it\/wp-json\/wp\/v2\/pages\/16566\/revisions\/16575"}],"wp:attachment":[{"href":"https:\/\/www.mjvinnovation.com\/it\/wp-json\/wp\/v2\/media?parent=16566"}],"curies":[{"name":"wp","href":"https:\/\/api.w.org\/{rel}","templated":true}]}}