{"id":3771,"date":"2021-04-13T18:53:45","date_gmt":"2021-04-13T21:53:45","guid":{"rendered":"https:\/\/www.mjvinnovation.com\/?page_id=3771"},"modified":"2024-03-18T21:53:10","modified_gmt":"2024-03-19T00:53:10","slug":"projets-realises","status":"publish","type":"page","link":"https:\/\/www.mjvinnovation.com\/fr\/projets-realises\/","title":{"rendered":"Projets r\u00e9alis\u00e9s"},"content":{"rendered":"\n\t\t\t\t\t<section class=\"mjv-banner banner-secondary\" style=\"background:linear-gradient(270deg, #60489d, #9e1354);\">\n\t\t\t\n\t\t<div class=\"mjv-banner-container\">\n\t\t<h1 class=\"mjv-banner-title\">Penser le futur<\/h1>\n\t\t<div class=\"mjv-banner-subtitle\"><p>Des missions et des clients innovants.<\/p>\n<\/div>\n\t<\/div>\n<\/section>\n\n<div id=\"mjv-thumbnailCases-container\" class=\"mjv-thumbnail-container\">\n    <main class=\"mjv-thumbnail-content\">\n        <div id=\"mjv-searchPage-cases\" class=\"mjv-searchPage-content\">\n            <div id=\"cases-input-container\" class=\"mjv-search-container-input\"><\/div>\n            <div class=\"mjv-search-filters\">\n                <div id=\"categories-y\" class=\"mjv-filter\"><\/div>\n            <\/div>\n        <\/div>\n        <div id=\"hits-c\" class=\"mjv-thumbnail-items\">\n            <script type=\"texts\/html\" id=\"hit-template-c\">\n                <div class=\"mjv-thumbnail-item\">\n                    <a href=\"{{permalink}}\" class=\"mjv-thumbnail-link\">\n                        <div class=\"mjv-thumbnail-image\" style=\"background-image: url('{{images.full.url}}');\"><\/div>\n                        <div class=\"mjv-infoRevise\">\n                            <i class=\"mjv-icon-category\"><\/i>\n                            {{taxonomies.case}}\n                        <\/div>\n                        <div class=\"mjv-thumbnail-info\">\n                            <h2 class=\"mjv-titleRevise\">{{post_title}}<\/h2>\n                            <div class=\"mjv-caseExcerpt\">{{post_excerpt}}<\/div>\n                            <a href=\"{{permalink}}\" class=\"mjv-btn mjv-btn-clean\">{{text_link}}<i class=\"mjv-icon-seta\"><\/i><\/a>\n                        <\/div>\n                     <\/a>\n                 <\/div>\n             <\/script>\n        <\/div>\n    <\/main>\n<\/div>\n\n\n<script>\nconsole.log(current_locale);\nfunction instantCases() {\n\n    var cases = instantsearch({\n        searchClient: algoliasearch('BIO2A81EYZ', '06e9a81339c2afad3cdc02f55b6870a7'),  \/\/ search only API key, no ADMIN key\n        indexName: 'wp_posts_case-studies',\n        urlSync: true\n    });\n\n\n        cases.addWidgets([\n          instantsearch.widgets.configure({\n            filters: 'wpml.locale:\"' + current_locale + '\"', \/\/ This is the line we added.\n            hitsPerPage: 6\n          }),\n        ]); \n        cases.addWidget(\n            instantsearch.widgets.searchBox({\n                container: '#cases-input-container',\n                placeholder: placeHolder.mjv_placeholder_string ,\n            })\n        );\n        cases.addWidget(\n            instantsearch.widgets.hits({\n                container: '#hits-c',\n                templates: {\n                    item: document.getElementById('hit-template-c').innerHTML,\n                    empty: \"<div class='alert alert-warning alert-dismissible fade show' role='alert'>No results for <strong>\\\"{{query}}\\\"<\/strong><button type='button' class='close' data-dismiss='alert' aria-label='Close'><span aria-hidden='true'>&times;<\/span><\/button>\",\n                },\n                escapeHits: true\n            })\n        );\n        cases.addWidget(\n            instantsearch.widgets.infiniteHits({\n                container: '#hits-c',\n                templates: {\n                    item: '<div class=\"mjv-thumbnail-item\"><a href=\"{{permalink}}\" class=\"mjv-thumbnail-link img-group\"><img decoding=\"async\" class=\"mjv-thumbnail-image\" src=\"{{images.full.url}}\"\/><div class=\"mjv-infoRevise\"><i class=\"mjv-icon-category\"><\/i>{{taxonomies.category}}<\/div><div class=\"mjv-thumbnail-info\"><h2 class=\"mjv-titleRevise\">{{post_title}}<\/h2><div class=\"mjv-caseExcerpt\">{{post_excerpt}}<\/div><a href=\"{{permalink}}\" class=\"mjv-btn mjv-btn-clean\">{{text_link}}<i class=\"mjv-icon-seta\"><\/i><\/a><\/div><\/a><\/div>',\n                    empty: \"<div class='alert alert-warning alert-dismissible fade show' role='alert'>No results for <strong>\\\"{{query}}\\\"<\/strong><button type='button' class='close' data-dismiss='alert' aria-label='Close'><span aria-hidden='true'>&times;<\/span><\/button>\",\n                    showMoreText(data, { html }) {\n                        return html`<span>${loadMore.mjv_string}<\/span>`;\n                    },\n                },\n                escapeHits: true,\n                cssClasses: {\n                    item:'ais-hits--item',\n                    root:'ais-hits',\n                    loadMore: 'mjv-btn mjv-btn-small mjv-btn-purple' \/* N\u00e3o funciona pelo algolia, por isso \u00e9 preciso declarar direto no css pela tag BUTTON*\/\n                }\n            })\n        );\n        cases.addWidget(\n            instantsearch.widgets.menuSelect({\n                container: '#categories-y',\n                attribute: 'taxonomies.category',\n                limit: 10,\n                templates: {\n                    seeAllOption: menuSelect.mjv_menuSelect_string,\n                },\n\n                \/* SE PRECISAR CRIAR CLASSE PARA O SELECT USA ISSO AQUI! *\/\n\n                cssClasses: {\n                    root: 'classe-a',\n                    header: 'classe-b',\n                    select: 'classe-c',\n                    option:'classe-d',\n                    footer:'classe-e'\n                }\n            })\n        );\n    cases.start();\n}\ninstantCases();\n<\/script>","protected":false},"excerpt":{"rendered":"","protected":false},"author":6,"featured_media":0,"parent":0,"menu_order":0,"comment_status":"closed","ping_status":"closed","template":"","meta":{"_acf_changed":false,"footnotes":""},"class_list":["post-3771","page","type-page","status-publish","hentry"],"acf":[],"yoast_head":"<!-- This site is optimized with the Yoast SEO plugin v26.0 - https:\/\/yoast.com\/wordpress\/plugins\/seo\/ -->\n<title>Projets r\u00e9alis\u00e9s - MJV Technology &amp; Innovation<\/title>\n<meta name=\"description\" content=\"D\u00e9couvrez des projets r\u00e9alis\u00e9s pour de grandes entreprises, transform\u00e9es par le design thinking, les m\u00e9thodologies agiles, la transformation digitale etc!\" \/>\n<meta name=\"robots\" content=\"index, follow, max-snippet:-1, max-image-preview:large, max-video-preview:-1\" \/>\n<link rel=\"canonical\" href=\"https:\/\/www.mjvinnovation.com\/fr\/projets-realises\/\" \/>\n<meta property=\"og:locale\" content=\"fr_FR\" \/>\n<meta property=\"og:type\" content=\"article\" \/>\n<meta property=\"og:title\" content=\"Case Studies - MJV Technology &amp; Innovation\" \/>\n<meta property=\"og:description\" content=\"See our case studies with big companies transformed by design thinking, agile methodologies, digital transformation, personas research and more!\" \/>\n<meta property=\"og:url\" content=\"https:\/\/www.mjvinnovation.com\/fr\/projets-realises\/\" \/>\n<meta property=\"og:site_name\" content=\"MJV Technology &amp; Innovation\" \/>\n<meta property=\"article:publisher\" content=\"https:\/\/www.facebook.com\/mjvinnovation\/\" \/>\n<meta property=\"article:modified_time\" content=\"2024-03-19T00:53:10+00:00\" \/>\n<meta property=\"og:image\" content=\"https:\/\/www.mjvinnovation.com\/wp-content\/uploads\/2021\/07\/thumb-mjv-social.jpeg\" \/>\n\t<meta property=\"og:image:width\" content=\"1200\" \/>\n\t<meta property=\"og:image:height\" content=\"630\" \/>\n\t<meta property=\"og:image:type\" content=\"image\/jpeg\" \/>\n<meta name=\"twitter:card\" content=\"summary_large_image\" \/>\n<meta name=\"twitter:title\" content=\"Case Studies - MJV Technology &amp; Innovation\" \/>\n<meta name=\"twitter:description\" content=\"See our case studies with big companies transformed by design thinking, agile methodologies, digital transformation, personas research and more!\" \/>\n<meta name=\"twitter:image\" content=\"https:\/\/www.mjvinnovation.com\/wp-content\/uploads\/2021\/07\/thumb-mjv-social.jpeg\" \/>\n<meta name=\"twitter:site\" content=\"@MJVinnovation\" \/>\n<meta name=\"twitter:label1\" content=\"Dur\u00e9e de lecture estim\u00e9e\" \/>\n\t<meta name=\"twitter:data1\" content=\"1 minute\" \/>\n<script type=\"application\/ld+json\" class=\"yoast-schema-graph\">{\"@context\":\"https:\/\/schema.org\",\"@graph\":[{\"@type\":\"WebPage\",\"@id\":\"https:\/\/www.mjvinnovation.com\/fr\/projets-realises\/\",\"url\":\"https:\/\/www.mjvinnovation.com\/fr\/projets-realises\/\",\"name\":\"Projets r\u00e9alis\u00e9s - MJV Technology &amp; Innovation\",\"isPartOf\":{\"@id\":\"https:\/\/www.mjvinnovation.com\/fr\/#website\"},\"datePublished\":\"2021-04-13T21:53:45+00:00\",\"dateModified\":\"2024-03-19T00:53:10+00:00\",\"description\":\"D\u00e9couvrez des projets r\u00e9alis\u00e9s pour de grandes entreprises, transform\u00e9es par le design thinking, les m\u00e9thodologies agiles, la transformation digitale etc!\",\"breadcrumb\":{\"@id\":\"https:\/\/www.mjvinnovation.com\/fr\/projets-realises\/#breadcrumb\"},\"inLanguage\":\"fr-FR\",\"potentialAction\":[{\"@type\":\"ReadAction\",\"target\":[\"https:\/\/www.mjvinnovation.com\/fr\/projets-realises\/\"]}]},{\"@type\":\"BreadcrumbList\",\"@id\":\"https:\/\/www.mjvinnovation.com\/fr\/projets-realises\/#breadcrumb\",\"itemListElement\":[{\"@type\":\"ListItem\",\"position\":1,\"name\":\"Home\",\"item\":\"https:\/\/www.mjvinnovation.com\/fr\/\"},{\"@type\":\"ListItem\",\"position\":2,\"name\":\"Projets r\u00e9alis\u00e9s\"}]},{\"@type\":\"WebSite\",\"@id\":\"https:\/\/www.mjvinnovation.com\/fr\/#website\",\"url\":\"https:\/\/www.mjvinnovation.com\/fr\/\",\"name\":\"MJV Technology &amp; Innovation\",\"description\":\"We are people transforming business\",\"publisher\":{\"@id\":\"https:\/\/www.mjvinnovation.com\/fr\/#organization\"},\"potentialAction\":[{\"@type\":\"SearchAction\",\"target\":{\"@type\":\"EntryPoint\",\"urlTemplate\":\"https:\/\/www.mjvinnovation.com\/fr\/?s={search_term_string}\"},\"query-input\":{\"@type\":\"PropertyValueSpecification\",\"valueRequired\":true,\"valueName\":\"search_term_string\"}}],\"inLanguage\":\"fr-FR\"},{\"@type\":\"Organization\",\"@id\":\"https:\/\/www.mjvinnovation.com\/fr\/#organization\",\"name\":\"MJV Technology and Innovation\",\"url\":\"https:\/\/www.mjvinnovation.com\/fr\/\",\"logo\":{\"@type\":\"ImageObject\",\"inLanguage\":\"fr-FR\",\"@id\":\"https:\/\/www.mjvinnovation.com\/fr\/#\/schema\/logo\/image\/\",\"url\":\"https:\/\/www.mjvinnovation.com\/wp-content\/uploads\/2021\/07\/logo_mjv_favicon.png\",\"contentUrl\":\"https:\/\/www.mjvinnovation.com\/wp-content\/uploads\/2021\/07\/logo_mjv_favicon.png\",\"width\":128,\"height\":128,\"caption\":\"MJV Technology and Innovation\"},\"image\":{\"@id\":\"https:\/\/www.mjvinnovation.com\/fr\/#\/schema\/logo\/image\/\"},\"sameAs\":[\"https:\/\/www.facebook.com\/mjvinnovation\/\",\"https:\/\/x.com\/MJVinnovation\",\"https:\/\/www.instagram.com\/mjvinnovation\/\",\"https:\/\/www.linkedin.com\/company\/mjv-tech-and-innovation\",\"https:\/\/www.youtube.com\/channel\/UCUlTs06JlXwUd09Jzg9kqDA\"]}]}<\/script>\n<!-- \/ Yoast SEO plugin. -->","yoast_head_json":{"title":"Projets r\u00e9alis\u00e9s - MJV Technology &amp; Innovation","description":"D\u00e9couvrez des projets r\u00e9alis\u00e9s pour de grandes entreprises, transform\u00e9es par le design thinking, les m\u00e9thodologies agiles, la transformation digitale etc!","robots":{"index":"index","follow":"follow","max-snippet":"max-snippet:-1","max-image-preview":"max-image-preview:large","max-video-preview":"max-video-preview:-1"},"canonical":"https:\/\/www.mjvinnovation.com\/fr\/projets-realises\/","og_locale":"fr_FR","og_type":"article","og_title":"Case Studies - MJV Technology & Innovation","og_description":"See our case studies with big companies transformed by design thinking, agile methodologies, digital transformation, personas research and more!","og_url":"https:\/\/www.mjvinnovation.com\/fr\/projets-realises\/","og_site_name":"MJV Technology &amp; Innovation","article_publisher":"https:\/\/www.facebook.com\/mjvinnovation\/","article_modified_time":"2024-03-19T00:53:10+00:00","og_image":[{"width":1200,"height":630,"url":"https:\/\/www.mjvinnovation.com\/wp-content\/uploads\/2021\/07\/thumb-mjv-social.jpeg","type":"image\/jpeg"}],"twitter_card":"summary_large_image","twitter_title":"Case Studies - MJV Technology & Innovation","twitter_description":"See our case studies with big companies transformed by design thinking, agile methodologies, digital transformation, personas research and more!","twitter_image":"https:\/\/www.mjvinnovation.com\/wp-content\/uploads\/2021\/07\/thumb-mjv-social.jpeg","twitter_site":"@MJVinnovation","twitter_misc":{"Dur\u00e9e de lecture estim\u00e9e":"1 minute"},"schema":{"@context":"https:\/\/schema.org","@graph":[{"@type":"WebPage","@id":"https:\/\/www.mjvinnovation.com\/fr\/projets-realises\/","url":"https:\/\/www.mjvinnovation.com\/fr\/projets-realises\/","name":"Projets r\u00e9alis\u00e9s - MJV Technology &amp; Innovation","isPartOf":{"@id":"https:\/\/www.mjvinnovation.com\/fr\/#website"},"datePublished":"2021-04-13T21:53:45+00:00","dateModified":"2024-03-19T00:53:10+00:00","description":"D\u00e9couvrez des projets r\u00e9alis\u00e9s pour de grandes entreprises, transform\u00e9es par le design thinking, les m\u00e9thodologies agiles, la transformation digitale etc!","breadcrumb":{"@id":"https:\/\/www.mjvinnovation.com\/fr\/projets-realises\/#breadcrumb"},"inLanguage":"fr-FR","potentialAction":[{"@type":"ReadAction","target":["https:\/\/www.mjvinnovation.com\/fr\/projets-realises\/"]}]},{"@type":"BreadcrumbList","@id":"https:\/\/www.mjvinnovation.com\/fr\/projets-realises\/#breadcrumb","itemListElement":[{"@type":"ListItem","position":1,"name":"Home","item":"https:\/\/www.mjvinnovation.com\/fr\/"},{"@type":"ListItem","position":2,"name":"Projets r\u00e9alis\u00e9s"}]},{"@type":"WebSite","@id":"https:\/\/www.mjvinnovation.com\/fr\/#website","url":"https:\/\/www.mjvinnovation.com\/fr\/","name":"MJV Technology &amp; Innovation","description":"We are people transforming business","publisher":{"@id":"https:\/\/www.mjvinnovation.com\/fr\/#organization"},"potentialAction":[{"@type":"SearchAction","target":{"@type":"EntryPoint","urlTemplate":"https:\/\/www.mjvinnovation.com\/fr\/?s={search_term_string}"},"query-input":{"@type":"PropertyValueSpecification","valueRequired":true,"valueName":"search_term_string"}}],"inLanguage":"fr-FR"},{"@type":"Organization","@id":"https:\/\/www.mjvinnovation.com\/fr\/#organization","name":"MJV Technology and Innovation","url":"https:\/\/www.mjvinnovation.com\/fr\/","logo":{"@type":"ImageObject","inLanguage":"fr-FR","@id":"https:\/\/www.mjvinnovation.com\/fr\/#\/schema\/logo\/image\/","url":"https:\/\/www.mjvinnovation.com\/wp-content\/uploads\/2021\/07\/logo_mjv_favicon.png","contentUrl":"https:\/\/www.mjvinnovation.com\/wp-content\/uploads\/2021\/07\/logo_mjv_favicon.png","width":128,"height":128,"caption":"MJV Technology and Innovation"},"image":{"@id":"https:\/\/www.mjvinnovation.com\/fr\/#\/schema\/logo\/image\/"},"sameAs":["https:\/\/www.facebook.com\/mjvinnovation\/","https:\/\/x.com\/MJVinnovation","https:\/\/www.instagram.com\/mjvinnovation\/","https:\/\/www.linkedin.com\/company\/mjv-tech-and-innovation","https:\/\/www.youtube.com\/channel\/UCUlTs06JlXwUd09Jzg9kqDA"]}]}},"_links":{"self":[{"href":"https:\/\/www.mjvinnovation.com\/fr\/wp-json\/wp\/v2\/pages\/3771","targetHints":{"allow":["GET"]}}],"collection":[{"href":"https:\/\/www.mjvinnovation.com\/fr\/wp-json\/wp\/v2\/pages"}],"about":[{"href":"https:\/\/www.mjvinnovation.com\/fr\/wp-json\/wp\/v2\/types\/page"}],"author":[{"embeddable":true,"href":"https:\/\/www.mjvinnovation.com\/fr\/wp-json\/wp\/v2\/users\/6"}],"replies":[{"embeddable":true,"href":"https:\/\/www.mjvinnovation.com\/fr\/wp-json\/wp\/v2\/comments?post=3771"}],"version-history":[{"count":6,"href":"https:\/\/www.mjvinnovation.com\/fr\/wp-json\/wp\/v2\/pages\/3771\/revisions"}],"predecessor-version":[{"id":42795,"href":"https:\/\/www.mjvinnovation.com\/fr\/wp-json\/wp\/v2\/pages\/3771\/revisions\/42795"}],"wp:attachment":[{"href":"https:\/\/www.mjvinnovation.com\/fr\/wp-json\/wp\/v2\/media?parent=3771"}],"curies":[{"name":"wp","href":"https:\/\/api.w.org\/{rel}","templated":true}]}}