{"id":16563,"date":"2021-07-16T13:54:25","date_gmt":"2021-07-16T16:54:25","guid":{"rendered":"https:\/\/www.mjvinnovation.com\/?page_id=16563"},"modified":"2021-07-16T13:54:28","modified_gmt":"2021-07-16T16:54:28","slug":"conditions-dutilisation","status":"publish","type":"page","link":"https:\/\/www.mjvinnovation.com\/fr\/conditions-dutilisation\/","title":{"rendered":"Conditions d\u2019utilisation"},"content":{"rendered":"\n\t\t\t<section class=\"mjv-banner banner-secondary\" style=\"background-color:#60489d\">\n\n\t\t<div class=\"mjv-banner-container\">\n\t\t<h1 class=\"mjv-banner-title\">Conditions d\u2019utilisation<\/h1>\n\t\t<div class=\"mjv-banner-subtitle\"><\/div>\n\t<\/div>\n<\/section>\n\n<section class=\"mjv-section-container\">\n  <div class=\"only-text mjv-section-content\">\n    <div class=\"container\">\n      <p>MJV Technology &amp; Innovation (\u00ab\u00a0MJV\u00a0\u00bb ou \u00ab\u00a0nous\u00a0\u00bb) fournit le contenu de ce site Web (\u00ab\u00a0<a href=\"https:\/\/www.mjvinnovation.com\/fr\">https:\/\/www.mjvinnovation.com\/fr<\/a>\u00ab\u00a0) sous r\u00e9serve des conditions g\u00e9n\u00e9rales suivantes (les \u00ab\u00a0Conditions\u00a0\u00bb). Nous pouvons p\u00e9riodiquement modifier les conditions, veuillez les v\u00e9rifier de temps en temps. En acc\u00e9dant \u00e0 ce site et en l\u2019utilisant, vous acceptez les pr\u00e9sentes conditions. Pour une explication des pratiques et des politiques de MJV concernant la collecte, l\u2019utilisation et le stockage des informations de nos utilisateurs, veuillez lire notre Politique de confidentialit\u00e9.<\/p>\n<h2><b>1. CONTENU ET UTILISATION DU SITE<\/b><\/h2>\n<p>Tout le contenu et toutes les fonctionnalit\u00e9s du Site, y compris le texte, les graphiques, les logos, les ic\u00f4nes et les images, ainsi que leur s\u00e9lection et leur disposition (\u00a0\u00bb Contenu du Site \u00ab\u00a0), sont la propri\u00e9t\u00e9 exclusive de MJV, de ses filiales ou de ses conc\u00e9dants et sont prot\u00e9g\u00e9s par les lois internationales sur le copyright. Les marques d\u00e9pos\u00e9es, marques de service, dessins et logos (collectivement, les \u00a0\u00bb Marques d\u00e9pos\u00e9es\u00a0\u00bb) affich\u00e9s sur le site sont des marques d\u00e9pos\u00e9es enregistr\u00e9es et non enregistr\u00e9es de MJV Technology &amp; Innovation, de ses soci\u00e9t\u00e9s affili\u00e9es et de ses conc\u00e9dants. Tous les droits non express\u00e9ment accord\u00e9s sont r\u00e9serv\u00e9s.<\/p>\n<p>Toute reproduction ou redistribution, en tout ou en partie, du Contenu du Site et des fonctionnalit\u00e9s affich\u00e9es sur le Site est express\u00e9ment interdite par la loi et peut entra\u00eener des amendes p\u00e9nales ou civiles. Vous ne pouvez pas reproduire, modifier, distribuer, transmettre, afficher ou divulguer le contenu du site sans le consentement \u00e9crit pr\u00e9alable de MJV. Vous vous engagez \u00e0 ne pas faire r\u00e9f\u00e9rence ou attribuer tout contenu de site \u00e0 MJV, \u00e0 ses soci\u00e9t\u00e9s affili\u00e9es ou \u00e0 ses conc\u00e9dants de licence, dans quelque m\u00e9dia public que ce soit (p. ex., communiqu\u00e9 de presse, sites Web) \u00e0 des fins de publicit\u00e9 ou de promotion ou pour informer ou influencer un tiers, et vous ne devez utiliser ni reproduire aucune Marque d\u00e9pos\u00e9e de MJV, de ses filiales ou conc\u00e9dants de licence ni impliquer une approbation ou une relation avec ceux-ci.<\/p>\n<h2><b>2. CONSTATS D\u2019INFRACTION<\/b><\/h2>\n<p>MJV interdit la publication de tout contenu qui enfreint ou viole les droits d\u2019auteur et\/ou autres droits de propri\u00e9t\u00e9 intellectuelle (y compris les droits de confidentialit\u00e9 et de publicit\u00e9) de toute personne ou entit\u00e9. Si vous pensez que votre droit de propri\u00e9t\u00e9 intellectuelle (ou un droit que vous \u00eates responsable de faire respecter) est viol\u00e9 par tout contenu sur le Site, veuillez \u00e9crire \u00e0 MJV, en donnant une d\u00e9claration \u00e9crite qui contient : (a) l\u2019identification de l\u2019\u0153uvre prot\u00e9g\u00e9e par le droit d\u2019auteur et\/ou du droit de propri\u00e9t\u00e9 intellectuelle pr\u00e9tendument viol\u00e9 ; (b) l\u2019identification du mat\u00e9riel pr\u00e9tendument viol\u00e9 sur le site qui doit \u00eatre retir\u00e9 ; (c) votre nom, adresse et num\u00e9ro de t\u00e9l\u00e9phone et une adresse \u00e9lectronique si disponible ; (d) une d\u00e9claration de bonne foi que vous croyez que l\u2019utilisation de l\u2019\u0153uvre prot\u00e9g\u00e9e par le droit d\u2019auteur ou l\u2019exercice du droit de propri\u00e9t\u00e9 intellectuelle ne sont pas autoris\u00e9s par le titulaire, son agent ou la loi ; e) une d\u00e9claration attestant que les renseignements contenus dans la notification sont exacts et, sous peine de parjure, que le signataire est autoris\u00e9 \u00e0 agir au nom du titulaire du droit qui est suppos\u00e9 \u00eatre l\u00e9s\u00e9 ; et f) la signature du titulaire du droit de propri\u00e9t\u00e9 intellectuelle ou d\u2019une personne autoris\u00e9e en son nom \u00e0 faire valoir une violation du droit. MJV supprimera tout contenu publi\u00e9 qui enfreint le droit d\u2019auteur ou tout autre droit de propri\u00e9t\u00e9 intellectuelle d\u2019une personne en vertu du droit d\u2019auteur international.<\/p>\n<h2><b>3. SITES WEB DE TIERS<\/b><\/h2>\n<p>Nous pouvons fournir des liens vers des sites Web de tiers, et une partie du contenu apparaissant sur ce Site est en fait fournie par des tiers, par exemple, dans des cas de r\u00e9f\u00e9rencement de sites Web de tiers ou d\u2019incorporation par des r\u00e9f\u00e9rencement de contenu fourni par des serveurs tiers. MJV n\u2019assume aucune responsabilit\u00e9 \u00e0 l\u2019\u00e9gard de ces sites Web de tiers, qui sont r\u00e9gis par les conditions d\u2019utilisation et les politiques de confidentialit\u00e9, le cas \u00e9ch\u00e9ant, des tiers fournisseurs de contenu concern\u00e9s.<\/p>\n    <\/div>\n  <\/div>\n<\/section>","protected":false},"excerpt":{"rendered":"","protected":false},"author":6,"featured_media":0,"parent":0,"menu_order":0,"comment_status":"closed","ping_status":"closed","template":"","meta":{"_acf_changed":false,"footnotes":""},"class_list":["post-16563","page","type-page","status-publish","hentry"],"acf":[],"yoast_head":"<!-- This site is optimized with the Yoast SEO plugin v26.0 - https:\/\/yoast.com\/wordpress\/plugins\/seo\/ -->\n<title>Conditions d\u2019utilisation - MJV Technology &amp; Innovation<\/title>\n<meta name=\"robots\" content=\"index, follow, max-snippet:-1, max-image-preview:large, max-video-preview:-1\" \/>\n<link rel=\"canonical\" href=\"https:\/\/www.mjvinnovation.com\/fr\/conditions-dutilisation\/\" \/>\n<meta property=\"og:locale\" content=\"fr_FR\" \/>\n<meta property=\"og:type\" content=\"article\" \/>\n<meta property=\"og:title\" content=\"Conditions d\u2019utilisation - MJV Technology &amp; Innovation\" \/>\n<meta property=\"og:url\" content=\"https:\/\/www.mjvinnovation.com\/fr\/conditions-dutilisation\/\" \/>\n<meta property=\"og:site_name\" content=\"MJV Technology &amp; Innovation\" \/>\n<meta property=\"article:publisher\" content=\"https:\/\/www.facebook.com\/mjvinnovation\/\" \/>\n<meta property=\"article:modified_time\" content=\"2021-07-16T16:54:28+00:00\" \/>\n<meta name=\"twitter:card\" content=\"summary_large_image\" \/>\n<meta name=\"twitter:site\" content=\"@MJVinnovation\" \/>\n<script type=\"application\/ld+json\" class=\"yoast-schema-graph\">{\"@context\":\"https:\/\/schema.org\",\"@graph\":[{\"@type\":\"WebPage\",\"@id\":\"https:\/\/www.mjvinnovation.com\/fr\/conditions-dutilisation\/\",\"url\":\"https:\/\/www.mjvinnovation.com\/fr\/conditions-dutilisation\/\",\"name\":\"Conditions d\u2019utilisation - MJV Technology &amp; Innovation\",\"isPartOf\":{\"@id\":\"https:\/\/www.mjvinnovation.com\/fr\/#website\"},\"datePublished\":\"2021-07-16T16:54:25+00:00\",\"dateModified\":\"2021-07-16T16:54:28+00:00\",\"breadcrumb\":{\"@id\":\"https:\/\/www.mjvinnovation.com\/fr\/conditions-dutilisation\/#breadcrumb\"},\"inLanguage\":\"fr-FR\",\"potentialAction\":[{\"@type\":\"ReadAction\",\"target\":[\"https:\/\/www.mjvinnovation.com\/fr\/conditions-dutilisation\/\"]}]},{\"@type\":\"BreadcrumbList\",\"@id\":\"https:\/\/www.mjvinnovation.com\/fr\/conditions-dutilisation\/#breadcrumb\",\"itemListElement\":[{\"@type\":\"ListItem\",\"position\":1,\"name\":\"Home\",\"item\":\"https:\/\/www.mjvinnovation.com\/fr\/\"},{\"@type\":\"ListItem\",\"position\":2,\"name\":\"Conditions d\u2019utilisation\"}]},{\"@type\":\"WebSite\",\"@id\":\"https:\/\/www.mjvinnovation.com\/fr\/#website\",\"url\":\"https:\/\/www.mjvinnovation.com\/fr\/\",\"name\":\"MJV Technology &amp; Innovation\",\"description\":\"We are people transforming business\",\"publisher\":{\"@id\":\"https:\/\/www.mjvinnovation.com\/fr\/#organization\"},\"potentialAction\":[{\"@type\":\"SearchAction\",\"target\":{\"@type\":\"EntryPoint\",\"urlTemplate\":\"https:\/\/www.mjvinnovation.com\/fr\/?s={search_term_string}\"},\"query-input\":{\"@type\":\"PropertyValueSpecification\",\"valueRequired\":true,\"valueName\":\"search_term_string\"}}],\"inLanguage\":\"fr-FR\"},{\"@type\":\"Organization\",\"@id\":\"https:\/\/www.mjvinnovation.com\/fr\/#organization\",\"name\":\"MJV Technology and Innovation\",\"url\":\"https:\/\/www.mjvinnovation.com\/fr\/\",\"logo\":{\"@type\":\"ImageObject\",\"inLanguage\":\"fr-FR\",\"@id\":\"https:\/\/www.mjvinnovation.com\/fr\/#\/schema\/logo\/image\/\",\"url\":\"https:\/\/www.mjvinnovation.com\/wp-content\/uploads\/2021\/07\/logo_mjv_favicon.png\",\"contentUrl\":\"https:\/\/www.mjvinnovation.com\/wp-content\/uploads\/2021\/07\/logo_mjv_favicon.png\",\"width\":128,\"height\":128,\"caption\":\"MJV Technology and Innovation\"},\"image\":{\"@id\":\"https:\/\/www.mjvinnovation.com\/fr\/#\/schema\/logo\/image\/\"},\"sameAs\":[\"https:\/\/www.facebook.com\/mjvinnovation\/\",\"https:\/\/x.com\/MJVinnovation\",\"https:\/\/www.instagram.com\/mjvinnovation\/\",\"https:\/\/www.linkedin.com\/company\/mjv-tech-and-innovation\",\"https:\/\/www.youtube.com\/channel\/UCUlTs06JlXwUd09Jzg9kqDA\"]}]}<\/script>\n<!-- \/ Yoast SEO plugin. -->","yoast_head_json":{"title":"Conditions d\u2019utilisation - MJV Technology &amp; Innovation","robots":{"index":"index","follow":"follow","max-snippet":"max-snippet:-1","max-image-preview":"max-image-preview:large","max-video-preview":"max-video-preview:-1"},"canonical":"https:\/\/www.mjvinnovation.com\/fr\/conditions-dutilisation\/","og_locale":"fr_FR","og_type":"article","og_title":"Conditions d\u2019utilisation - MJV Technology &amp; Innovation","og_url":"https:\/\/www.mjvinnovation.com\/fr\/conditions-dutilisation\/","og_site_name":"MJV Technology &amp; Innovation","article_publisher":"https:\/\/www.facebook.com\/mjvinnovation\/","article_modified_time":"2021-07-16T16:54:28+00:00","twitter_card":"summary_large_image","twitter_site":"@MJVinnovation","schema":{"@context":"https:\/\/schema.org","@graph":[{"@type":"WebPage","@id":"https:\/\/www.mjvinnovation.com\/fr\/conditions-dutilisation\/","url":"https:\/\/www.mjvinnovation.com\/fr\/conditions-dutilisation\/","name":"Conditions d\u2019utilisation - MJV Technology &amp; Innovation","isPartOf":{"@id":"https:\/\/www.mjvinnovation.com\/fr\/#website"},"datePublished":"2021-07-16T16:54:25+00:00","dateModified":"2021-07-16T16:54:28+00:00","breadcrumb":{"@id":"https:\/\/www.mjvinnovation.com\/fr\/conditions-dutilisation\/#breadcrumb"},"inLanguage":"fr-FR","potentialAction":[{"@type":"ReadAction","target":["https:\/\/www.mjvinnovation.com\/fr\/conditions-dutilisation\/"]}]},{"@type":"BreadcrumbList","@id":"https:\/\/www.mjvinnovation.com\/fr\/conditions-dutilisation\/#breadcrumb","itemListElement":[{"@type":"ListItem","position":1,"name":"Home","item":"https:\/\/www.mjvinnovation.com\/fr\/"},{"@type":"ListItem","position":2,"name":"Conditions d\u2019utilisation"}]},{"@type":"WebSite","@id":"https:\/\/www.mjvinnovation.com\/fr\/#website","url":"https:\/\/www.mjvinnovation.com\/fr\/","name":"MJV Technology &amp; Innovation","description":"We are people transforming business","publisher":{"@id":"https:\/\/www.mjvinnovation.com\/fr\/#organization"},"potentialAction":[{"@type":"SearchAction","target":{"@type":"EntryPoint","urlTemplate":"https:\/\/www.mjvinnovation.com\/fr\/?s={search_term_string}"},"query-input":{"@type":"PropertyValueSpecification","valueRequired":true,"valueName":"search_term_string"}}],"inLanguage":"fr-FR"},{"@type":"Organization","@id":"https:\/\/www.mjvinnovation.com\/fr\/#organization","name":"MJV Technology and Innovation","url":"https:\/\/www.mjvinnovation.com\/fr\/","logo":{"@type":"ImageObject","inLanguage":"fr-FR","@id":"https:\/\/www.mjvinnovation.com\/fr\/#\/schema\/logo\/image\/","url":"https:\/\/www.mjvinnovation.com\/wp-content\/uploads\/2021\/07\/logo_mjv_favicon.png","contentUrl":"https:\/\/www.mjvinnovation.com\/wp-content\/uploads\/2021\/07\/logo_mjv_favicon.png","width":128,"height":128,"caption":"MJV Technology and Innovation"},"image":{"@id":"https:\/\/www.mjvinnovation.com\/fr\/#\/schema\/logo\/image\/"},"sameAs":["https:\/\/www.facebook.com\/mjvinnovation\/","https:\/\/x.com\/MJVinnovation","https:\/\/www.instagram.com\/mjvinnovation\/","https:\/\/www.linkedin.com\/company\/mjv-tech-and-innovation","https:\/\/www.youtube.com\/channel\/UCUlTs06JlXwUd09Jzg9kqDA"]}]}},"_links":{"self":[{"href":"https:\/\/www.mjvinnovation.com\/fr\/wp-json\/wp\/v2\/pages\/16563","targetHints":{"allow":["GET"]}}],"collection":[{"href":"https:\/\/www.mjvinnovation.com\/fr\/wp-json\/wp\/v2\/pages"}],"about":[{"href":"https:\/\/www.mjvinnovation.com\/fr\/wp-json\/wp\/v2\/types\/page"}],"author":[{"embeddable":true,"href":"https:\/\/www.mjvinnovation.com\/fr\/wp-json\/wp\/v2\/users\/6"}],"replies":[{"embeddable":true,"href":"https:\/\/www.mjvinnovation.com\/fr\/wp-json\/wp\/v2\/comments?post=16563"}],"version-history":[{"count":2,"href":"https:\/\/www.mjvinnovation.com\/fr\/wp-json\/wp\/v2\/pages\/16563\/revisions"}],"predecessor-version":[{"id":16565,"href":"https:\/\/www.mjvinnovation.com\/fr\/wp-json\/wp\/v2\/pages\/16563\/revisions\/16565"}],"wp:attachment":[{"href":"https:\/\/www.mjvinnovation.com\/fr\/wp-json\/wp\/v2\/media?parent=16563"}],"curies":[{"name":"wp","href":"https:\/\/api.w.org\/{rel}","templated":true}]}}