{"id":16524,"date":"2021-07-15T16:03:28","date_gmt":"2021-07-15T19:03:28","guid":{"rendered":"https:\/\/www.mjvinnovation.com\/?page_id=16524"},"modified":"2021-07-15T16:03:31","modified_gmt":"2021-07-15T19:03:31","slug":"politique-de-confidentialite","status":"publish","type":"page","link":"https:\/\/www.mjvinnovation.com\/fr\/politique-de-confidentialite\/","title":{"rendered":"Politique de confidentialit\u00e9"},"content":{"rendered":"\n\t\t\t\t\t<section class=\"mjv-banner banner-secondary\" style=\"background:linear-gradient(270deg, #56dce3, #4260ad);\">\n\t\t\t\n\t\t<div class=\"mjv-banner-container\">\n\t\t<h1 class=\"mjv-banner-title\">Politique de confidentialit\u00e9 <\/h1>\n\t\t<div class=\"mjv-banner-subtitle\"><\/div>\n\t<\/div>\n<\/section>\n\n<section class=\"mjv-section-container\">\n  <div class=\"only-text mjv-section-content\">\n    <div class=\"container\">\n      Chez MJV Technology &amp; Innovation, nous travaillons \u00e0 la protection de votre vie priv\u00e9e, en conformit\u00e9 avec les lois de protection les plus r\u00e9centes. La collecte de donn\u00e9es personnelles par le biais du site web est principalement destin\u00e9e \u00e0 des fins de marketing et de vente. Nous recueillons s\u00e9par\u00e9ment des donn\u00e9es personnelles pour la s\u00e9curit\u00e9 et la maintenance du site Web. Cette politique de confidentialit\u00e9 est \u00e9galement bas\u00e9e sur la fa\u00e7on dont MJV Technology &amp; Innovation traite et utilise les donn\u00e9es personnelles via le site Web.\r\n<h2><b>L\u2019INFORMATION QUE NOUS COLLECTONS<\/b><\/h2>\r\nEn r\u00e8gle g\u00e9n\u00e9rale, nous ne collectons des informations que lorsque vous vous inscrivez sur notre blog ou remplissez les formulaires de notre site Web \u2013 ou lorsque vous autorisez nos cookies dans votre navigateur. Les cookies sont collect\u00e9s de mani\u00e8re anonyme et utilis\u00e9s pour am\u00e9liorer l\u2019exp\u00e9rience de navigation sur le site. Ils contiennent des donn\u00e9es telles que les pages visit\u00e9es, l\u2019heure de la visite et des informations similaires.\r\n<h2><b>COMMENT NOUS UTILISONS L\u2019INFORMATION\r\n<\/b><\/h2>\r\nNous conservons vos informations pour traiter les demandes que vous faites par le biais des formulaires de notre site Web et pour envoyer r\u00e9guli\u00e8rement des courriels d\u2019information g\u00e9n\u00e9rale sur le marketing num\u00e9rique, les services, le contenu exclusif, les \u00e9v\u00e9nements et plus encore. Vous pouvez exercer votre droit d\u2019interrompre la communication marketing en nous contactant \u00e0\u00a0<a href=\"mailto:marketing@mjvinnovation.com\">marketing@mjvinnovation.com<\/a>\r\n<h2><b>COMMENT PROTEGEONS-NOUS VO INFORMATIONS ET VOTRE VIE PRIVEE ?<\/b><b>\r\n<\/b><\/h2>\r\nD\u2019autres mesures de s\u00e9curit\u00e9 ont \u00e9t\u00e9 mises en place sur notre site Web et nos serveurs pour assurer la s\u00e9curit\u00e9 des donn\u00e9es lorsque vous entrez, envoyez ou acc\u00e9dez \u00e0 vos renseignements personnels.\r\n\r\nComme toutes les entreprises mondiales,\u00a0<b>MJV Technology &amp; Innovation<\/b>\u00a0utilise la technologie de base de donn\u00e9es de gestion de la relation client (CRM) pour g\u00e9rer et suivre nos efforts marketing et commerciaux. Nos bases de donn\u00e9es CRM contiennent des donn\u00e9es personnelles appartenant \u00e0 des personnes qui nous ont donn\u00e9 leur consentement explicite pour \u00e9tablir une communication ou une relation. Les donn\u00e9es personnelles utilis\u00e9es \u00e0 ces fins comprennent des informations commerciales pertinentes, telles que: les donn\u00e9es de contact, les informations accessibles au public (par exemple, l\u2019adh\u00e9sion au conseil d\u2019administration, vos r\u00e9ponses \u00e0 des e-mails cibl\u00e9s, l\u2019activit\u00e9 sur le Web suivant les liens de nos e-mails), l\u2019activit\u00e9 des utilisateurs enregistr\u00e9s sur notre site Web et d\u2019autres informations commerciales incluses par nos professionnels en fonction de leurs relations personnelles avec vous.\r\n\r\nNous pouvons combiner des donn\u00e9es provenant de sources publiques (telles que LinkedIn) et des analyses de qualit\u00e9 de nos professionnels, bas\u00e9es sur la communication \u00e0 partir de notre site Web, les courriels d\u2019information et les interactions personnelles avec vous \u2013 ceci inclut \u00e9galement les informations recueillies dans les sections \u00a0\u00bb Carri\u00e8res \u00a0\u00bb et \u00a0\u00bb Entrez en contact \u00a0\u00bb de notre site. Nous combinons ces donn\u00e9es pour mieux \u00e9valuer votre exp\u00e9rience avec MJV Technology &amp; Innovation afin de r\u00e9aliser les autres activit\u00e9s d\u00e9crites dans notre politique de confidentialit\u00e9.\r\n\r\nVeuillez noter que vos donn\u00e9es ne seront ni vendues, ni \u00e9chang\u00e9es, ni c\u00e9d\u00e9es \u00e0 aucune autre soci\u00e9t\u00e9. La seule exception \u00e0 cette clause devrait \u00eatre lorsqu\u2019elle emp\u00eache MJV Technology &amp; Innovation de se conformer \u00e0 une demande faite exclusivement par vous. Vous pouvez \u00e9galement demander l\u2019effacement de vos informations dans notre base de donn\u00e9es CRM \u00e0 tout moment en nous contactant \u00e0\u00a0<a href=\"mailto:marketing@mjvinnovation.com\">marketing@mjvinnovation.com<\/a>\r\n<h2><b>CONSENTEMENT<\/b><b>\r\n<\/b><\/h2>\r\nLorsque vous acc\u00e9dez au site www.mjvinnovation.com, vous consentez aux pratiques de collecte et d\u2019utilisation des donn\u00e9es d\u00e9crites dans la pr\u00e9sente d\u00e9claration de confidentialit\u00e9. Cette politique de confidentialit\u00e9 en ligne se trouve facilement \u00e0 proximit\u00e9 de nos formulaires. Le fait de remplir un formulaire sur www.mjvinnovation.com signifie que vous acceptez express\u00e9ment toutes les conditions d\u00e9crites ci-dessus. Si vous n\u2019\u00eates pas d\u2019accord avec un des pratiques mentionn\u00e9es dans cette politique de confidentialit\u00e9, nous vous recommandons de ne pas utiliser notre site Web ou de ne pas vous inscrire pour recevoir nos informations.\r\n\r\nSi vous avez d\u2019autres questions sur cette politique de confidentialit\u00e9 ou sur la fa\u00e7on dont nous g\u00e9rons les donn\u00e9es que vous nous fournissez, veuillez envoyer un courriel \u00e0\u00a0<a href=\"mailto:marketing@mjvinnovation.com\">marketing@mjvinnovation.com<\/a>    <\/div>\n  <\/div>\n<\/section>","protected":false},"excerpt":{"rendered":"","protected":false},"author":6,"featured_media":0,"parent":0,"menu_order":0,"comment_status":"closed","ping_status":"open","template":"","meta":{"_acf_changed":false,"footnotes":""},"class_list":["post-16524","page","type-page","status-publish","hentry"],"acf":[],"yoast_head":"<!-- This site is optimized with the Yoast SEO plugin v26.0 - https:\/\/yoast.com\/wordpress\/plugins\/seo\/ -->\n<title>Politique de confidentialit\u00e9 - MJV Technology &amp; Innovation<\/title>\n<meta name=\"robots\" content=\"index, follow, max-snippet:-1, max-image-preview:large, max-video-preview:-1\" \/>\n<link rel=\"canonical\" href=\"https:\/\/www.mjvinnovation.com\/fr\/politique-de-confidentialite\/\" \/>\n<meta property=\"og:locale\" content=\"fr_FR\" \/>\n<meta property=\"og:type\" content=\"article\" \/>\n<meta property=\"og:title\" content=\"Politique de confidentialit\u00e9 - MJV Technology &amp; Innovation\" \/>\n<meta property=\"og:url\" content=\"https:\/\/www.mjvinnovation.com\/fr\/politique-de-confidentialite\/\" \/>\n<meta property=\"og:site_name\" content=\"MJV Technology &amp; Innovation\" \/>\n<meta property=\"article:publisher\" content=\"https:\/\/www.facebook.com\/mjvinnovation\/\" \/>\n<meta property=\"article:modified_time\" content=\"2021-07-15T19:03:31+00:00\" \/>\n<meta name=\"twitter:card\" content=\"summary_large_image\" \/>\n<meta name=\"twitter:site\" content=\"@MJVinnovation\" \/>\n<script type=\"application\/ld+json\" class=\"yoast-schema-graph\">{\"@context\":\"https:\/\/schema.org\",\"@graph\":[{\"@type\":\"WebPage\",\"@id\":\"https:\/\/www.mjvinnovation.com\/fr\/politique-de-confidentialite\/\",\"url\":\"https:\/\/www.mjvinnovation.com\/fr\/politique-de-confidentialite\/\",\"name\":\"Politique de confidentialit\u00e9 - MJV Technology &amp; Innovation\",\"isPartOf\":{\"@id\":\"https:\/\/www.mjvinnovation.com\/fr\/#website\"},\"datePublished\":\"2021-07-15T19:03:28+00:00\",\"dateModified\":\"2021-07-15T19:03:31+00:00\",\"breadcrumb\":{\"@id\":\"https:\/\/www.mjvinnovation.com\/fr\/politique-de-confidentialite\/#breadcrumb\"},\"inLanguage\":\"fr-FR\",\"potentialAction\":[{\"@type\":\"ReadAction\",\"target\":[\"https:\/\/www.mjvinnovation.com\/fr\/politique-de-confidentialite\/\"]}]},{\"@type\":\"BreadcrumbList\",\"@id\":\"https:\/\/www.mjvinnovation.com\/fr\/politique-de-confidentialite\/#breadcrumb\",\"itemListElement\":[{\"@type\":\"ListItem\",\"position\":1,\"name\":\"Home\",\"item\":\"https:\/\/www.mjvinnovation.com\/fr\/\"},{\"@type\":\"ListItem\",\"position\":2,\"name\":\"Politique de confidentialit\u00e9\"}]},{\"@type\":\"WebSite\",\"@id\":\"https:\/\/www.mjvinnovation.com\/fr\/#website\",\"url\":\"https:\/\/www.mjvinnovation.com\/fr\/\",\"name\":\"MJV Technology &amp; Innovation\",\"description\":\"We are people transforming business\",\"publisher\":{\"@id\":\"https:\/\/www.mjvinnovation.com\/fr\/#organization\"},\"potentialAction\":[{\"@type\":\"SearchAction\",\"target\":{\"@type\":\"EntryPoint\",\"urlTemplate\":\"https:\/\/www.mjvinnovation.com\/fr\/?s={search_term_string}\"},\"query-input\":{\"@type\":\"PropertyValueSpecification\",\"valueRequired\":true,\"valueName\":\"search_term_string\"}}],\"inLanguage\":\"fr-FR\"},{\"@type\":\"Organization\",\"@id\":\"https:\/\/www.mjvinnovation.com\/fr\/#organization\",\"name\":\"MJV Technology and Innovation\",\"url\":\"https:\/\/www.mjvinnovation.com\/fr\/\",\"logo\":{\"@type\":\"ImageObject\",\"inLanguage\":\"fr-FR\",\"@id\":\"https:\/\/www.mjvinnovation.com\/fr\/#\/schema\/logo\/image\/\",\"url\":\"https:\/\/www.mjvinnovation.com\/wp-content\/uploads\/2021\/07\/logo_mjv_favicon.png\",\"contentUrl\":\"https:\/\/www.mjvinnovation.com\/wp-content\/uploads\/2021\/07\/logo_mjv_favicon.png\",\"width\":128,\"height\":128,\"caption\":\"MJV Technology and Innovation\"},\"image\":{\"@id\":\"https:\/\/www.mjvinnovation.com\/fr\/#\/schema\/logo\/image\/\"},\"sameAs\":[\"https:\/\/www.facebook.com\/mjvinnovation\/\",\"https:\/\/x.com\/MJVinnovation\",\"https:\/\/www.instagram.com\/mjvinnovation\/\",\"https:\/\/www.linkedin.com\/company\/mjv-tech-and-innovation\",\"https:\/\/www.youtube.com\/channel\/UCUlTs06JlXwUd09Jzg9kqDA\"]}]}<\/script>\n<!-- \/ Yoast SEO plugin. -->","yoast_head_json":{"title":"Politique de confidentialit\u00e9 - MJV Technology &amp; Innovation","robots":{"index":"index","follow":"follow","max-snippet":"max-snippet:-1","max-image-preview":"max-image-preview:large","max-video-preview":"max-video-preview:-1"},"canonical":"https:\/\/www.mjvinnovation.com\/fr\/politique-de-confidentialite\/","og_locale":"fr_FR","og_type":"article","og_title":"Politique de confidentialit\u00e9 - MJV Technology &amp; Innovation","og_url":"https:\/\/www.mjvinnovation.com\/fr\/politique-de-confidentialite\/","og_site_name":"MJV Technology &amp; Innovation","article_publisher":"https:\/\/www.facebook.com\/mjvinnovation\/","article_modified_time":"2021-07-15T19:03:31+00:00","twitter_card":"summary_large_image","twitter_site":"@MJVinnovation","schema":{"@context":"https:\/\/schema.org","@graph":[{"@type":"WebPage","@id":"https:\/\/www.mjvinnovation.com\/fr\/politique-de-confidentialite\/","url":"https:\/\/www.mjvinnovation.com\/fr\/politique-de-confidentialite\/","name":"Politique de confidentialit\u00e9 - MJV Technology &amp; Innovation","isPartOf":{"@id":"https:\/\/www.mjvinnovation.com\/fr\/#website"},"datePublished":"2021-07-15T19:03:28+00:00","dateModified":"2021-07-15T19:03:31+00:00","breadcrumb":{"@id":"https:\/\/www.mjvinnovation.com\/fr\/politique-de-confidentialite\/#breadcrumb"},"inLanguage":"fr-FR","potentialAction":[{"@type":"ReadAction","target":["https:\/\/www.mjvinnovation.com\/fr\/politique-de-confidentialite\/"]}]},{"@type":"BreadcrumbList","@id":"https:\/\/www.mjvinnovation.com\/fr\/politique-de-confidentialite\/#breadcrumb","itemListElement":[{"@type":"ListItem","position":1,"name":"Home","item":"https:\/\/www.mjvinnovation.com\/fr\/"},{"@type":"ListItem","position":2,"name":"Politique de confidentialit\u00e9"}]},{"@type":"WebSite","@id":"https:\/\/www.mjvinnovation.com\/fr\/#website","url":"https:\/\/www.mjvinnovation.com\/fr\/","name":"MJV Technology &amp; Innovation","description":"We are people transforming business","publisher":{"@id":"https:\/\/www.mjvinnovation.com\/fr\/#organization"},"potentialAction":[{"@type":"SearchAction","target":{"@type":"EntryPoint","urlTemplate":"https:\/\/www.mjvinnovation.com\/fr\/?s={search_term_string}"},"query-input":{"@type":"PropertyValueSpecification","valueRequired":true,"valueName":"search_term_string"}}],"inLanguage":"fr-FR"},{"@type":"Organization","@id":"https:\/\/www.mjvinnovation.com\/fr\/#organization","name":"MJV Technology and Innovation","url":"https:\/\/www.mjvinnovation.com\/fr\/","logo":{"@type":"ImageObject","inLanguage":"fr-FR","@id":"https:\/\/www.mjvinnovation.com\/fr\/#\/schema\/logo\/image\/","url":"https:\/\/www.mjvinnovation.com\/wp-content\/uploads\/2021\/07\/logo_mjv_favicon.png","contentUrl":"https:\/\/www.mjvinnovation.com\/wp-content\/uploads\/2021\/07\/logo_mjv_favicon.png","width":128,"height":128,"caption":"MJV Technology and Innovation"},"image":{"@id":"https:\/\/www.mjvinnovation.com\/fr\/#\/schema\/logo\/image\/"},"sameAs":["https:\/\/www.facebook.com\/mjvinnovation\/","https:\/\/x.com\/MJVinnovation","https:\/\/www.instagram.com\/mjvinnovation\/","https:\/\/www.linkedin.com\/company\/mjv-tech-and-innovation","https:\/\/www.youtube.com\/channel\/UCUlTs06JlXwUd09Jzg9kqDA"]}]}},"_links":{"self":[{"href":"https:\/\/www.mjvinnovation.com\/fr\/wp-json\/wp\/v2\/pages\/16524","targetHints":{"allow":["GET"]}}],"collection":[{"href":"https:\/\/www.mjvinnovation.com\/fr\/wp-json\/wp\/v2\/pages"}],"about":[{"href":"https:\/\/www.mjvinnovation.com\/fr\/wp-json\/wp\/v2\/types\/page"}],"author":[{"embeddable":true,"href":"https:\/\/www.mjvinnovation.com\/fr\/wp-json\/wp\/v2\/users\/6"}],"replies":[{"embeddable":true,"href":"https:\/\/www.mjvinnovation.com\/fr\/wp-json\/wp\/v2\/comments?post=16524"}],"version-history":[{"count":1,"href":"https:\/\/www.mjvinnovation.com\/fr\/wp-json\/wp\/v2\/pages\/16524\/revisions"}],"predecessor-version":[{"id":16537,"href":"https:\/\/www.mjvinnovation.com\/fr\/wp-json\/wp\/v2\/pages\/16524\/revisions\/16537"}],"wp:attachment":[{"href":"https:\/\/www.mjvinnovation.com\/fr\/wp-json\/wp\/v2\/media?parent=16524"}],"curies":[{"name":"wp","href":"https:\/\/api.w.org\/{rel}","templated":true}]}}