{"id":16492,"date":"2021-07-15T15:09:12","date_gmt":"2021-07-15T18:09:12","guid":{"rendered":"https:\/\/www.mjvinnovation.com\/?page_id=16492"},"modified":"2021-08-30T18:08:20","modified_gmt":"2021-08-30T21:08:20","slug":"bibliotheque","status":"publish","type":"page","link":"https:\/\/www.mjvinnovation.com\/fr\/bibliotheque\/","title":{"rendered":"Biblioth\u00e8que"},"content":{"rendered":"\n\t\t\t\t\t<section class=\"mjv-banner banner-secondary\" style=\"background:linear-gradient(270deg, #60489D, #4260ad);\">\n\t\t\t\n\t\t<div class=\"mjv-banner-container\">\n\t\t<h1 class=\"mjv-banner-title\">Mieux connaitre MJV<\/h1>\n\t\t<div class=\"mjv-banner-subtitle\"><p>Notre collection de contenus t\u00e9l\u00e9chargeables gratuitement sur l\u2019innovation en entreprise.<\/p>\n<\/div>\n\t<\/div>\n<\/section>\n\n<section class=\"mjv-section-container comum-section-image\">\n    <div class=\"mjv-section-content\">\n        <div class=\"mjv-comum-container\">\n\n                <div class=\"mjv-item-image\">\n                                        <figure class=\"mjv-comum-image\">\n                        <img decoding=\"async\" data-src=\"https:\/\/www.mjvinnovation.com\/wp-content\/uploads\/2020\/12\/livro_design_thinking_eng.png\" alt=\"\" class=\"embed-responsive lazyload\" src=\"data:image\/svg+xml;base64,PHN2ZyB3aWR0aD0iMSIgaGVpZ2h0PSIxIiB4bWxucz0iaHR0cDovL3d3dy53My5vcmcvMjAwMC9zdmciPjwvc3ZnPg==\" style=\"--smush-placeholder-width: 1880px; --smush-placeholder-aspect-ratio: 1880\/1116;\">\n                    <\/figure>\n                                    <\/div>\n                <div class=\"mjv-item-content\">\n                                            <h2 class=\"mjv-section-title\">Design Thinking &#8211; L&rsquo;innovation au service du business<\/h2>\n                    \n                    \n                                        <div class=\"mjv-comum-paragraph\"><p>Ce livre pr\u00e9sente les \u00e9tapes essentielles, les techniques et les outils pour vous inspirer dans votre voyage vers l&rsquo;innovation, illustr\u00e9s par de v\u00e9ritables \u00e9tudes de cas. Vous apprendrez en d\u00e9tail les \u00e9tapes d&rsquo;immersion, d&rsquo;analyse, d&rsquo;id\u00e9ation et de prototypage.<\/p>\n<\/div>\n                    \n                                        <div class=\"mjv-cta-container\">\n                        <a href=\"https:\/\/www.livredesignthinking.fr\/\" target=\"_self\" class=\"mjv-section-btn purple\" rel=\"noopener noreferrer\">En savoir plus<span><\/span><\/a>\n                    <\/div>\n                    \n                <\/div>\n\n        <\/div>\n    <\/div>\n<\/section>\n\n\n\n<div id=\"mjv-thumbnailResources-container\" class=\"mjv-thumbnail-container\">\n    <main class=\"mjv-thumbnail-Resources\">\n        <h2 class=\"mjv-section-title\">Accedez \u00e0 nos derniers contenus<\/h2>\n        <div id=\"mjv-searchPage-resources\" class=\"mjv-searchPage-content\">\n            <div id=\"resources-input-container\" class=\"mjv-search-container-input\"><\/div>\n            <div class=\"mjv-search-filters\">\n                <div id=\"categories-x\" class=\"mjv-filter\"><\/div>\n                <div id=\"categories-z\" class=\"mjv-filter\"><\/div>\n            <\/div>\n        <\/div>\n        <div class=\"mjv-thumbResources-container\">\n            <div class=\"mjv-thumbnail-content\">\n                <div id=\"hits-z\" class=\"mjv-thumbnail-items\">\n                    <script type=\"texts\/html\" id=\"hit-template-z\">\n                        <div class=\"mjv-thumbnail-item\">\n                            <a href=\"{{resources_url}}\" class=\"mjv-thumbnail-link\">\n                                <div class=\"mjv-thumbnail-image\" style=\"background-image: url('{{images.full.url}}');\"><\/div>\n                                <div class=\"mjv-infoRevise\">\n                                    \/\n                                    {{taxonomies.resourceformat}}\n                                <\/div>\n                                <div class=\"mjv-thumbnail-info\">\n                                    <h2 class=\"mjv-titleRevise\">{{post_title}}<\/h2>\n                                    <a href=\"{{resources_url}}\" class=\"mjv-btn mjv-btn-clean\">{{resources_url_title}}<i class=\"mjv-icon-seta\"><\/i><\/a>\n                                <\/div>\n                            <\/a>\n                        <\/div>\n                    <\/script>\n                <\/div>\n            <\/div>\n        <\/div>\n    <\/main>\n<\/div>\n\n<script>\n\nfunction instantResources() {\n\n    var resources = instantsearch({\n        searchClient: algoliasearch('BIO2A81EYZ', '06e9a81339c2afad3cdc02f55b6870a7'),\n        indexName: 'wp_posts_resources',\n        urlSync: true\n    });\n\n    resources.addWidgets([\n        instantsearch.widgets.configure({\n        filters: 'wpml.locale:\"' + current_locale + '\"', \/\/ This is the line we added.\n        hitsPerPage: 6\n        }),\n    ]); \n    resources.addWidget(\n        instantsearch.widgets.searchBox({\n            container: '#resources-input-container',\n            placeholder: placeHolder.mjv_placeholder_string ,\n        })\n    );\n    resources.addWidget(\n        instantsearch.widgets.hits({\n            container: '#hits-z',\n            templates: {\n                item: document.getElementById('hit-template-z').innerHTML,\n                empty: \"<div class='alert alert-warning alert-dismissible fade show' role='alert'>No results for <strong>\\\"{{query}}\\\"<\/strong><button type='button' class='close' data-dismiss='alert' aria-label='Close'><span aria-hidden='true'>&times;<\/span><\/button>\",\n            }\n        })\n    );\n    resources.addWidget(\n        instantsearch.widgets.infiniteHits({\n            container: '#hits-z',\n            templates: {\n                item: '<div class=\"mjv-thumbnail-item\"><a href=\"{{resources_url}}\" class=\"mjv-thumbnail-link img-group\"><img decoding=\"async\" class=\"mjv-thumbnail-image\" src=\"{{images.full.url}}\"\/><div class=\"mjv-infoRevise\">\/{{taxonomies.resourceformat}}<\/div><div class=\"mjv-thumbnail-info\"><h2 class=\"mjv-titleRevise\">{{post_title}}<\/h2><a href=\"{{resources_url}}\" class=\"mjv-btn mjv-btn-clean\">{{resources_url_title}}<i class=\"mjv-icon-seta\"><\/i><\/a><\/div><\/a><\/div>',\n                empty: \"<div class='alert alert-warning alert-dismissible fade show' role='alert'>No results for <strong>\\\"{{query}}\\\"<\/strong><button type='button' class='close' data-dismiss='alert' aria-label='Close'><span aria-hidden='true'>&times;<\/span><\/button>\",\n                showMoreText(data, { html }) {\n                    return html`<span>${loadMore.mjv_string}<\/span>`;\n                },\n            },\n            escapeHits: true,\n            cssClasses: {\n                item:'ais-hits--item',\n                root:'ais-hits',\n                loadMore: 'mjv-btn mjv-btn-small mjv-btn-purple' \/* N\u00e3o funciona pelo algolia, por isso \u00e9 preciso declarar direto no css pela tag BUTTON*\/\n            }\n        })\n    );\n    resources.addWidget(\n        instantsearch.widgets.menuSelect({\n            container: '#categories-z',\n            attribute: 'taxonomies.resource',\n            limit: 10,\n            templates: {\n                seeAllOption: menuSelect.mjv_menuSelect_string,\n            },\n\n            \/* SE PRECISAR CRIAR CLASSE PARA O SELECT USA ISSO AQUI! *\/\n\n            cssClasses: {\n                root: 'classe-a',\n                header: 'classe-b',\n                select: 'classe-c',\n                option:'classe-d',\n                footer:'classe-e'\n            }\n        })\n    );\n    resources.addWidget(\n        instantsearch.widgets.menuSelect({\n            container: '#categories-x',\n            attribute: 'taxonomies.resourceformat',\n            limit: 10,\n            separator: '|',\n            templates: {\n                seeAllOption: menuSelect.mjv_menuSelect_string,\n            },\n\n            \/* SE PRECISAR CRIAR CLASSE PARA O SELECT USA ISSO AQUI! *\/\n\n            cssClasses: {\n                root: 'classe-a',\n                header: 'classe-b',\n                select: 'classe-c',\n                option:'classe-d',\n                footer:'classe-e'\n            }\n        })\n    );\n\n    resources.start();\n\n}\ninstantResources();\n\n<\/script>\n\n\n<p><\/p>\n","protected":false},"excerpt":{"rendered":"","protected":false},"author":6,"featured_media":0,"parent":0,"menu_order":0,"comment_status":"closed","ping_status":"closed","template":"","meta":{"_acf_changed":false,"footnotes":""},"class_list":["post-16492","page","type-page","status-publish","hentry"],"acf":[],"yoast_head":"<!-- This site is optimized with the Yoast SEO plugin v26.0 - https:\/\/yoast.com\/wordpress\/plugins\/seo\/ -->\n<title>Biblioth\u00e8que - MJV Technology &amp; Innovation<\/title>\n<meta name=\"description\" content=\"Retrouvez nos contenus en libre t\u00e9l\u00e9chargement sur le Design Thinking, Agile, la Transformation Digitale, les tendances d&#039;Innovation.\" \/>\n<meta name=\"robots\" content=\"index, follow, max-snippet:-1, max-image-preview:large, max-video-preview:-1\" \/>\n<link rel=\"canonical\" href=\"https:\/\/www.mjvinnovation.com\/fr\/bibliotheque\/\" \/>\n<meta property=\"og:locale\" content=\"fr_FR\" \/>\n<meta property=\"og:type\" content=\"article\" \/>\n<meta property=\"og:title\" content=\"Resources - MJV Technology &amp; Innovation\" \/>\n<meta property=\"og:description\" content=\"Here you&#039;ll find the best downloadable content about Desigin Thinking, Agile Methodologies, Digital Transformation, IoT, Open Innovation and more!\" \/>\n<meta property=\"og:url\" content=\"https:\/\/www.mjvinnovation.com\/fr\/bibliotheque\/\" \/>\n<meta property=\"og:site_name\" content=\"MJV Technology &amp; Innovation\" \/>\n<meta property=\"article:publisher\" content=\"https:\/\/www.facebook.com\/mjvinnovation\/\" \/>\n<meta property=\"article:modified_time\" content=\"2021-08-30T21:08:20+00:00\" \/>\n<meta property=\"og:image\" content=\"https:\/\/www.mjvinnovation.com\/wp-content\/uploads\/2021\/07\/thumb-mjv-social.jpeg\" \/>\n\t<meta property=\"og:image:width\" content=\"1200\" \/>\n\t<meta property=\"og:image:height\" content=\"630\" \/>\n\t<meta property=\"og:image:type\" content=\"image\/jpeg\" \/>\n<meta name=\"twitter:card\" content=\"summary_large_image\" \/>\n<meta name=\"twitter:title\" content=\"Resources - MJV Technology &amp; Innovation\" \/>\n<meta name=\"twitter:description\" content=\"Here you&#039;ll find the best downloadable content about Desigin Thinking, Agile Methodologies, Digital Transformation, IoT, Open Innovation and more!\" \/>\n<meta name=\"twitter:image\" content=\"https:\/\/www.mjvinnovation.com\/wp-content\/uploads\/2021\/07\/thumb-mjv-social.jpeg\" \/>\n<meta name=\"twitter:site\" content=\"@MJVinnovation\" \/>\n<script type=\"application\/ld+json\" class=\"yoast-schema-graph\">{\"@context\":\"https:\/\/schema.org\",\"@graph\":[{\"@type\":\"WebPage\",\"@id\":\"https:\/\/www.mjvinnovation.com\/fr\/bibliotheque\/\",\"url\":\"https:\/\/www.mjvinnovation.com\/fr\/bibliotheque\/\",\"name\":\"Biblioth\u00e8que - MJV Technology &amp; Innovation\",\"isPartOf\":{\"@id\":\"https:\/\/www.mjvinnovation.com\/fr\/#website\"},\"datePublished\":\"2021-07-15T18:09:12+00:00\",\"dateModified\":\"2021-08-30T21:08:20+00:00\",\"description\":\"Retrouvez nos contenus en libre t\u00e9l\u00e9chargement sur le Design Thinking, Agile, la Transformation Digitale, les tendances d'Innovation.\",\"breadcrumb\":{\"@id\":\"https:\/\/www.mjvinnovation.com\/fr\/bibliotheque\/#breadcrumb\"},\"inLanguage\":\"fr-FR\",\"potentialAction\":[{\"@type\":\"ReadAction\",\"target\":[\"https:\/\/www.mjvinnovation.com\/fr\/bibliotheque\/\"]}]},{\"@type\":\"BreadcrumbList\",\"@id\":\"https:\/\/www.mjvinnovation.com\/fr\/bibliotheque\/#breadcrumb\",\"itemListElement\":[{\"@type\":\"ListItem\",\"position\":1,\"name\":\"Home\",\"item\":\"https:\/\/www.mjvinnovation.com\/fr\/\"},{\"@type\":\"ListItem\",\"position\":2,\"name\":\"Biblioth\u00e8que\"}]},{\"@type\":\"WebSite\",\"@id\":\"https:\/\/www.mjvinnovation.com\/fr\/#website\",\"url\":\"https:\/\/www.mjvinnovation.com\/fr\/\",\"name\":\"MJV Technology &amp; Innovation\",\"description\":\"We are people transforming business\",\"publisher\":{\"@id\":\"https:\/\/www.mjvinnovation.com\/fr\/#organization\"},\"potentialAction\":[{\"@type\":\"SearchAction\",\"target\":{\"@type\":\"EntryPoint\",\"urlTemplate\":\"https:\/\/www.mjvinnovation.com\/fr\/?s={search_term_string}\"},\"query-input\":{\"@type\":\"PropertyValueSpecification\",\"valueRequired\":true,\"valueName\":\"search_term_string\"}}],\"inLanguage\":\"fr-FR\"},{\"@type\":\"Organization\",\"@id\":\"https:\/\/www.mjvinnovation.com\/fr\/#organization\",\"name\":\"MJV Technology and Innovation\",\"url\":\"https:\/\/www.mjvinnovation.com\/fr\/\",\"logo\":{\"@type\":\"ImageObject\",\"inLanguage\":\"fr-FR\",\"@id\":\"https:\/\/www.mjvinnovation.com\/fr\/#\/schema\/logo\/image\/\",\"url\":\"https:\/\/www.mjvinnovation.com\/wp-content\/uploads\/2021\/07\/logo_mjv_favicon.png\",\"contentUrl\":\"https:\/\/www.mjvinnovation.com\/wp-content\/uploads\/2021\/07\/logo_mjv_favicon.png\",\"width\":128,\"height\":128,\"caption\":\"MJV Technology and Innovation\"},\"image\":{\"@id\":\"https:\/\/www.mjvinnovation.com\/fr\/#\/schema\/logo\/image\/\"},\"sameAs\":[\"https:\/\/www.facebook.com\/mjvinnovation\/\",\"https:\/\/x.com\/MJVinnovation\",\"https:\/\/www.instagram.com\/mjvinnovation\/\",\"https:\/\/www.linkedin.com\/company\/mjv-tech-and-innovation\",\"https:\/\/www.youtube.com\/channel\/UCUlTs06JlXwUd09Jzg9kqDA\"]}]}<\/script>\n<!-- \/ Yoast SEO plugin. -->","yoast_head_json":{"title":"Biblioth\u00e8que - MJV Technology &amp; Innovation","description":"Retrouvez nos contenus en libre t\u00e9l\u00e9chargement sur le Design Thinking, Agile, la Transformation Digitale, les tendances d'Innovation.","robots":{"index":"index","follow":"follow","max-snippet":"max-snippet:-1","max-image-preview":"max-image-preview:large","max-video-preview":"max-video-preview:-1"},"canonical":"https:\/\/www.mjvinnovation.com\/fr\/bibliotheque\/","og_locale":"fr_FR","og_type":"article","og_title":"Resources - MJV Technology & Innovation","og_description":"Here you'll find the best downloadable content about Desigin Thinking, Agile Methodologies, Digital Transformation, IoT, Open Innovation and more!","og_url":"https:\/\/www.mjvinnovation.com\/fr\/bibliotheque\/","og_site_name":"MJV Technology &amp; Innovation","article_publisher":"https:\/\/www.facebook.com\/mjvinnovation\/","article_modified_time":"2021-08-30T21:08:20+00:00","og_image":[{"width":1200,"height":630,"url":"https:\/\/www.mjvinnovation.com\/wp-content\/uploads\/2021\/07\/thumb-mjv-social.jpeg","type":"image\/jpeg"}],"twitter_card":"summary_large_image","twitter_title":"Resources - MJV Technology & Innovation","twitter_description":"Here you'll find the best downloadable content about Desigin Thinking, Agile Methodologies, Digital Transformation, IoT, Open Innovation and more!","twitter_image":"https:\/\/www.mjvinnovation.com\/wp-content\/uploads\/2021\/07\/thumb-mjv-social.jpeg","twitter_site":"@MJVinnovation","schema":{"@context":"https:\/\/schema.org","@graph":[{"@type":"WebPage","@id":"https:\/\/www.mjvinnovation.com\/fr\/bibliotheque\/","url":"https:\/\/www.mjvinnovation.com\/fr\/bibliotheque\/","name":"Biblioth\u00e8que - MJV Technology &amp; Innovation","isPartOf":{"@id":"https:\/\/www.mjvinnovation.com\/fr\/#website"},"datePublished":"2021-07-15T18:09:12+00:00","dateModified":"2021-08-30T21:08:20+00:00","description":"Retrouvez nos contenus en libre t\u00e9l\u00e9chargement sur le Design Thinking, Agile, la Transformation Digitale, les tendances d'Innovation.","breadcrumb":{"@id":"https:\/\/www.mjvinnovation.com\/fr\/bibliotheque\/#breadcrumb"},"inLanguage":"fr-FR","potentialAction":[{"@type":"ReadAction","target":["https:\/\/www.mjvinnovation.com\/fr\/bibliotheque\/"]}]},{"@type":"BreadcrumbList","@id":"https:\/\/www.mjvinnovation.com\/fr\/bibliotheque\/#breadcrumb","itemListElement":[{"@type":"ListItem","position":1,"name":"Home","item":"https:\/\/www.mjvinnovation.com\/fr\/"},{"@type":"ListItem","position":2,"name":"Biblioth\u00e8que"}]},{"@type":"WebSite","@id":"https:\/\/www.mjvinnovation.com\/fr\/#website","url":"https:\/\/www.mjvinnovation.com\/fr\/","name":"MJV Technology &amp; Innovation","description":"We are people transforming business","publisher":{"@id":"https:\/\/www.mjvinnovation.com\/fr\/#organization"},"potentialAction":[{"@type":"SearchAction","target":{"@type":"EntryPoint","urlTemplate":"https:\/\/www.mjvinnovation.com\/fr\/?s={search_term_string}"},"query-input":{"@type":"PropertyValueSpecification","valueRequired":true,"valueName":"search_term_string"}}],"inLanguage":"fr-FR"},{"@type":"Organization","@id":"https:\/\/www.mjvinnovation.com\/fr\/#organization","name":"MJV Technology and Innovation","url":"https:\/\/www.mjvinnovation.com\/fr\/","logo":{"@type":"ImageObject","inLanguage":"fr-FR","@id":"https:\/\/www.mjvinnovation.com\/fr\/#\/schema\/logo\/image\/","url":"https:\/\/www.mjvinnovation.com\/wp-content\/uploads\/2021\/07\/logo_mjv_favicon.png","contentUrl":"https:\/\/www.mjvinnovation.com\/wp-content\/uploads\/2021\/07\/logo_mjv_favicon.png","width":128,"height":128,"caption":"MJV Technology and Innovation"},"image":{"@id":"https:\/\/www.mjvinnovation.com\/fr\/#\/schema\/logo\/image\/"},"sameAs":["https:\/\/www.facebook.com\/mjvinnovation\/","https:\/\/x.com\/MJVinnovation","https:\/\/www.instagram.com\/mjvinnovation\/","https:\/\/www.linkedin.com\/company\/mjv-tech-and-innovation","https:\/\/www.youtube.com\/channel\/UCUlTs06JlXwUd09Jzg9kqDA"]}]}},"_links":{"self":[{"href":"https:\/\/www.mjvinnovation.com\/fr\/wp-json\/wp\/v2\/pages\/16492","targetHints":{"allow":["GET"]}}],"collection":[{"href":"https:\/\/www.mjvinnovation.com\/fr\/wp-json\/wp\/v2\/pages"}],"about":[{"href":"https:\/\/www.mjvinnovation.com\/fr\/wp-json\/wp\/v2\/types\/page"}],"author":[{"embeddable":true,"href":"https:\/\/www.mjvinnovation.com\/fr\/wp-json\/wp\/v2\/users\/6"}],"replies":[{"embeddable":true,"href":"https:\/\/www.mjvinnovation.com\/fr\/wp-json\/wp\/v2\/comments?post=16492"}],"version-history":[{"count":15,"href":"https:\/\/www.mjvinnovation.com\/fr\/wp-json\/wp\/v2\/pages\/16492\/revisions"}],"predecessor-version":[{"id":18911,"href":"https:\/\/www.mjvinnovation.com\/fr\/wp-json\/wp\/v2\/pages\/16492\/revisions\/18911"}],"wp:attachment":[{"href":"https:\/\/www.mjvinnovation.com\/fr\/wp-json\/wp\/v2\/media?parent=16492"}],"curies":[{"name":"wp","href":"https:\/\/api.w.org\/{rel}","templated":true}]}}