{"id":4721,"date":"2021-04-27T16:44:14","date_gmt":"2021-04-27T19:44:14","guid":{"rendered":"https:\/\/www.mjvinnovation.com\/?page_id=4721"},"modified":"2023-12-14T15:08:55","modified_gmt":"2023-12-14T18:08:55","slug":"blog","status":"publish","type":"page","link":"https:\/\/www.mjvinnovation.com\/es\/blog\/","title":{"rendered":"Blog"},"content":{"rendered":"\n\t\t\t\t\t<section class=\"mjv-banner banner-secondary\" style=\"background:linear-gradient(270deg, #46bb93, #56dce3);\">\n\t\t\t\n\t\t<div class=\"mjv-banner-container\">\n\t\t<h1 class=\"mjv-banner-title\">Innovaci\u00f3n de negocios<\/h1>\n\t\t<div class=\"mjv-banner-subtitle\"><p>Lea las \u00faltimas novedades aqu\u00ed.<\/p>\n<\/div>\n\t<\/div>\n<\/section>\n\n<section class=\"mjv-section-container comum-section-blog\">\n    <div class=\"mjv-section-content\">\n        <div class=\"mjv-comum-container\">\n            <div class=\"owl-carousel mjv-carousel-cta\">\n\n                \n                        <div class=\"mjv-item-carousel\">\n                            <div class=\"mjv-item-image\">\n                                \n                                    <figure class=\"mjv-comum-image\">\n                                        <img decoding=\"async\" data-src=\"https:\/\/www.mjvinnovation.com\/wp-content\/uploads\/2022\/03\/BP_The-State-of-Open-Finance_BLOG-2.png\" alt=\"https:\/\/www.mjvinnovation.com\/wp-content\/uploads\/2022\/03\/BP_The-State-of-Open-Finance_BLOG-2.png\" class=\"embed-responsive lazyload\" src=\"data:image\/svg+xml;base64,PHN2ZyB3aWR0aD0iMSIgaGVpZ2h0PSIxIiB4bWxucz0iaHR0cDovL3d3dy53My5vcmcvMjAwMC9zdmciPjwvc3ZnPg==\" style=\"--smush-placeholder-width: 1920px; --smush-placeholder-aspect-ratio: 1920\/1080;\">\n                                    <\/figure>\n\n                                                            <\/div>\n                            <div class=\"mjv-item-content\">\n                            \n                                \n                                <div class=\"mjv-date-category\">\n                                    <div class=\"blog-data\">\n                                        13\/12\/2023                                    <\/div>\n                                    <div class=\"blog-category\">\n                                        <i class=\"mjv-icon-category\"><\/i>\n                                        Innovaci\u00f3n                                    <\/div>\n                                <\/div>\n                                <h4 class=\"mjv-blog-title\">\n                                    El estado del Open Finance en Colombia, M\u00e9xico, Per\u00fa y Chile                                <\/h4>\n                                <div class=\"mjv-blog-content\">\n                                    <p>\n                                        Un vistazo a la revoluci\u00f3n financiera: Open Finance en Am\u00e9rica Latina y sus perspectivas de crecimiento.                                     <\/p>\n                                <\/div>\n                                <div class=\"mjv-cta-container\">\n                                    <a href=\"https:\/\/www.mjvinnovation.com\/?p=24009\" class=\"mjv-section-btn purple\">Lee Ahora<\/a>\n                                <\/div>\n                            <\/div>\n\n                        <\/div>\n\n                \n                        <div class=\"mjv-item-carousel\">\n                            <div class=\"mjv-item-image\">\n                                \n                                    <figure class=\"mjv-comum-image\">\n                                        <img decoding=\"async\" data-src=\"https:\/\/www.mjvinnovation.com\/wp-content\/uploads\/2023\/12\/transferir.gif\" alt=\"https:\/\/www.mjvinnovation.com\/wp-content\/uploads\/2023\/12\/transferir.gif\" class=\"embed-responsive lazyload\" src=\"data:image\/svg+xml;base64,PHN2ZyB3aWR0aD0iMSIgaGVpZ2h0PSIxIiB4bWxucz0iaHR0cDovL3d3dy53My5vcmcvMjAwMC9zdmciPjwvc3ZnPg==\" style=\"--smush-placeholder-width: 1920px; --smush-placeholder-aspect-ratio: 1920\/1080;\">\n                                    <\/figure>\n\n                                                            <\/div>\n                            <div class=\"mjv-item-content\">\n                            \n                                \n                                <div class=\"mjv-date-category\">\n                                    <div class=\"blog-data\">\n                                        06\/12\/2023                                    <\/div>\n                                    <div class=\"blog-category\">\n                                        <i class=\"mjv-icon-category\"><\/i>\n                                        Planificaci\u00f3n empresarial                                    <\/div>\n                                <\/div>\n                                <h4 class=\"mjv-blog-title\">\n                                    Planeaci\u00f3n estrat\u00e9gica: que \u00e9s, tips y 5 claves para empezar                                <\/h4>\n                                <div class=\"mjv-blog-content\">\n                                    <p>\n                                        Bienvenido a la hoja de ruta que transformar\u00e1 tu negocio. En este viaje, exploraremos el significado esencial de la planeaci\u00f3ns estrat\u00e9gica y c\u00f3mo puede ser la br\u00fajula que gu\u00ede tu empresa hacia el \u00e9xito.                                    <\/p>\n                                <\/div>\n                                <div class=\"mjv-cta-container\">\n                                    <a href=\"https:\/\/www.mjvinnovation.com\/?p=40732\" class=\"mjv-section-btn purple\">Lee Ahora<\/a>\n                                <\/div>\n                            <\/div>\n\n                        <\/div>\n\n                \n                        <div class=\"mjv-item-carousel\">\n                            <div class=\"mjv-item-image\">\n                                \n                                    <figure class=\"mjv-comum-image\">\n                                        <img decoding=\"async\" data-src=\"https:\/\/www.mjvinnovation.com\/wp-content\/uploads\/2023\/09\/download-1.jpg\" alt=\"https:\/\/www.mjvinnovation.com\/wp-content\/uploads\/2023\/09\/download-1.jpg\" class=\"embed-responsive lazyload\" src=\"data:image\/svg+xml;base64,PHN2ZyB3aWR0aD0iMSIgaGVpZ2h0PSIxIiB4bWxucz0iaHR0cDovL3d3dy53My5vcmcvMjAwMC9zdmciPjwvc3ZnPg==\" style=\"--smush-placeholder-width: 1200px; --smush-placeholder-aspect-ratio: 1200\/675;\">\n                                    <\/figure>\n\n                                                            <\/div>\n                            <div class=\"mjv-item-content\">\n                            \n                                \n                                <div class=\"mjv-date-category\">\n                                    <div class=\"blog-data\">\n                                        27\/09\/2023                                    <\/div>\n                                    <div class=\"blog-category\">\n                                        <i class=\"mjv-icon-category\"><\/i>\n                                        Agile                                    <\/div>\n                                <\/div>\n                                <h4 class=\"mjv-blog-title\">\n                                    Top 5 pasos para implementar una gesti\u00f3n \u00e1gil en tu sector                                <\/h4>\n                                <div class=\"mjv-blog-content\">\n                                    <p>\n                                        C\u00f3mo utilizar la gesti\u00f3n \u00e1gil para resolver desaf\u00edos complejos de forma sencilla, generar valor para el negocio e involucrar a tu equipo                                    <\/p>\n                                <\/div>\n                                <div class=\"mjv-cta-container\">\n                                    <a href=\"https:\/\/www.mjvinnovation.com\/?p=40077\" class=\"mjv-section-btn purple\">Lee Ahora<\/a>\n                                <\/div>\n                            <\/div>\n\n                        <\/div>\n\n                \n            <\/div>\n            <div class=\"owl-arrows\">\n                <a class=\"arrow-left\">\n                    <i class=\"mjv-nav-prev mjv-icon-seta\"><\/i>\n                <\/a>\n                <a class=\"arrow-right\">\n                    <i class=\"mjv-nav-next mjv-icon-seta\"><\/i>\n                <\/a>\n            <\/div>\n        <\/div>\n    <\/div>\n<\/section>\n\n<div id=\"mjv-thumbnailBlog-container\" class=\"mjv-thumbnail-container\">\n    <main class=\"mjv-thumbnail-Blog\">\n        <div id=\"mjv-searchPage-Blog\" class=\"mjv-searchPage-content\">\n            <div id=\"blog-input-container\" class=\"mjv-search-container-input\"><\/div>\n            <!-- <input type=\"search\" class=\"mjv-search-input\" id=\"post-search-input\" value=\"\" \/> -->\n            <div class=\"mjv-search-filters\">\n                <div id=\"categories\" class=\"mjv-filter\"><\/div>\n                <div id=\"format\"><\/div>\n                <div id=\"stats-b\"><\/div>\n            <\/div>\n        <\/div>\n        <div class=\"mjv-thumbBlog-container\">\n            <div class=\"mjv-thumbBlog-content\">\n                <div id=\"hits-b\" class=\"mjv-thumbnail-content\">\n                    <script type=\"texts\/html\" id=\"hit-template-b\" class=\"mjv-thumbnail-items\">\n                        <div class=\"mjv-thumbnail-item\">\n                            <a href=\"{{permalink}}\" class=\"mjv-thumbnail-link\">\n                                <div class=\"mjv-thumbnail-image\" style=\"background-image: url('{{images.full.url}}');\"><\/div>\n                                <div class=\"mjv-infoRevise\">\n                                    <i class=\"mjv-icon-category\"><\/i>\n                                    {{taxonomies.category}}\n                                <\/div>\n                                <div class=\"mjv-thumbnail-info\">\n                                    <h2 class=\"mjv-titleRevise\">{{post_title}}<\/h2>\n                                    <a href=\"{{permalink}}\" class=\"mjv-btn mjv-btn-clean\">{{text_link}}<i class=\"mjv-icon-seta\"><\/i><\/a>\n                                <\/div>\n                            <\/a>\n                        <\/div>\n                    <\/script>\n                <\/div>\n            <\/div>\n        <\/div>\n    <\/main>\n<\/div>\n\n\n<script>\nfunction instantPosts() {\n\n    \/**\n     *\n     * Retorna appID\/apiKey (credenciais), indexName (nome do index), urlSync (Imprimir value da busca na URL), searchParameters (Retorna X resultados)\n     * variavel type $posts\n     *\n     * widget type searchBox ---> respons\u00e1vel por trazer o campo de busca\n     * widget type hits ---> respons\u00e1vel por trazer os resultados da busca\n     * widget type stats ---> respons\u00e1vel por trazer o n\u00famero de resultados da busca\n     * widget type infiniteHits ---> respons\u00e1vel por realizar a pagina\u00e7\u00e3o infinita\n     *\n     * Biblioteca externa chamada Algolia InstantSearch Widgets <https:\/\/community.algolia.com\/instantsearch.js\/v2\/widgets.html>\n     *\n     * *\/\n\n    var posts = instantsearch({\n        searchClient: algoliasearch('BIO2A81EYZ', '06e9a81339c2afad3cdc02f55b6870a7'),\n        indexName: 'wp_posts_post',\n        urlSync: true\n    });\n    posts.addWidgets([\n        instantsearch.widgets.configure({\n        filters: 'wpml.locale:\"' + current_locale + '\"', \/\/ This is the line we added.\n        hitsPerPage: 6\n        }),\n    ]); \n    posts.addWidget(\n        instantsearch.widgets.searchBox({\n            container: '#blog-input-container',\n            placeholder: placeHolder.mjv_placeholder_string ,\n        })\n    );\n    posts.addWidget(\n        instantsearch.widgets.hits({\n            container: '#hits-b',\n            templates: {\n                item: document.getElementById('hit-template-b').innerHTML,\n                empty: \"<div class='alert alert-warning alert-dismissible fade show' role='alert'>No results for <strong>\\\"{{query}}\\\"<\/strong><button type='button' class='close' data-dismiss='alert' aria-label='Close'><span aria-hidden='true'>&times;<\/span><\/button>\",\n            }\n        })\n    );\n    posts.addWidget(\n        instantsearch.widgets.infiniteHits({\n            container: '#hits-b',\n            templates: {\n                item: '<div class=\"mjv-thumbnail-item\"><a href=\"{{permalink}}\" class=\"mjv-thumbnail-link img-group\"><img decoding=\"async\" class=\"mjv-thumbnail-image\" src=\"{{images.full.url}}\"\/><div class=\"mjv-infoRevise\"><i class=\"mjv-icon-category\"><\/i>{{taxonomies.category}}<\/div><div class=\"mjv-thumbnail-info\"><h2 class=\"mjv-titleRevise\">{{post_title}}<\/h2><a href=\"{{permalink}}\" class=\"mjv-btn mjv-btn-clean\">{{text_link}}<i class=\"mjv-icon-seta\"><\/i><\/a><\/div><\/a><\/div>',\n                empty: \"<div class='alert alert-warning alert-dismissible fade show' role='alert'>No results for <strong>\\\"{{query}}\\\"<\/strong><button type='button' class='close' data-dismiss='alert' aria-label='Close'><span aria-hidden='true'>&times;<\/span><\/button>\",\n                showMoreText(data, { html }) {\n                    return html`<span>${loadMore.mjv_string}<\/span>`;\n                },\n            },\n            escapeHits: true,\n            cssClasses: {\n                item:'ais-hits--item',\n                root:'ais-hits',\n                \/\/ showmore: 'mjv-btn-container mjv-loadMore-container',\n                loadMore: 'mjv-btn mjv-btn-small mjv-btn-purple' \/* N\u00e3o funciona pelo algolia, por isso \u00e9 preciso declarar direto no css pela tag BUTTON*\/\n            }\n        })\n    );\n    posts.addWidget(\n        instantsearch.widgets.menuSelect({\n            container: '#categories',\n            attribute: 'taxonomies.category',\n            limit: 10,\n            templates: {\n                seeAllOption: menuSelect.mjv_menuSelect_string,\n            },\n\n            \/* SE PRECISAR CRIAR CLASSE PARA O SELECT USA ISSO AQUI! *\/\n\n            cssClasses: {\n                root: 'classe-a',\n                header: 'classe-b',\n                select: 'classe-c',\n                option:'classe-d',\n                footer:'classe-e'\n            }\n        })\n    );\n    posts.start();\n    }\n    instantPosts();\n<\/script>\n\n\r\n\r\n<div class=\"mjv-section-form\">\r\n    <div class=\"mjv-comum-container\">\r\n        <div class=\"form-newsletter\">\r\n            <h2>Mantente en la cima! Suscr\u00edbase a nuestro bolet\u00edn.<\/h2>\r\n            \r\n            <!-- Fora de uso por conta da politica de CSP -->\r\n            <!-- echo the_field('formulario_hubspot'); -->\r\n\r\n           <!--[if lte IE 8]>\r\n                <script charset=\"utf-8\" type=\"text\/javascript\" src=\"https:\/\/js.hsforms.net\/forms\/v2-legacy.js\"><\/script>\r\n            <![endif]-->\r\n            <script src=\"https:\/\/js.hsforms.net\/forms\/v2.js\" nonce=\"afEfYbEghWYOoLdzAZDn7AAAAAo\"><\/script>\r\n\r\n                           <script nonce=\"afEfYbEghWYOoLdzAZDn7AAAAAo\">\r\n                    hbspt.forms.create({\r\n                        portalId: \"455690\",\r\n                        formId: \"b9f501c4-5ffe-436f-90e4-496d7cb74972\"\r\n                    });\r\n                <\/script>\r\n                    <\/div>\r\n    <\/div>\r\n<\/div>","protected":false},"excerpt":{"rendered":"","protected":false},"author":6,"featured_media":0,"parent":0,"menu_order":0,"comment_status":"closed","ping_status":"closed","template":"","meta":{"_acf_changed":false,"footnotes":""},"class_list":["post-4721","page","type-page","status-publish","hentry"],"acf":[],"yoast_head":"<!-- This site is optimized with the Yoast SEO plugin v26.0 - https:\/\/yoast.com\/wordpress\/plugins\/seo\/ -->\n<title>Blog - MJV Technology &amp; Innovation<\/title>\n<meta name=\"robots\" content=\"index, follow, max-snippet:-1, max-image-preview:large, max-video-preview:-1\" \/>\n<link rel=\"canonical\" href=\"https:\/\/www.mjvinnovation.com\/es\/blog\/\" \/>\n<meta property=\"og:locale\" content=\"es_ES\" \/>\n<meta property=\"og:type\" content=\"article\" \/>\n<meta property=\"og:title\" content=\"Blog - MJV Technology &amp; Innovation\" \/>\n<meta property=\"og:url\" content=\"https:\/\/www.mjvinnovation.com\/es\/blog\/\" \/>\n<meta property=\"og:site_name\" content=\"MJV Technology &amp; Innovation\" \/>\n<meta property=\"article:publisher\" content=\"https:\/\/www.facebook.com\/mjvinnovation\/\" \/>\n<meta property=\"article:modified_time\" content=\"2023-12-14T18:08:55+00:00\" \/>\n<meta name=\"twitter:card\" content=\"summary_large_image\" \/>\n<meta name=\"twitter:site\" content=\"@MJVinnovation\" \/>\n<script type=\"application\/ld+json\" class=\"yoast-schema-graph\">{\"@context\":\"https:\/\/schema.org\",\"@graph\":[{\"@type\":\"WebPage\",\"@id\":\"https:\/\/www.mjvinnovation.com\/es\/blog\/\",\"url\":\"https:\/\/www.mjvinnovation.com\/es\/blog\/\",\"name\":\"Blog - MJV Technology &amp; Innovation\",\"isPartOf\":{\"@id\":\"https:\/\/www.mjvinnovation.com\/es\/#website\"},\"datePublished\":\"2021-04-27T19:44:14+00:00\",\"dateModified\":\"2023-12-14T18:08:55+00:00\",\"breadcrumb\":{\"@id\":\"https:\/\/www.mjvinnovation.com\/es\/blog\/#breadcrumb\"},\"inLanguage\":\"es\",\"potentialAction\":[{\"@type\":\"ReadAction\",\"target\":[\"https:\/\/www.mjvinnovation.com\/es\/blog\/\"]}]},{\"@type\":\"BreadcrumbList\",\"@id\":\"https:\/\/www.mjvinnovation.com\/es\/blog\/#breadcrumb\",\"itemListElement\":[{\"@type\":\"ListItem\",\"position\":1,\"name\":\"Home\",\"item\":\"https:\/\/www.mjvinnovation.com\/es\/\"},{\"@type\":\"ListItem\",\"position\":2,\"name\":\"Blog\"}]},{\"@type\":\"WebSite\",\"@id\":\"https:\/\/www.mjvinnovation.com\/es\/#website\",\"url\":\"https:\/\/www.mjvinnovation.com\/es\/\",\"name\":\"MJV Technology &amp; Innovation\",\"description\":\"We are people transforming business\",\"publisher\":{\"@id\":\"https:\/\/www.mjvinnovation.com\/es\/#organization\"},\"potentialAction\":[{\"@type\":\"SearchAction\",\"target\":{\"@type\":\"EntryPoint\",\"urlTemplate\":\"https:\/\/www.mjvinnovation.com\/es\/?s={search_term_string}\"},\"query-input\":{\"@type\":\"PropertyValueSpecification\",\"valueRequired\":true,\"valueName\":\"search_term_string\"}}],\"inLanguage\":\"es\"},{\"@type\":\"Organization\",\"@id\":\"https:\/\/www.mjvinnovation.com\/es\/#organization\",\"name\":\"MJV Technology and Innovation\",\"url\":\"https:\/\/www.mjvinnovation.com\/es\/\",\"logo\":{\"@type\":\"ImageObject\",\"inLanguage\":\"es\",\"@id\":\"https:\/\/www.mjvinnovation.com\/es\/#\/schema\/logo\/image\/\",\"url\":\"https:\/\/www.mjvinnovation.com\/wp-content\/uploads\/2021\/07\/logo_mjv_favicon.png\",\"contentUrl\":\"https:\/\/www.mjvinnovation.com\/wp-content\/uploads\/2021\/07\/logo_mjv_favicon.png\",\"width\":128,\"height\":128,\"caption\":\"MJV Technology and Innovation\"},\"image\":{\"@id\":\"https:\/\/www.mjvinnovation.com\/es\/#\/schema\/logo\/image\/\"},\"sameAs\":[\"https:\/\/www.facebook.com\/mjvinnovation\/\",\"https:\/\/x.com\/MJVinnovation\",\"https:\/\/www.instagram.com\/mjvinnovation\/\",\"https:\/\/www.linkedin.com\/company\/mjv-tech-and-innovation\",\"https:\/\/www.youtube.com\/channel\/UCUlTs06JlXwUd09Jzg9kqDA\"]}]}<\/script>\n<!-- \/ Yoast SEO plugin. -->","yoast_head_json":{"title":"Blog - MJV Technology &amp; Innovation","robots":{"index":"index","follow":"follow","max-snippet":"max-snippet:-1","max-image-preview":"max-image-preview:large","max-video-preview":"max-video-preview:-1"},"canonical":"https:\/\/www.mjvinnovation.com\/es\/blog\/","og_locale":"es_ES","og_type":"article","og_title":"Blog - MJV Technology &amp; Innovation","og_url":"https:\/\/www.mjvinnovation.com\/es\/blog\/","og_site_name":"MJV Technology &amp; Innovation","article_publisher":"https:\/\/www.facebook.com\/mjvinnovation\/","article_modified_time":"2023-12-14T18:08:55+00:00","twitter_card":"summary_large_image","twitter_site":"@MJVinnovation","schema":{"@context":"https:\/\/schema.org","@graph":[{"@type":"WebPage","@id":"https:\/\/www.mjvinnovation.com\/es\/blog\/","url":"https:\/\/www.mjvinnovation.com\/es\/blog\/","name":"Blog - MJV Technology &amp; Innovation","isPartOf":{"@id":"https:\/\/www.mjvinnovation.com\/es\/#website"},"datePublished":"2021-04-27T19:44:14+00:00","dateModified":"2023-12-14T18:08:55+00:00","breadcrumb":{"@id":"https:\/\/www.mjvinnovation.com\/es\/blog\/#breadcrumb"},"inLanguage":"es","potentialAction":[{"@type":"ReadAction","target":["https:\/\/www.mjvinnovation.com\/es\/blog\/"]}]},{"@type":"BreadcrumbList","@id":"https:\/\/www.mjvinnovation.com\/es\/blog\/#breadcrumb","itemListElement":[{"@type":"ListItem","position":1,"name":"Home","item":"https:\/\/www.mjvinnovation.com\/es\/"},{"@type":"ListItem","position":2,"name":"Blog"}]},{"@type":"WebSite","@id":"https:\/\/www.mjvinnovation.com\/es\/#website","url":"https:\/\/www.mjvinnovation.com\/es\/","name":"MJV Technology &amp; Innovation","description":"We are people transforming business","publisher":{"@id":"https:\/\/www.mjvinnovation.com\/es\/#organization"},"potentialAction":[{"@type":"SearchAction","target":{"@type":"EntryPoint","urlTemplate":"https:\/\/www.mjvinnovation.com\/es\/?s={search_term_string}"},"query-input":{"@type":"PropertyValueSpecification","valueRequired":true,"valueName":"search_term_string"}}],"inLanguage":"es"},{"@type":"Organization","@id":"https:\/\/www.mjvinnovation.com\/es\/#organization","name":"MJV Technology and Innovation","url":"https:\/\/www.mjvinnovation.com\/es\/","logo":{"@type":"ImageObject","inLanguage":"es","@id":"https:\/\/www.mjvinnovation.com\/es\/#\/schema\/logo\/image\/","url":"https:\/\/www.mjvinnovation.com\/wp-content\/uploads\/2021\/07\/logo_mjv_favicon.png","contentUrl":"https:\/\/www.mjvinnovation.com\/wp-content\/uploads\/2021\/07\/logo_mjv_favicon.png","width":128,"height":128,"caption":"MJV Technology and Innovation"},"image":{"@id":"https:\/\/www.mjvinnovation.com\/es\/#\/schema\/logo\/image\/"},"sameAs":["https:\/\/www.facebook.com\/mjvinnovation\/","https:\/\/x.com\/MJVinnovation","https:\/\/www.instagram.com\/mjvinnovation\/","https:\/\/www.linkedin.com\/company\/mjv-tech-and-innovation","https:\/\/www.youtube.com\/channel\/UCUlTs06JlXwUd09Jzg9kqDA"]}]}},"_links":{"self":[{"href":"https:\/\/www.mjvinnovation.com\/es\/wp-json\/wp\/v2\/pages\/4721","targetHints":{"allow":["GET"]}}],"collection":[{"href":"https:\/\/www.mjvinnovation.com\/es\/wp-json\/wp\/v2\/pages"}],"about":[{"href":"https:\/\/www.mjvinnovation.com\/es\/wp-json\/wp\/v2\/types\/page"}],"author":[{"embeddable":true,"href":"https:\/\/www.mjvinnovation.com\/es\/wp-json\/wp\/v2\/users\/6"}],"replies":[{"embeddable":true,"href":"https:\/\/www.mjvinnovation.com\/es\/wp-json\/wp\/v2\/comments?post=4721"}],"version-history":[{"count":84,"href":"https:\/\/www.mjvinnovation.com\/es\/wp-json\/wp\/v2\/pages\/4721\/revisions"}],"predecessor-version":[{"id":41043,"href":"https:\/\/www.mjvinnovation.com\/es\/wp-json\/wp\/v2\/pages\/4721\/revisions\/41043"}],"wp:attachment":[{"href":"https:\/\/www.mjvinnovation.com\/es\/wp-json\/wp\/v2\/media?parent=4721"}],"curies":[{"name":"wp","href":"https:\/\/api.w.org\/{rel}","templated":true}]}}