{"id":31228,"date":"2022-11-08T17:28:26","date_gmt":"2022-11-08T20:28:26","guid":{"rendered":"https:\/\/www.mjvinnovation.com\/?page_id=31228"},"modified":"2022-11-08T17:41:45","modified_gmt":"2022-11-08T20:41:45","slug":"sostenibilidad","status":"publish","type":"page","link":"https:\/\/www.mjvinnovation.com\/es\/sostenibilidad\/","title":{"rendered":"Sustentabilidade"},"content":{"rendered":"\n\t\t\t<section class=\"mjv-banner banner-secondary\" style=\"background-color:#46bb93\">\n\n\t\t<div class=\"mjv-banner-container\">\n\t\t<h1 class=\"mjv-banner-title\">Sostenibilidad<\/h1>\n\t\t<div class=\"mjv-banner-subtitle\"><\/div>\n\t<\/div>\n<\/section>\n\n<div class=\"expertise-page-template\">\n    <div class=\"nav-topics\">\n                                                                                                <a class=\"nav-topic\" href=\"#section-1\">\n                        1                        <span>\n                            1. \u00bfQu\u00e9 es Sostenibilidad?                        <\/span>\n                    <\/a>\n                                                                                                                <a class=\"nav-topic\" href=\"#section-2\">\n                        2                        <span>\n                            2. \u00bfQu\u00e9 es la Transformaci\u00f3n Sostenible?                        <\/span>\n                    <\/a>\n                                                                                    <a class=\"nav-topic\" href=\"#section-3\">\n                        3                        <span>\n                            3. Enfoques de Sostenibilidad                        <\/span>\n                    <\/a>\n                                                                                    <a class=\"nav-topic\" href=\"#section-4\">\n                        4                        <span>\n                            [Caso] Una Ventana a un Mundo Sostenible                        <\/span>\n                    <\/a>\n                                                            <\/div>\n\n    <div class=\"expertise-page-content\">\n\n                        \n    \n                                    <section class=\"page-title\">\n                        <div class=\"container\">\n                            <h2>\n                                En MJV, la sinergia entre la estrategia, el dise\u00f1o, la tecnolog\u00eda y la cultura nos permite aportar valor con un enfoque de transformaci\u00f3n sostenible.                            <\/h2>\n                        <\/div>\n                    <\/section>\n                    \n                    \n                    \n                \n                    \n    \n                \n    \n                    \n                                    <section id=\"section-\" class=\"expertises-section\">\n                        <div class=\"container\">\n                            <h2>1. \u00bfQu\u00e9 es Sostenibilidad?<\/h2>\n                                                            <p>\u00abSostenibilidad es la capacidad de satisfacer las necesidades del presente sin comprometer la capacidad de las generaciones futuras para satisfacer sus demandas\u00bb.<\/p>\n<p>Esta es la definici\u00f3n del informe \u00abNuestro futuro com\u00fan\u00bb, de la Comisi\u00f3n Mundial de Medio Ambiente y Sostenibilidad.<\/p>\n<p>En otras palabras, para hablar de desarrollo sostenible hay que centrarse en la capacidad humana de interactuar con el mundo, preservando el medio ambiente, as\u00ed como los aspectos sociales y econ\u00f3micos de la vida.<\/p>\n<p>Manteniendo los recursos, podemos contribuir a construir el futuro.<\/p>\n<p>\u2192 Lea tambi\u00e9n: <a href=\"https:\/\/www.mjvinnovation.com\/es\/blog\/diversidad-y-inclusion-por-que-las-companias-deben-tomar-partido\/\">Diversidad y inclusi\u00f3n: por qu\u00e9 las compa\u00f1\u00edas deben tomar partido<\/a><\/p>\n                                                    <\/div>\n                    <\/section>\n                    \n                    \n                \n                    \n    \n                \n    \n                    \n                    \n                    \n                                    <div class=\"news-update\">\n                        <div class=\"container\">\n                            <div class=\"text\">\n                                <h2>Suscr\u00edbete para recibir nuestros contenidos<\/h2>\n                                <p>Rellene el formulario para recibir nuestras \u00faltimas publicaciones.<\/p>\n                            <\/div>\n                            <div class=\"form\">\n                                <!--[if lte IE 8]&gt;-->\r\n\r\n\r\n\r\n\r\n  hbspt.forms.create({\r\n\tportalId: \u00ab2897528\u00bb,\r\n\tformId: \u00ab7d70a0e8-79c9-488b-ac51-b3e78ccc75e2\u00bb\r\n});\r\n                            <\/div>\n                        <\/div>\n                    <\/div>\n                \n                    \n    \n                \n    \n                    \n                                    <section id=\"section-\" class=\"expertises-section\">\n                        <div class=\"container\">\n                            <h2>2. \u00bfQu\u00e9 es la Transformaci\u00f3n Sostenible?<\/h2>\n                                                            <p>Cada vez es m\u00e1s importante que las empresas comprendan que son parte integrante del mundo y no s\u00f3lo consumidores dentro de un ecosistema.<\/p>\n<p>Los recursos naturales son finitos y la inclusi\u00f3n social es urgente. Esto no es nada nuevo, pero pasar a la acci\u00f3n y configurar las empresas con esa mentalidad es lo que marca la diferencia.<\/p>\n<p>Desde la definici\u00f3n de ESG (Medio ambiente, Social y Gobernanza), es la primera vez en la historia que la sostenibilidad deja de ser una obligaci\u00f3n corporativa y se entiende como un factor estrat\u00e9gico e imperativo en las decisiones diarias de las empresas y las personas.<\/p>\n<p>Tanto los consumidores como las empresas exigen acciones de impacto positivo para la preservaci\u00f3n del ser humano. La transformaci\u00f3n sostenible es lo que permite un mundo m\u00e1s equilibrado.<\/p>\n<p>Se trata de permitir que las empresas y las personas progresen en armon\u00eda con el ecosistema al que pertenecen, asegurando un futuro saludable para la vida en el planeta.<\/p>\n<p>La transformaci\u00f3n sostenible permite desarrollar e implementar soluciones de impacto positivo, considerando diferentes aspectos de los ecosistemas de la empresa y del contexto socioambiental que la rodea.<\/p>\n<p>Esto significa considerar lo que tiene valor para la empresa, para las personas implicadas y para el planeta.<\/p>\n<p>\u2192 Te puede interesar: <a href=\"https:\/\/www.mjvinnovation.com\/es\/blog\/que-es-esg\/\">\u00bfQu\u00e9 es ESG? Conectando finanzas y desarrollo sostenible<\/a><\/p>\n                                                    <\/div>\n                    <\/section>\n                    \n                    \n                \n                    \n    \n                \n    \n                    \n                                    <section id=\"section-\" class=\"expertises-section\">\n                        <div class=\"container\">\n                            <h2>3. Enfoques de Sostenibilidad<\/h2>\n                                                            <p>Existen varias formas de trabajar la sostenibilidad dentro del universo empresarial. Todas ellas motivadas por los siguientes contextos:<\/p>\n<ul>\n<li>La aparici\u00f3n del t\u00e9rmino ESG;<\/li>\n<li>Los Objetivos de Desarrollo Sostenible de la ONU<\/li>\n<li>Entre otros.<\/li>\n<\/ul>\n<p>Profundizando en este concepto y uniendo esta mentalidad sostenible con nuestra forma de transformar los negocios, llegamos a enfoques como el Design Thinking para la circularidad, entre otros que enumeraremos a continuaci\u00f3n.<\/p>\n<p>Design Thinking Circular<\/p>\n<p>El Circular Design Thinking es una metodolog\u00eda para adaptar productos y negocios a los par\u00e1metros de la econom\u00eda circular, permitiendo la reducci\u00f3n de los impactos ambientales y econ\u00f3micos.<\/p>\n<p>Pero para hablar de Dise\u00f1o Circular, primero hay que hablar de la econom\u00eda circular. Seg\u00fan la Fundaci\u00f3n Ellen Macarthur<\/p>\n<p>\u00abEn nuestra econom\u00eda actual, tomamos materiales de la Tierra, fabricamos productos con ellos y finalmente los tiramos como residuos: el proceso es lineal. En una econom\u00eda circular, dejamos de producir residuos en primer lugar\u00bb.<\/p>\n<p>Esto se hace en base a tres principios, impulsados por el dise\u00f1o:<\/p>\n<p>Eliminar los residuos y la contaminaci\u00f3n;<br \/>\nHacer circular los productos y materiales (en su m\u00e1ximo valor);<br \/>\nRegenerar la naturaleza.<\/p>\n<p>\u00abEste proceso se apoya en una transici\u00f3n hacia energ\u00edas y materiales renovables. Una econom\u00eda circular desvincula las actividades econ\u00f3micas del consumo de recursos finitos. Es un sistema resistente que es bueno para las empresas, para las personas y para el medio ambiente\u00bb.<\/p>\n<p>Design Thinking Circular es una forma de dise\u00f1ar productos, empresas y servicios con esta mentalidad aplicada.<\/p>\n<p>Partiendo de un an\u00e1lisis en profundidad de la actual cadena de valor del producto, podemos encontrar los aspectos empresariales y productivos que est\u00e1n causando un impacto negativo, mitigarlos o incluso revertirlos por completo, generando en su lugar impactos positivos.<\/p>\n<p>Es importante tener en cuenta que, como se ha mencionado anteriormente, el Dise\u00f1o Circular contempla toda la cadena de influencia del producto, no s\u00f3lo despu\u00e9s de su uso.<\/p>\n<p>Lo que esto significa en la pr\u00e1ctica es que estamos hablando de mucho m\u00e1s que de reparar o reciclar. Se trata de un enfoque que aporta intencionalidad y responsabilidad medioambiental al dise\u00f1o del producto y a la extracci\u00f3n\/consumo de materias primas.<\/p>\n<p>Se trata de dise\u00f1ar los productos de forma m\u00e1s estrat\u00e9gica para que, adem\u00e1s de utilizar menos materiales impactantes, puedan, por ejemplo, ser reparados m\u00e1s f\u00e1cilmente en el futuro, entre otras muchas posibilidades.<\/p>\n<p>Todo se dise\u00f1a de forma rentable, preservando la salud financiera y la reputaci\u00f3n de la empresa, todo ello mitigando los riesgos medioambientales.<\/p>\n<p>\u2192 Te puede interesar: <a href=\"https:\/\/content.mjvinnovation.com\/es\/ebook\/latam\/cradle-to-cradle\">Cradle to Cradle: El papel de Design Thinking y el Dise\u00f1o de Productos en la circularidad.<\/a><\/p>\n<p>Datos para la Sostenibilidad<\/p>\n<p>Nos enfrentamos a retos medioambientales, sociales y de gobernanza cada vez m\u00e1s complejos.<\/p>\n<p>La monitorizaci\u00f3n y visualizaci\u00f3n constante de los <a href=\"https:\/\/content.mjvinnovation.com\/es\/es\/ebook\/analisis-de-datos-para-las-empresas\">datos<\/a> de sostenibilidad es crucial para que las empresas puedan dise\u00f1ar y operar su futuro de forma transparente y responsable.<\/p>\n<p>En este escenario, la anal\u00edtica de datos proporciona una comprensi\u00f3n de las necesidades de los diferentes p\u00fablicos para mitigar los riesgos relacionados con la sostenibilidad. Puede ser especialmente relevante para el an\u00e1lisis de impacto y la elaboraci\u00f3n de informes.<\/p>\n<p>Un ejemplo de ello es el desarrollo de paneles interactivos que informan de los riesgos socioambientales relacionados con un producto para orientar la toma de decisiones en base a criterios ESG.<\/p>\n<p>Adem\u00e1s, la tecnolog\u00eda ha habilitado nuevas v\u00edas sostenibles:<\/p>\n<ul>\n<li>Blockchain: la posibilidad de prevenir el fraude y garantizar procesos sostenibles, como la trazabilidad de la cadena de valor. Responde a la pregunta: \u00ab\u00bfde d\u00f3nde viene este producto?\u00bb;<\/li>\n<li>El Internet of Things: la posibilidad de interconectar las m\u00e1quinas y configurarlas para optimizar los procesos y predecir las necesidades de mantenimiento, permitiendo que la producci\u00f3n utilice menos recursos y aumente la durabilidad de los productos;<\/li>\n<li>Inteligencia Artificial: ayuda a comprender y redise\u00f1ar sistemas complejos e interconectados, permitiendo, por ejemplo, una mayor agilidad en la monitorizaci\u00f3n o inspecci\u00f3n ambiental y una mejor previsi\u00f3n de cat\u00e1strofes;<\/li>\n<li>Cuadros de mando Interactivos: mediante la recopilaci\u00f3n automatizada de datos y la visualizaci\u00f3n de la informaci\u00f3n (DataViz) teniendo en cuenta las necesidades del usuario (UX y UI), es posible proporcionar a los gestores y clientes herramientas adecuadas para la toma de decisiones sostenibles, la mitigaci\u00f3n de riesgos y el descubrimiento de oportunidades.<\/li>\n<\/ul>\n<p>Innovaci\u00f3n Social y Design Thinking<\/p>\n<p>No podemos hablar de un mundo sostenible sin incluir a las personas, \u00bfverdad? Al fin y al cabo, para que cuidemos bien del planeta, tenemos que estar bien cuidados nosotros mismos.<\/p>\n<p>Este enfoque aprovecha el pensamiento sist\u00e9mico. Una mentalidad que utiliza el an\u00e1lisis constante de los impactos y la consideraci\u00f3n de todos los implicados en el contexto de la soluci\u00f3n.<\/p>\n<p>Aqu\u00ed, la atenci\u00f3n se centra en la calidad de vida y la seguridad de los clientes, los empleados y los derechos de la comunidad para el bienestar social.<\/p>\n<p>De este modo, nos aseguramos de que la soluci\u00f3n generada no s\u00f3lo aborda los problemas de un grupo de personas, sino que genera un impacto positivo en todo el ecosistema interconectado.<\/p>\n                                                    <\/div>\n                    <\/section>\n                    \n                    \n                \n                    \n    \n                \n    \n                    \n                                    <section id=\"section-\" class=\"expertises-section\">\n                        <div class=\"container\">\n                            <h2>[Caso] Una Ventana a un Mundo Sostenible<\/h2>\n                                                            <p>Comprometida con la transformaci\u00f3n de los negocios y las cuestiones de sostenibilidad global, MJV se convirti\u00f3 en el socio para el desarrollo de soluciones tecnol\u00f3gicas para Pro Natura Smart y Smart Amaz\u00f4nia.<\/p>\n<p>El desaf\u00edo inicial fue entender c\u00f3mo integrar la tecnolog\u00eda en la cadena de extracci\u00f3n del a\u00e7a\u00ed en la comunidad de Curralinho-PA.<\/p>\n<p>Con el objetivo de contribuir a la calidad de vida de los productores. Facilitando su trabajo diario y aumentando las ganancias de producci\u00f3n y la sostenibilidad.<\/p>\n<p>Para ello, MJV mape\u00f3 los retos y oportunidades en este contexto y realiz\u00f3 un estudio de inmersi\u00f3n en la regi\u00f3n. Se dise\u00f1aron din\u00e1micas y materiales de cocreaci\u00f3n para extraer la inteligencia colectiva de estas comunidades.<\/p>\n<p>Puede seguir el resultado de este proyecto <a href=\"https:\/\/www.mjvinnovation.com\/es\/blog\/estudio-de-caso-natura-smart-amazon\/\">aqu\u00ed<\/a>.<\/p>\n                                                    <\/div>\n                    <\/section>\n                    \n                    \n                \n                    \n    \n                        \n        \n    <\/div>\n    \n    <div class=\"expertise-socials\" id=\"expertise-socials\">\n        <div class=\"expertise-social-content\">\n            <a href=\"https:\/\/www.linkedin.com\/shareArticle?mini=true&#038;url=https:\/\/www.mjvinnovation.com\/es\/sostenibilidad\/&#038;title=LinkedIn%20Developer%20Network&#038;summary=My%20favorite%20developer%20program&#038;source=LinkedIn\"\" class=\"expertise-social linkedin\" target=\"_blank\">\n                <i class=\"mjv-icon-social-media-linkedin\"><\/i>\n            <\/a>\n            <a href=\"http:\/\/twitter.com\/share?text=&#038;url=https:\/\/www.mjvinnovation.com\/es\/sostenibilidad\/\" class=\"expertise-social\" target=\"_blank\">\n                <i class=\"mjv-icon-social-media-twitter\"><\/i>\n            <\/a>\n            <a href=\"https:\/\/www.facebook.com\/sharer\/sharer.php?u=https:\/\/www.mjvinnovation.com\/es\/sostenibilidad\/\" class=\"expertise-social\" target=\"_blank\">\n                <i class=\"mjv-icon-social-media-facebook\"><\/i>\n            <\/a>\n        <\/div>\n    <\/div>\n\n<\/div>","protected":false},"excerpt":{"rendered":"","protected":false},"author":6,"featured_media":0,"parent":0,"menu_order":0,"comment_status":"closed","ping_status":"closed","template":"","meta":{"_acf_changed":false,"footnotes":""},"class_list":["post-31228","page","type-page","status-publish","hentry"],"acf":[],"yoast_head":"<!-- This site is optimized with the Yoast SEO plugin v26.0 - https:\/\/yoast.com\/wordpress\/plugins\/seo\/ -->\n<title>Sustentabilidade - MJV Technology &amp; Innovation<\/title>\n<meta name=\"robots\" content=\"index, follow, max-snippet:-1, max-image-preview:large, max-video-preview:-1\" \/>\n<link rel=\"canonical\" href=\"https:\/\/www.mjvinnovation.com\/es\/sostenibilidad\/\" \/>\n<meta property=\"og:locale\" content=\"es_ES\" \/>\n<meta property=\"og:type\" content=\"article\" \/>\n<meta property=\"og:title\" content=\"Sustentabilidade - MJV Technology &amp; Innovation\" \/>\n<meta property=\"og:url\" content=\"https:\/\/www.mjvinnovation.com\/es\/sostenibilidad\/\" \/>\n<meta property=\"og:site_name\" content=\"MJV Technology &amp; Innovation\" \/>\n<meta property=\"article:publisher\" content=\"https:\/\/www.facebook.com\/mjvinnovation\/\" \/>\n<meta property=\"article:modified_time\" content=\"2022-11-08T20:41:45+00:00\" \/>\n<meta name=\"twitter:card\" content=\"summary_large_image\" \/>\n<meta name=\"twitter:site\" content=\"@MJVinnovation\" \/>\n<script type=\"application\/ld+json\" class=\"yoast-schema-graph\">{\"@context\":\"https:\/\/schema.org\",\"@graph\":[{\"@type\":\"WebPage\",\"@id\":\"https:\/\/www.mjvinnovation.com\/es\/sostenibilidad\/\",\"url\":\"https:\/\/www.mjvinnovation.com\/es\/sostenibilidad\/\",\"name\":\"Sustentabilidade - MJV Technology &amp; Innovation\",\"isPartOf\":{\"@id\":\"https:\/\/www.mjvinnovation.com\/es\/#website\"},\"datePublished\":\"2022-11-08T20:28:26+00:00\",\"dateModified\":\"2022-11-08T20:41:45+00:00\",\"breadcrumb\":{\"@id\":\"https:\/\/www.mjvinnovation.com\/es\/sostenibilidad\/#breadcrumb\"},\"inLanguage\":\"es\",\"potentialAction\":[{\"@type\":\"ReadAction\",\"target\":[\"https:\/\/www.mjvinnovation.com\/es\/sostenibilidad\/\"]}]},{\"@type\":\"BreadcrumbList\",\"@id\":\"https:\/\/www.mjvinnovation.com\/es\/sostenibilidad\/#breadcrumb\",\"itemListElement\":[{\"@type\":\"ListItem\",\"position\":1,\"name\":\"Home\",\"item\":\"https:\/\/www.mjvinnovation.com\/es\/\"},{\"@type\":\"ListItem\",\"position\":2,\"name\":\"Sustentabilidade\"}]},{\"@type\":\"WebSite\",\"@id\":\"https:\/\/www.mjvinnovation.com\/es\/#website\",\"url\":\"https:\/\/www.mjvinnovation.com\/es\/\",\"name\":\"MJV Technology &amp; Innovation\",\"description\":\"We are people transforming business\",\"publisher\":{\"@id\":\"https:\/\/www.mjvinnovation.com\/es\/#organization\"},\"potentialAction\":[{\"@type\":\"SearchAction\",\"target\":{\"@type\":\"EntryPoint\",\"urlTemplate\":\"https:\/\/www.mjvinnovation.com\/es\/?s={search_term_string}\"},\"query-input\":{\"@type\":\"PropertyValueSpecification\",\"valueRequired\":true,\"valueName\":\"search_term_string\"}}],\"inLanguage\":\"es\"},{\"@type\":\"Organization\",\"@id\":\"https:\/\/www.mjvinnovation.com\/es\/#organization\",\"name\":\"MJV Technology and Innovation\",\"url\":\"https:\/\/www.mjvinnovation.com\/es\/\",\"logo\":{\"@type\":\"ImageObject\",\"inLanguage\":\"es\",\"@id\":\"https:\/\/www.mjvinnovation.com\/es\/#\/schema\/logo\/image\/\",\"url\":\"https:\/\/www.mjvinnovation.com\/wp-content\/uploads\/2021\/07\/logo_mjv_favicon.png\",\"contentUrl\":\"https:\/\/www.mjvinnovation.com\/wp-content\/uploads\/2021\/07\/logo_mjv_favicon.png\",\"width\":128,\"height\":128,\"caption\":\"MJV Technology and Innovation\"},\"image\":{\"@id\":\"https:\/\/www.mjvinnovation.com\/es\/#\/schema\/logo\/image\/\"},\"sameAs\":[\"https:\/\/www.facebook.com\/mjvinnovation\/\",\"https:\/\/x.com\/MJVinnovation\",\"https:\/\/www.instagram.com\/mjvinnovation\/\",\"https:\/\/www.linkedin.com\/company\/mjv-tech-and-innovation\",\"https:\/\/www.youtube.com\/channel\/UCUlTs06JlXwUd09Jzg9kqDA\"]}]}<\/script>\n<!-- \/ Yoast SEO plugin. -->","yoast_head_json":{"title":"Sustentabilidade - MJV Technology &amp; Innovation","robots":{"index":"index","follow":"follow","max-snippet":"max-snippet:-1","max-image-preview":"max-image-preview:large","max-video-preview":"max-video-preview:-1"},"canonical":"https:\/\/www.mjvinnovation.com\/es\/sostenibilidad\/","og_locale":"es_ES","og_type":"article","og_title":"Sustentabilidade - MJV Technology &amp; Innovation","og_url":"https:\/\/www.mjvinnovation.com\/es\/sostenibilidad\/","og_site_name":"MJV Technology &amp; Innovation","article_publisher":"https:\/\/www.facebook.com\/mjvinnovation\/","article_modified_time":"2022-11-08T20:41:45+00:00","twitter_card":"summary_large_image","twitter_site":"@MJVinnovation","schema":{"@context":"https:\/\/schema.org","@graph":[{"@type":"WebPage","@id":"https:\/\/www.mjvinnovation.com\/es\/sostenibilidad\/","url":"https:\/\/www.mjvinnovation.com\/es\/sostenibilidad\/","name":"Sustentabilidade - MJV Technology &amp; Innovation","isPartOf":{"@id":"https:\/\/www.mjvinnovation.com\/es\/#website"},"datePublished":"2022-11-08T20:28:26+00:00","dateModified":"2022-11-08T20:41:45+00:00","breadcrumb":{"@id":"https:\/\/www.mjvinnovation.com\/es\/sostenibilidad\/#breadcrumb"},"inLanguage":"es","potentialAction":[{"@type":"ReadAction","target":["https:\/\/www.mjvinnovation.com\/es\/sostenibilidad\/"]}]},{"@type":"BreadcrumbList","@id":"https:\/\/www.mjvinnovation.com\/es\/sostenibilidad\/#breadcrumb","itemListElement":[{"@type":"ListItem","position":1,"name":"Home","item":"https:\/\/www.mjvinnovation.com\/es\/"},{"@type":"ListItem","position":2,"name":"Sustentabilidade"}]},{"@type":"WebSite","@id":"https:\/\/www.mjvinnovation.com\/es\/#website","url":"https:\/\/www.mjvinnovation.com\/es\/","name":"MJV Technology &amp; Innovation","description":"We are people transforming business","publisher":{"@id":"https:\/\/www.mjvinnovation.com\/es\/#organization"},"potentialAction":[{"@type":"SearchAction","target":{"@type":"EntryPoint","urlTemplate":"https:\/\/www.mjvinnovation.com\/es\/?s={search_term_string}"},"query-input":{"@type":"PropertyValueSpecification","valueRequired":true,"valueName":"search_term_string"}}],"inLanguage":"es"},{"@type":"Organization","@id":"https:\/\/www.mjvinnovation.com\/es\/#organization","name":"MJV Technology and Innovation","url":"https:\/\/www.mjvinnovation.com\/es\/","logo":{"@type":"ImageObject","inLanguage":"es","@id":"https:\/\/www.mjvinnovation.com\/es\/#\/schema\/logo\/image\/","url":"https:\/\/www.mjvinnovation.com\/wp-content\/uploads\/2021\/07\/logo_mjv_favicon.png","contentUrl":"https:\/\/www.mjvinnovation.com\/wp-content\/uploads\/2021\/07\/logo_mjv_favicon.png","width":128,"height":128,"caption":"MJV Technology and Innovation"},"image":{"@id":"https:\/\/www.mjvinnovation.com\/es\/#\/schema\/logo\/image\/"},"sameAs":["https:\/\/www.facebook.com\/mjvinnovation\/","https:\/\/x.com\/MJVinnovation","https:\/\/www.instagram.com\/mjvinnovation\/","https:\/\/www.linkedin.com\/company\/mjv-tech-and-innovation","https:\/\/www.youtube.com\/channel\/UCUlTs06JlXwUd09Jzg9kqDA"]}]}},"_links":{"self":[{"href":"https:\/\/www.mjvinnovation.com\/es\/wp-json\/wp\/v2\/pages\/31228","targetHints":{"allow":["GET"]}}],"collection":[{"href":"https:\/\/www.mjvinnovation.com\/es\/wp-json\/wp\/v2\/pages"}],"about":[{"href":"https:\/\/www.mjvinnovation.com\/es\/wp-json\/wp\/v2\/types\/page"}],"author":[{"embeddable":true,"href":"https:\/\/www.mjvinnovation.com\/es\/wp-json\/wp\/v2\/users\/6"}],"replies":[{"embeddable":true,"href":"https:\/\/www.mjvinnovation.com\/es\/wp-json\/wp\/v2\/comments?post=31228"}],"version-history":[{"count":7,"href":"https:\/\/www.mjvinnovation.com\/es\/wp-json\/wp\/v2\/pages\/31228\/revisions"}],"predecessor-version":[{"id":31550,"href":"https:\/\/www.mjvinnovation.com\/es\/wp-json\/wp\/v2\/pages\/31228\/revisions\/31550"}],"wp:attachment":[{"href":"https:\/\/www.mjvinnovation.com\/es\/wp-json\/wp\/v2\/media?parent=31228"}],"curies":[{"name":"wp","href":"https:\/\/api.w.org\/{rel}","templated":true}]}}