{"id":16571,"date":"2021-07-16T13:57:20","date_gmt":"2021-07-16T16:57:20","guid":{"rendered":"https:\/\/www.mjvinnovation.com\/?page_id=16571"},"modified":"2021-07-16T13:57:22","modified_gmt":"2021-07-16T16:57:22","slug":"terminos-de-uso","status":"publish","type":"page","link":"https:\/\/www.mjvinnovation.com\/es\/terminos-de-uso\/","title":{"rendered":"T\u00e9rminos de Uso"},"content":{"rendered":"\n\t\t\t<section class=\"mjv-banner banner-secondary\" style=\"background-color:#60489d\">\n\n\t\t<div class=\"mjv-banner-container\">\n\t\t<h1 class=\"mjv-banner-title\">T\u00e9rminos de Uso<\/h1>\n\t\t<div class=\"mjv-banner-subtitle\"><\/div>\n\t<\/div>\n<\/section>\n\n<section class=\"mjv-section-container\">\n  <div class=\"only-text mjv-section-content\">\n    <div class=\"container\">\n      <div class=\"container\">\n<div class=\"row\">\n<div class=\"col-12\">\n<div class=\"mjv-postContent-containerText\">\n<div class=\"mjv-postContent-text mjv-pageTerms\">\n<p>MJV Technology &amp; Innovation (\u00abMJV\u00bb o \u00abnosotros\u00bb) proporciona el contenido de este sitio web (\u00abhttp:\/\/mjvinnovation.com\/\u00bb) sujeto a los siguientes t\u00e9rminos y condiciones (los \u00abT\u00e9rminos\u00bb). Es posible que cambiemos los T\u00e9rminos peri\u00f3dicamente, as\u00ed que por favor reviselos de vez en cuando. Al acceder y utilizar este Sitio, usted acepta estos T\u00e9rminos. Para obtener una explicaci\u00f3n de las pr\u00e1cticas y pol\u00edticas de MJV relacionadas con la recopilaci\u00f3n, el uso y el almacenamiento de la informaci\u00f3n de nuestros usuarios, lea nuestra Pol\u00edtica de privacidad.<\/p>\n<h2><b>1. CONTENIDO DEL SITIO WEB Y USOS<\/b><\/h2>\n<p>Todo el contenido y la funcionalidad del Sitio, incluidos texto, gr\u00e1ficos, logotipos, \u00edconos e im\u00e1genes y la selecci\u00f3n y disposici\u00f3n de los mismos (\u00abContenido del sitio\u00bb), son propiedad exclusiva de MJV, sus afiliados o sus licenciatarios y est\u00e1 protegido por las leyes de derechos de autor internacionales. Las marcas comerciales, marcas de servicio, dise\u00f1os y logotipos (colectivamente, las \u00abMarcas comerciales\u00bb) que se muestran en el Sitio son marcas comerciales registradas y no registradas de MJV Technology &amp; Innovation, sus afiliados y sus licenciatarios. Quedan reservados todos los derechos que no hayan sido expresamente otorgados.<\/p>\n<p>Cualquier reproducci\u00f3n o redistribuci\u00f3n del contenido y la funcionalidad del Sitio exhibida en su totalidad o en parte, est\u00e1n expresamente prohibida por la ley y puede resultar en multas penales o civiles. Queda prohibido reproducir, modificar, distribuir, transmitir, publicar o divulgar el Contenido del sitio sin el consentimiento previo por escrito de MJV. Usted acepta que no remitir\u00e1 ni atribuir\u00e1 ning\u00fan Contenido del sitio a MJV ni a sus afiliados o licenciadores en ning\u00fan medio p\u00fablico (por ejemplo, comunicados de prensa, sitios web) con fines publicitarios o promocionales o con el fin de informar o influenciar a terceros, y que no utilizar\u00e1 ni reproducir\u00e1 ninguna marca comercial, ni implicar\u00e1 ninguna\u00a0 aprobaci\u00f3n ni relaci\u00f3n con MJV ni con sus afiliados o licenciadores.<\/p>\n<h2>2.\u00a0<b>AVISO DE INCUMPLIMIENTO<\/b><\/h2>\n<p>MJV proh\u00edbe la publicaci\u00f3n de cualquier contenido que infrinja o viole los derechos de autor y \/ u otros derechos de propiedad intelectual (incluidos los derechos de privacidad y publicidad) de cualquier persona o entidad. Si cree que alg\u00fan contenido del sitio infringe su derecho de propiedad intelectual (o el derecho que usted tiene la obligaci\u00f3n de hacer cumplir), escr\u00edbanos a MJV y presente una declaraci\u00f3n escrita que contenga: (a) identificaci\u00f3n de la obra con derechos de autor y \/ o derechos de propiedad intelectual que en la que se afirme que han sido infringidos; (b) identificaci\u00f3n del material supuestamente infractor en el Sitio que se solicita que se elimine; (c) su nombre, direcci\u00f3n y n\u00famero de tel\u00e9fono para ser contactado durante el d\u00eda y una direcci\u00f3n de correo electr\u00f3nico que se encuentre disponible; (d) una declaraci\u00f3n de que cree de buena fe que el uso de la obra protegida por derechos de autor y \/ o el ejercicio del derecho de propiedad intelectual no est\u00e1 autorizado por el propietario, su agente o por la ley; (e) una declaraci\u00f3n de que la informaci\u00f3n en la notificaci\u00f3n es precisa y, bajo la pena de falso testimonio, que el firmante est\u00e1 autorizado para actuar en nombre del propietario del derecho que presuntamente se ha infringido; y (f) la firma del titular de los derechos de propiedad intelectual o de alguien autorizado en su nombre para la defensa por la violaci\u00f3n de su derecho. MJV eliminar\u00e1 cualquier contenido publicado que viole los derechos de autor u otro derecho de propiedad intelectual de cualquier persona de acuerdo con la ley internacional de derechos de autor.<\/p>\n<h2>\u00a03.\u00a0<b>SITIO WEB DE TERCEROS<\/b><\/h2>\n<p>Podemos proporcionar enlaces a sitios web de terceros, y parte del contenido que parece estar en este Sitio es de hecho suministrado por terceros, por ejemplo, en casos de encuadre de sitios web de terceros o la incorporaci\u00f3n a trav\u00e9s de conjuntos de marcos de contenido suministrado por servidores de terceros. MJV no es responsable de los sitios web de terceros, que se rigen por las condiciones de uso y pol\u00edticas de privacidad de los proveedores de contenidos aplicables de terceros.<\/p>\n<\/div>\n<\/div>\n<\/div>\n<\/div>\n<\/div>\n<div id=\"wpadminbar\" class=\"nojq\"><\/div>\n    <\/div>\n  <\/div>\n<\/section>","protected":false},"excerpt":{"rendered":"","protected":false},"author":6,"featured_media":0,"parent":0,"menu_order":0,"comment_status":"closed","ping_status":"closed","template":"","meta":{"_acf_changed":false,"footnotes":""},"class_list":["post-16571","page","type-page","status-publish","hentry"],"acf":[],"yoast_head":"<!-- This site is optimized with the Yoast SEO plugin v26.0 - https:\/\/yoast.com\/wordpress\/plugins\/seo\/ -->\n<title>T\u00e9rminos de Uso - MJV Technology &amp; Innovation<\/title>\n<meta name=\"robots\" content=\"index, follow, max-snippet:-1, max-image-preview:large, max-video-preview:-1\" \/>\n<link rel=\"canonical\" href=\"https:\/\/www.mjvinnovation.com\/es\/terminos-de-uso\/\" \/>\n<meta property=\"og:locale\" content=\"es_ES\" \/>\n<meta property=\"og:type\" content=\"article\" \/>\n<meta property=\"og:title\" content=\"T\u00e9rminos de Uso - MJV Technology &amp; Innovation\" \/>\n<meta property=\"og:url\" content=\"https:\/\/www.mjvinnovation.com\/es\/terminos-de-uso\/\" \/>\n<meta property=\"og:site_name\" content=\"MJV Technology &amp; Innovation\" \/>\n<meta property=\"article:publisher\" content=\"https:\/\/www.facebook.com\/mjvinnovation\/\" \/>\n<meta property=\"article:modified_time\" content=\"2021-07-16T16:57:22+00:00\" \/>\n<meta name=\"twitter:card\" content=\"summary_large_image\" \/>\n<meta name=\"twitter:site\" content=\"@MJVinnovation\" \/>\n<script type=\"application\/ld+json\" class=\"yoast-schema-graph\">{\"@context\":\"https:\/\/schema.org\",\"@graph\":[{\"@type\":\"WebPage\",\"@id\":\"https:\/\/www.mjvinnovation.com\/es\/terminos-de-uso\/\",\"url\":\"https:\/\/www.mjvinnovation.com\/es\/terminos-de-uso\/\",\"name\":\"T\u00e9rminos de Uso - MJV Technology &amp; Innovation\",\"isPartOf\":{\"@id\":\"https:\/\/www.mjvinnovation.com\/es\/#website\"},\"datePublished\":\"2021-07-16T16:57:20+00:00\",\"dateModified\":\"2021-07-16T16:57:22+00:00\",\"breadcrumb\":{\"@id\":\"https:\/\/www.mjvinnovation.com\/es\/terminos-de-uso\/#breadcrumb\"},\"inLanguage\":\"es\",\"potentialAction\":[{\"@type\":\"ReadAction\",\"target\":[\"https:\/\/www.mjvinnovation.com\/es\/terminos-de-uso\/\"]}]},{\"@type\":\"BreadcrumbList\",\"@id\":\"https:\/\/www.mjvinnovation.com\/es\/terminos-de-uso\/#breadcrumb\",\"itemListElement\":[{\"@type\":\"ListItem\",\"position\":1,\"name\":\"Home\",\"item\":\"https:\/\/www.mjvinnovation.com\/es\/\"},{\"@type\":\"ListItem\",\"position\":2,\"name\":\"T\u00e9rminos de Uso\"}]},{\"@type\":\"WebSite\",\"@id\":\"https:\/\/www.mjvinnovation.com\/es\/#website\",\"url\":\"https:\/\/www.mjvinnovation.com\/es\/\",\"name\":\"MJV Technology &amp; Innovation\",\"description\":\"We are people transforming business\",\"publisher\":{\"@id\":\"https:\/\/www.mjvinnovation.com\/es\/#organization\"},\"potentialAction\":[{\"@type\":\"SearchAction\",\"target\":{\"@type\":\"EntryPoint\",\"urlTemplate\":\"https:\/\/www.mjvinnovation.com\/es\/?s={search_term_string}\"},\"query-input\":{\"@type\":\"PropertyValueSpecification\",\"valueRequired\":true,\"valueName\":\"search_term_string\"}}],\"inLanguage\":\"es\"},{\"@type\":\"Organization\",\"@id\":\"https:\/\/www.mjvinnovation.com\/es\/#organization\",\"name\":\"MJV Technology and Innovation\",\"url\":\"https:\/\/www.mjvinnovation.com\/es\/\",\"logo\":{\"@type\":\"ImageObject\",\"inLanguage\":\"es\",\"@id\":\"https:\/\/www.mjvinnovation.com\/es\/#\/schema\/logo\/image\/\",\"url\":\"https:\/\/www.mjvinnovation.com\/wp-content\/uploads\/2021\/07\/logo_mjv_favicon.png\",\"contentUrl\":\"https:\/\/www.mjvinnovation.com\/wp-content\/uploads\/2021\/07\/logo_mjv_favicon.png\",\"width\":128,\"height\":128,\"caption\":\"MJV Technology and Innovation\"},\"image\":{\"@id\":\"https:\/\/www.mjvinnovation.com\/es\/#\/schema\/logo\/image\/\"},\"sameAs\":[\"https:\/\/www.facebook.com\/mjvinnovation\/\",\"https:\/\/x.com\/MJVinnovation\",\"https:\/\/www.instagram.com\/mjvinnovation\/\",\"https:\/\/www.linkedin.com\/company\/mjv-tech-and-innovation\",\"https:\/\/www.youtube.com\/channel\/UCUlTs06JlXwUd09Jzg9kqDA\"]}]}<\/script>\n<!-- \/ Yoast SEO plugin. -->","yoast_head_json":{"title":"T\u00e9rminos de Uso - MJV Technology &amp; Innovation","robots":{"index":"index","follow":"follow","max-snippet":"max-snippet:-1","max-image-preview":"max-image-preview:large","max-video-preview":"max-video-preview:-1"},"canonical":"https:\/\/www.mjvinnovation.com\/es\/terminos-de-uso\/","og_locale":"es_ES","og_type":"article","og_title":"T\u00e9rminos de Uso - MJV Technology &amp; Innovation","og_url":"https:\/\/www.mjvinnovation.com\/es\/terminos-de-uso\/","og_site_name":"MJV Technology &amp; Innovation","article_publisher":"https:\/\/www.facebook.com\/mjvinnovation\/","article_modified_time":"2021-07-16T16:57:22+00:00","twitter_card":"summary_large_image","twitter_site":"@MJVinnovation","schema":{"@context":"https:\/\/schema.org","@graph":[{"@type":"WebPage","@id":"https:\/\/www.mjvinnovation.com\/es\/terminos-de-uso\/","url":"https:\/\/www.mjvinnovation.com\/es\/terminos-de-uso\/","name":"T\u00e9rminos de Uso - MJV Technology &amp; Innovation","isPartOf":{"@id":"https:\/\/www.mjvinnovation.com\/es\/#website"},"datePublished":"2021-07-16T16:57:20+00:00","dateModified":"2021-07-16T16:57:22+00:00","breadcrumb":{"@id":"https:\/\/www.mjvinnovation.com\/es\/terminos-de-uso\/#breadcrumb"},"inLanguage":"es","potentialAction":[{"@type":"ReadAction","target":["https:\/\/www.mjvinnovation.com\/es\/terminos-de-uso\/"]}]},{"@type":"BreadcrumbList","@id":"https:\/\/www.mjvinnovation.com\/es\/terminos-de-uso\/#breadcrumb","itemListElement":[{"@type":"ListItem","position":1,"name":"Home","item":"https:\/\/www.mjvinnovation.com\/es\/"},{"@type":"ListItem","position":2,"name":"T\u00e9rminos de Uso"}]},{"@type":"WebSite","@id":"https:\/\/www.mjvinnovation.com\/es\/#website","url":"https:\/\/www.mjvinnovation.com\/es\/","name":"MJV Technology &amp; Innovation","description":"We are people transforming business","publisher":{"@id":"https:\/\/www.mjvinnovation.com\/es\/#organization"},"potentialAction":[{"@type":"SearchAction","target":{"@type":"EntryPoint","urlTemplate":"https:\/\/www.mjvinnovation.com\/es\/?s={search_term_string}"},"query-input":{"@type":"PropertyValueSpecification","valueRequired":true,"valueName":"search_term_string"}}],"inLanguage":"es"},{"@type":"Organization","@id":"https:\/\/www.mjvinnovation.com\/es\/#organization","name":"MJV Technology and Innovation","url":"https:\/\/www.mjvinnovation.com\/es\/","logo":{"@type":"ImageObject","inLanguage":"es","@id":"https:\/\/www.mjvinnovation.com\/es\/#\/schema\/logo\/image\/","url":"https:\/\/www.mjvinnovation.com\/wp-content\/uploads\/2021\/07\/logo_mjv_favicon.png","contentUrl":"https:\/\/www.mjvinnovation.com\/wp-content\/uploads\/2021\/07\/logo_mjv_favicon.png","width":128,"height":128,"caption":"MJV Technology and Innovation"},"image":{"@id":"https:\/\/www.mjvinnovation.com\/es\/#\/schema\/logo\/image\/"},"sameAs":["https:\/\/www.facebook.com\/mjvinnovation\/","https:\/\/x.com\/MJVinnovation","https:\/\/www.instagram.com\/mjvinnovation\/","https:\/\/www.linkedin.com\/company\/mjv-tech-and-innovation","https:\/\/www.youtube.com\/channel\/UCUlTs06JlXwUd09Jzg9kqDA"]}]}},"_links":{"self":[{"href":"https:\/\/www.mjvinnovation.com\/es\/wp-json\/wp\/v2\/pages\/16571","targetHints":{"allow":["GET"]}}],"collection":[{"href":"https:\/\/www.mjvinnovation.com\/es\/wp-json\/wp\/v2\/pages"}],"about":[{"href":"https:\/\/www.mjvinnovation.com\/es\/wp-json\/wp\/v2\/types\/page"}],"author":[{"embeddable":true,"href":"https:\/\/www.mjvinnovation.com\/es\/wp-json\/wp\/v2\/users\/6"}],"replies":[{"embeddable":true,"href":"https:\/\/www.mjvinnovation.com\/es\/wp-json\/wp\/v2\/comments?post=16571"}],"version-history":[{"count":2,"href":"https:\/\/www.mjvinnovation.com\/es\/wp-json\/wp\/v2\/pages\/16571\/revisions"}],"predecessor-version":[{"id":16573,"href":"https:\/\/www.mjvinnovation.com\/es\/wp-json\/wp\/v2\/pages\/16571\/revisions\/16573"}],"wp:attachment":[{"href":"https:\/\/www.mjvinnovation.com\/es\/wp-json\/wp\/v2\/media?parent=16571"}],"curies":[{"name":"wp","href":"https:\/\/api.w.org\/{rel}","templated":true}]}}