{"id":16543,"date":"2021-07-15T16:06:11","date_gmt":"2021-07-15T19:06:11","guid":{"rendered":"https:\/\/www.mjvinnovation.com\/?page_id=16543"},"modified":"2022-04-08T16:06:47","modified_gmt":"2022-04-08T19:06:47","slug":"politica-de-privacidad","status":"publish","type":"page","link":"https:\/\/www.mjvinnovation.com\/es\/politica-de-privacidad\/","title":{"rendered":"Pol\u00edtica de Privacidad"},"content":{"rendered":"\n\t\t\t<section class=\"mjv-banner banner-secondary\" style=\"background-color:#60489d\">\n\n\t\t<div class=\"mjv-banner-container\">\n\t\t<h1 class=\"mjv-banner-title\">Pol\u00edtica de Privacidad<\/h1>\n\t\t<div class=\"mjv-banner-subtitle\"><\/div>\n\t<\/div>\n<\/section>\n\n<section class=\"mjv-section-container\">\n  <div class=\"only-text mjv-section-content\">\n    <div class=\"container\">\n      <p>Nosotros, en MJV Technology &amp; Innovation, trabajamos para proteger su privacidad, de acuerdo con las leyes de protecci\u00f3n m\u00e1s actualizadas. El prop\u00f3sito principal de la recopilaci\u00f3n de datos personales a trav\u00e9s del sitio web (www.mjvinnovation.com) es por razones de marketing y ventas. Por separado, recopilamos datos personales para la seguridad y el mantenimiento del sitio web. Esta Pol\u00edtica de privacidad tambi\u00e9n se basa en la forma en que MJV Technology &amp; Innovation procesa y utiliza los datos personales a trav\u00e9s del sitio web.<br \/>\n<br \/>\n<b>LA INFORMACI\u00d3N QUE REUNIMOS<\/b><b><br \/>\n<\/b><br \/>\nEn l\u00edneas generales, solo recopilamos informaci\u00f3n cuando es registrada en nuestro blog o son completados los formularios de nuestro sitio web o cuando lo permiten nuestras cookies en su navegador. Las cookies se recopilan de forma an\u00f3nima y se utilizan para mejorar la experiencia de navegaci\u00f3n en el sitio, con informaci\u00f3n como las p\u00e1ginas visitadas, el momento de la visita y similares.<\/p>\n<p><b>\u00bfC\u00d3MO UTILIZAMOS LA INFORMACI\u00d3N?<\/b><\/p>\n<p>Guardamos su informaci\u00f3n para procesar las solicitudes que realiza a trav\u00e9s de los formularios de nuestro sitio web y para enviar correos electr\u00f3nicos con regularidad sobre informaci\u00f3n general de marketing digital, servicios, contenido exclusivo, eventos y otros m\u00e1s. Puede ejercer el derecho de suspender la comunicaci\u00f3n de marketing contact\u00e1ndonos a\u00a0<a href=\"mailto:marketing@mjvinnovation.com\">marketing@mjvinnovation.com<\/a><\/p>\n<p><b>\u00bfC\u00d3MO PROTEJEMOS SU INFORMACI\u00d3N Y PRIVACIDAD?<\/b><b><br \/>\n<\/b><b><br \/>\n<\/b>Se han implementado m\u00e1s medidas de seguridad en nuestro sitio web y servidores para mantener la seguridad de los datos cuando ingresa, env\u00eda o accede a su informaci\u00f3n personal.<\/p>\n<p>Como todas las compa\u00f1\u00edas globales, MJV Technology &amp; Innovation utiliza la tecnolog\u00eda de base de datos de gesti\u00f3n de relaciones con clientes (CRM) para administrar y rastrear nuestros esfuerzos de marketing y ventas. Nuestras bases de datos de CRM incluyen datos personales que pertenecen a individuos que nos dieron un consentimiento expl\u00edcito para establecer una comunicaci\u00f3n o una relaci\u00f3n. Los datos personales utilizados con este prop\u00f3sito incluyen informaci\u00f3n comercial relevante, como: datos de contacto, informaci\u00f3n disponible p\u00fablicamente (por ejemplo, miembros del consejo de administraci\u00f3n, sus respuestas a correos electr\u00f3nicos espec\u00edficos, actividad en la web siguiendo los enlaces de nuestros correos electr\u00f3nicos), actividad en el sitio web de usuarios registrados de nuestro sitio web y otra informaci\u00f3n comercial incluida por nuestros profesionales en funci\u00f3n de sus interacciones personales con usted.<\/p>\n<p>Podemos combinar datos de fuentes disponibles p\u00fablicamente (como LinkedIn) y an\u00e1lisis de calidad de nuestros profesionales, basados \u200b\u200ben la comunicaci\u00f3n de nuestro sitio web, correos electr\u00f3nicos informativos e interacciones personales con usted; esto tambi\u00e9n incluye informaci\u00f3n recopilada en las secciones como \u201cCarreras profesionales\u201d y \u201cCont\u00e1ctenos\u201d de nuestro sitio web. Combinamos estos datos para evaluar mejor su experiencia con MJV Technology &amp; Innovation para realizar las otras actividades descriptas en nuestra pol\u00edtica de privacidad.<\/p>\n<p>Le informamos que sus datos no ser\u00e1n vendidos, intercambiados o entregados a ninguna otra compa\u00f1\u00eda. La \u00fanica excepci\u00f3n a esta cl\u00e1usula ser\u00e1 cuando impida que MJV Technology &amp; Innovation cumpla con una solicitud realizada exclusivamente por usted. Tambi\u00e9n puede solicitar que eliminemos su informaci\u00f3n de nuestra base de datos de CRM en cualquier momento poni\u00e9ndose en contacto con nosotros a trav\u00e9s del siguiente correo electr\u00f3nico:\u00a0<a href=\"mailto:marketing@mjvinnovation.com\">marketing@mjvinnovation.com<\/a><\/p>\n<p><b>CONSENTIMIENTO<\/b><b><br \/>\n<\/b><b><br \/>\n<\/b>Cuando usted ingresa a\u00a0<a href=\"https:\/\/www.mjvinnovation.com\/\">www.mjvinnovation.com<\/a>\u00a0usted acepta las pr\u00e1cticas de recopilaci\u00f3n y uso de datos descriptos en esta declaraci\u00f3n de privacidad. Puede encontrar nuestra pol\u00edtica de privacidad online cerca de nuestros formularios. Al completar cualquier formulario en www.mjvinnovation.com significa que usted est\u00e1 expresamente de acuerdo con todos los t\u00e9rminos descritos anteriormente. En caso que no concuerde con las pr\u00e1cticas mencionadas en esta Pol\u00edtica de privacidad, le recomendamos que no utilice nuestro sitio web ni se registre para recibir nuestra informaci\u00f3n.<\/p>\n<p>En caso de que tenga m\u00e1s preguntas sobre nuestra Pol\u00edtica de privacidad o sobre c\u00f3mo administramos los datos que nos proporciona, env\u00edenos un correo electr\u00f3nico a\u00a0<a href=\"mailto:marketing@mjvinnovation.com\">marketing@mjvinnovation.com<\/a><\/p>\n    <\/div>\n  <\/div>\n<\/section>","protected":false},"excerpt":{"rendered":"","protected":false},"author":6,"featured_media":0,"parent":0,"menu_order":0,"comment_status":"closed","ping_status":"open","template":"","meta":{"_acf_changed":false,"footnotes":""},"class_list":["post-16543","page","type-page","status-publish","hentry"],"acf":[],"yoast_head":"<!-- This site is optimized with the Yoast SEO plugin v26.0 - https:\/\/yoast.com\/wordpress\/plugins\/seo\/ -->\n<title>Pol\u00edtica de Privacidad - MJV Technology &amp; Innovation<\/title>\n<meta name=\"robots\" content=\"index, follow, max-snippet:-1, max-image-preview:large, max-video-preview:-1\" \/>\n<link rel=\"canonical\" href=\"https:\/\/www.mjvinnovation.com\/es\/politica-de-privacidad\/\" \/>\n<meta property=\"og:locale\" content=\"es_ES\" \/>\n<meta property=\"og:type\" content=\"article\" \/>\n<meta property=\"og:title\" content=\"Pol\u00edtica de Privacidad - MJV Technology &amp; Innovation\" \/>\n<meta property=\"og:url\" content=\"https:\/\/www.mjvinnovation.com\/es\/politica-de-privacidad\/\" \/>\n<meta property=\"og:site_name\" content=\"MJV Technology &amp; Innovation\" \/>\n<meta property=\"article:publisher\" content=\"https:\/\/www.facebook.com\/mjvinnovation\/\" \/>\n<meta property=\"article:modified_time\" content=\"2022-04-08T19:06:47+00:00\" \/>\n<meta name=\"twitter:card\" content=\"summary_large_image\" \/>\n<meta name=\"twitter:site\" content=\"@MJVinnovation\" \/>\n<script type=\"application\/ld+json\" class=\"yoast-schema-graph\">{\"@context\":\"https:\/\/schema.org\",\"@graph\":[{\"@type\":\"WebPage\",\"@id\":\"https:\/\/www.mjvinnovation.com\/es\/politica-de-privacidad\/\",\"url\":\"https:\/\/www.mjvinnovation.com\/es\/politica-de-privacidad\/\",\"name\":\"Pol\u00edtica de Privacidad - MJV Technology &amp; Innovation\",\"isPartOf\":{\"@id\":\"https:\/\/www.mjvinnovation.com\/es\/#website\"},\"datePublished\":\"2021-07-15T19:06:11+00:00\",\"dateModified\":\"2022-04-08T19:06:47+00:00\",\"breadcrumb\":{\"@id\":\"https:\/\/www.mjvinnovation.com\/es\/politica-de-privacidad\/#breadcrumb\"},\"inLanguage\":\"es\",\"potentialAction\":[{\"@type\":\"ReadAction\",\"target\":[\"https:\/\/www.mjvinnovation.com\/es\/politica-de-privacidad\/\"]}]},{\"@type\":\"BreadcrumbList\",\"@id\":\"https:\/\/www.mjvinnovation.com\/es\/politica-de-privacidad\/#breadcrumb\",\"itemListElement\":[{\"@type\":\"ListItem\",\"position\":1,\"name\":\"Home\",\"item\":\"https:\/\/www.mjvinnovation.com\/es\/\"},{\"@type\":\"ListItem\",\"position\":2,\"name\":\"Pol\u00edtica de Privacidad\"}]},{\"@type\":\"WebSite\",\"@id\":\"https:\/\/www.mjvinnovation.com\/es\/#website\",\"url\":\"https:\/\/www.mjvinnovation.com\/es\/\",\"name\":\"MJV Technology &amp; Innovation\",\"description\":\"We are people transforming business\",\"publisher\":{\"@id\":\"https:\/\/www.mjvinnovation.com\/es\/#organization\"},\"potentialAction\":[{\"@type\":\"SearchAction\",\"target\":{\"@type\":\"EntryPoint\",\"urlTemplate\":\"https:\/\/www.mjvinnovation.com\/es\/?s={search_term_string}\"},\"query-input\":{\"@type\":\"PropertyValueSpecification\",\"valueRequired\":true,\"valueName\":\"search_term_string\"}}],\"inLanguage\":\"es\"},{\"@type\":\"Organization\",\"@id\":\"https:\/\/www.mjvinnovation.com\/es\/#organization\",\"name\":\"MJV Technology and Innovation\",\"url\":\"https:\/\/www.mjvinnovation.com\/es\/\",\"logo\":{\"@type\":\"ImageObject\",\"inLanguage\":\"es\",\"@id\":\"https:\/\/www.mjvinnovation.com\/es\/#\/schema\/logo\/image\/\",\"url\":\"https:\/\/www.mjvinnovation.com\/wp-content\/uploads\/2021\/07\/logo_mjv_favicon.png\",\"contentUrl\":\"https:\/\/www.mjvinnovation.com\/wp-content\/uploads\/2021\/07\/logo_mjv_favicon.png\",\"width\":128,\"height\":128,\"caption\":\"MJV Technology and Innovation\"},\"image\":{\"@id\":\"https:\/\/www.mjvinnovation.com\/es\/#\/schema\/logo\/image\/\"},\"sameAs\":[\"https:\/\/www.facebook.com\/mjvinnovation\/\",\"https:\/\/x.com\/MJVinnovation\",\"https:\/\/www.instagram.com\/mjvinnovation\/\",\"https:\/\/www.linkedin.com\/company\/mjv-tech-and-innovation\",\"https:\/\/www.youtube.com\/channel\/UCUlTs06JlXwUd09Jzg9kqDA\"]}]}<\/script>\n<!-- \/ Yoast SEO plugin. -->","yoast_head_json":{"title":"Pol\u00edtica de Privacidad - MJV Technology &amp; Innovation","robots":{"index":"index","follow":"follow","max-snippet":"max-snippet:-1","max-image-preview":"max-image-preview:large","max-video-preview":"max-video-preview:-1"},"canonical":"https:\/\/www.mjvinnovation.com\/es\/politica-de-privacidad\/","og_locale":"es_ES","og_type":"article","og_title":"Pol\u00edtica de Privacidad - MJV Technology &amp; Innovation","og_url":"https:\/\/www.mjvinnovation.com\/es\/politica-de-privacidad\/","og_site_name":"MJV Technology &amp; Innovation","article_publisher":"https:\/\/www.facebook.com\/mjvinnovation\/","article_modified_time":"2022-04-08T19:06:47+00:00","twitter_card":"summary_large_image","twitter_site":"@MJVinnovation","schema":{"@context":"https:\/\/schema.org","@graph":[{"@type":"WebPage","@id":"https:\/\/www.mjvinnovation.com\/es\/politica-de-privacidad\/","url":"https:\/\/www.mjvinnovation.com\/es\/politica-de-privacidad\/","name":"Pol\u00edtica de Privacidad - MJV Technology &amp; Innovation","isPartOf":{"@id":"https:\/\/www.mjvinnovation.com\/es\/#website"},"datePublished":"2021-07-15T19:06:11+00:00","dateModified":"2022-04-08T19:06:47+00:00","breadcrumb":{"@id":"https:\/\/www.mjvinnovation.com\/es\/politica-de-privacidad\/#breadcrumb"},"inLanguage":"es","potentialAction":[{"@type":"ReadAction","target":["https:\/\/www.mjvinnovation.com\/es\/politica-de-privacidad\/"]}]},{"@type":"BreadcrumbList","@id":"https:\/\/www.mjvinnovation.com\/es\/politica-de-privacidad\/#breadcrumb","itemListElement":[{"@type":"ListItem","position":1,"name":"Home","item":"https:\/\/www.mjvinnovation.com\/es\/"},{"@type":"ListItem","position":2,"name":"Pol\u00edtica de Privacidad"}]},{"@type":"WebSite","@id":"https:\/\/www.mjvinnovation.com\/es\/#website","url":"https:\/\/www.mjvinnovation.com\/es\/","name":"MJV Technology &amp; Innovation","description":"We are people transforming business","publisher":{"@id":"https:\/\/www.mjvinnovation.com\/es\/#organization"},"potentialAction":[{"@type":"SearchAction","target":{"@type":"EntryPoint","urlTemplate":"https:\/\/www.mjvinnovation.com\/es\/?s={search_term_string}"},"query-input":{"@type":"PropertyValueSpecification","valueRequired":true,"valueName":"search_term_string"}}],"inLanguage":"es"},{"@type":"Organization","@id":"https:\/\/www.mjvinnovation.com\/es\/#organization","name":"MJV Technology and Innovation","url":"https:\/\/www.mjvinnovation.com\/es\/","logo":{"@type":"ImageObject","inLanguage":"es","@id":"https:\/\/www.mjvinnovation.com\/es\/#\/schema\/logo\/image\/","url":"https:\/\/www.mjvinnovation.com\/wp-content\/uploads\/2021\/07\/logo_mjv_favicon.png","contentUrl":"https:\/\/www.mjvinnovation.com\/wp-content\/uploads\/2021\/07\/logo_mjv_favicon.png","width":128,"height":128,"caption":"MJV Technology and Innovation"},"image":{"@id":"https:\/\/www.mjvinnovation.com\/es\/#\/schema\/logo\/image\/"},"sameAs":["https:\/\/www.facebook.com\/mjvinnovation\/","https:\/\/x.com\/MJVinnovation","https:\/\/www.instagram.com\/mjvinnovation\/","https:\/\/www.linkedin.com\/company\/mjv-tech-and-innovation","https:\/\/www.youtube.com\/channel\/UCUlTs06JlXwUd09Jzg9kqDA"]}]}},"_links":{"self":[{"href":"https:\/\/www.mjvinnovation.com\/es\/wp-json\/wp\/v2\/pages\/16543","targetHints":{"allow":["GET"]}}],"collection":[{"href":"https:\/\/www.mjvinnovation.com\/es\/wp-json\/wp\/v2\/pages"}],"about":[{"href":"https:\/\/www.mjvinnovation.com\/es\/wp-json\/wp\/v2\/types\/page"}],"author":[{"embeddable":true,"href":"https:\/\/www.mjvinnovation.com\/es\/wp-json\/wp\/v2\/users\/6"}],"replies":[{"embeddable":true,"href":"https:\/\/www.mjvinnovation.com\/es\/wp-json\/wp\/v2\/comments?post=16543"}],"version-history":[{"count":3,"href":"https:\/\/www.mjvinnovation.com\/es\/wp-json\/wp\/v2\/pages\/16543\/revisions"}],"predecessor-version":[{"id":24524,"href":"https:\/\/www.mjvinnovation.com\/es\/wp-json\/wp\/v2\/pages\/16543\/revisions\/24524"}],"wp:attachment":[{"href":"https:\/\/www.mjvinnovation.com\/es\/wp-json\/wp\/v2\/media?parent=16543"}],"curies":[{"name":"wp","href":"https:\/\/api.w.org\/{rel}","templated":true}]}}